{"id":48850,"date":"2023-09-21T09:08:13","date_gmt":"2023-09-21T08:08:13","guid":{"rendered":"https:\/\/urbex.direct\/?post_type=product&#038;p=48850"},"modified":"2024-06-20T08:53:18","modified_gmt":"2024-06-20T07:53:18","slug":"mapa-de-situacion-essonne-91-francia","status":"publish","type":"product","link":"https:\/\/urbex.direct\/es\/product\/location-map-essonne-91-france\/","title":{"rendered":"Mapa Urbex Francia, \u00cele-de-France: Essonne (91) (1 a\u00f1o de acceso)"},"content":{"rendered":"<div class=\"ql-block\" data-block-id=\"block-a01928d9-6766-401c-b88c-53e7fc62ff67\">Este mapa contiene los siguientes lugares:<\/div>\n<div data-block-id=\"block-a01928d9-6766-401c-b88c-53e7fc62ff67\"><\/div>\n<div class=\"ql-block\" data-block-id=\"block-95c59a9f-caf1-489c-8f6a-b5d531e2b0fa\"><ul><li>Casa Norman<\/li><li>Estaci\u00f3n de Pompage<\/li><li>Oficinas de Libertades<\/li><li>Usine JK<\/li><li>Hospital CB<\/li><li>Maxi morgue<\/li><li>HippoDr\u00f4me<\/li><li>Casa Alphonse Daudet<\/li><li>Manoir H\u00e9l\u00e8ne<\/li><li>Chateau Barbusse<\/li><li>Castillo de Chat Mort<\/li><li>Gare Atrigo \/ Gare Wissous<\/li><li>Piscine Abandonn\u00e9e<\/li><li>Matadero<\/li><li>Parrilla perdida<\/li><li>Centro d&#039;art\u00edstico<\/li><li>Circo V \/ Escuela de circo<\/li><li>Manoir Trois Colonnes<\/li><li>Castillo Foss\u00e9<\/li><li>Chateau \u00e0 L&#039;horloge<\/li><li>Castillo Hitler<\/li><li>Zoo du G\u00e9n\u00e9ral<\/li><li>Orphelinat Futuro<\/li><li>Villa Barby<\/li><li>Franc etoupes<\/li><li>Chateau \u00e9toupes<\/li><li>Villa voisine<\/li><li>Usine Sistema X<\/li><li>Villa Ongaria<\/li><li>Monasterio de Moine<\/li><li>Morgue Dead \/ Morgue Braindead \/ Morgue mort c\u00e9r\u00e9brale<\/li><li>Ch\u00e2teau Malfrat \/ Ch\u00e2teau au buste rouge<\/li><li>Centre a\u00e9r\u00e9<\/li><li>Villa tour de contr\u00f4le<\/li><li>Enfance de GIF<\/li><li>Maison des marais<\/li><li>Manoir Casanova<\/li><li>Petit Pavillon<\/li><li>Casa Champion<\/li><li>Escudos de barcos fluviales<\/li><li>Gare Perdue ES<\/li><\/ul><\/div>","protected":false},"excerpt":{"rendered":"<p>Este mapa urbex le ofrece todos los lugares de exploraci\u00f3n urbana (urbex) en<strong> Francia, <\/strong><strong>\u00cele-de-France<\/strong><strong>: Essonne (91).<\/strong> Este mapa de lugares perdidos permanecer\u00e1 actualizado y accesible durante al menos 365 d\u00edas despu\u00e9s de la compra.<\/p>\n<p>Este mapa cuenta actualmente con 41 de los lugares de exploraci\u00f3n urbana m\u00e1s singulares de Francia, \u00cele-de-France: Essonne (91) y es accesible desde cualquier lugar con nuestro mapa f\u00e1cil de usar<strong>.<\/strong><\/p>\n<p><strong>Si ya tiene este paquete, puede acceder a \u00e9l a trav\u00e9s de <a href=\"\/es\/mi-cuenta-2\/area-de-miembros\/43905\/mi-contenido-de-afiliacion\/\">Mis mapas &gt; Ver.<\/a><\/strong><\/p>\n<p><a href=\"#tab-description\">Lista de todas las ubicaciones de Urbex en este mapa.<\/a><\/p>","protected":false},"featured_media":49147,"template":"","meta":[],"product_brand":[],"product_cat":[1061,226,233,322,1135,1343],"product_tag":[],"class_list":{"0":"post-48850","1":"product","2":"type-product","3":"status-publish","4":"has-post-thumbnail","6":"product_cat-essonne-91","7":"product_cat-france","8":"product_cat-ile-de-france","9":"product_cat-location-packs","10":"product_cat-maps-france","11":"product_cat-maps-ile-de-france","13":"first","14":"instock","15":"virtual","16":"taxable","17":"purchasable","18":"product-type-simple"},"jetpack_sharing_enabled":true,"_links":{"self":[{"href":"https:\/\/urbex.direct\/es\/wp-json\/wp\/v2\/product\/48850","targetHints":{"allow":["GET"]}}],"collection":[{"href":"https:\/\/urbex.direct\/es\/wp-json\/wp\/v2\/product"}],"about":[{"href":"https:\/\/urbex.direct\/es\/wp-json\/wp\/v2\/types\/product"}],"wp:featuredmedia":[{"embeddable":true,"href":"https:\/\/urbex.direct\/es\/wp-json\/wp\/v2\/media\/49147"}],"wp:attachment":[{"href":"https:\/\/urbex.direct\/es\/wp-json\/wp\/v2\/media?parent=48850"}],"wp:term":[{"taxonomy":"product_brand","embeddable":true,"href":"https:\/\/urbex.direct\/es\/wp-json\/wp\/v2\/product_brand?post=48850"},{"taxonomy":"product_cat","embeddable":true,"href":"https:\/\/urbex.direct\/es\/wp-json\/wp\/v2\/product_cat?post=48850"},{"taxonomy":"product_tag","embeddable":true,"href":"https:\/\/urbex.direct\/es\/wp-json\/wp\/v2\/product_tag?post=48850"}],"curies":[{"name":"wp","href":"https:\/\/api.w.org\/{rel}","templated":true}]}}