{"id":48849,"date":"2023-09-21T09:07:34","date_gmt":"2023-09-21T08:07:34","guid":{"rendered":"https:\/\/urbex.direct\/?post_type=product&#038;p=48849"},"modified":"2024-06-20T08:52:27","modified_gmt":"2024-06-20T07:52:27","slug":"mapa-de-situacion-somme-80-francia","status":"publish","type":"product","link":"https:\/\/urbex.direct\/es\/product\/location-map-somme-80-france\/","title":{"rendered":"Mapa Urbex Francia, Hauts-de-France: Somme (80) (1 a\u00f1o de acceso)"},"content":{"rendered":"<p>Este mapa contiene los siguientes lugares:<\/p>\n<ul><li>Usine Amay<\/li><li>Maison Arlette \/ Chez Artlette<\/li><li>Ferme Montiers<\/li><li>Manoir Malediction<\/li><li>Ferme Philo<\/li><li>Villa de la Plage<\/li><li>Ch\u00e2teau Sanglier \/ Castillo del Jabal\u00ed<\/li><li>Castillo de la Biche<\/li><li>Manoir Orland<\/li><li>Ch\u00e2teau Martin P\u00eacheur<\/li><li>Chateau Colo<\/li><li>Usine Coop<\/li><li>Sucrerie B<\/li><li>Usine Feuille de Trefle<\/li><li>Escuela B<\/li><li>Usine DP<\/li><li>La Maison Effeuillage \/ La Habitaci\u00f3n<\/li><li>Concesi\u00f3n SAAB<\/li><li>Eglise de l'Alien (Ony con permiso)<\/li><li>Maison Damier<\/li><li>La Maison du Renard<\/li><li>Manoir Scolaire \/ Manoir Fire<\/li><li>Casa Valines<\/li><li>Piscina Tournesol 8<\/li><li>Playa de Usine<\/li><\/ul>","protected":false},"excerpt":{"rendered":"<p>Este mapa urbex le ofrece todos los lugares de exploraci\u00f3n urbana (urbex) en<strong> Francia, <\/strong><strong>Hauts-de-France<\/strong><strong>: Somme (80).<\/strong> Este mapa de lugares perdidos permanecer\u00e1 actualizado y accesible durante al menos 365 d\u00edas despu\u00e9s de la compra.<\/p>\n<p>Este mapa cuenta actualmente con 25 de los lugares de exploraci\u00f3n urbana m\u00e1s singulares de Francia, Hauts-de-France: Somme (80) y es accesible desde cualquier lugar con nuestro mapa f\u00e1cil de usar<strong>.<\/strong><\/p>\n<p><strong>Si ya tiene este paquete, puede acceder a \u00e9l a trav\u00e9s de <a href=\"\/es\/mi-cuenta-2\/area-de-miembros\/43905\/mi-contenido-de-afiliacion\/\">Mis mapas &gt; Ver.<\/a><\/strong><\/p>\n<p><a href=\"#tab-description\">Lista de todas las ubicaciones de Urbex en este mapa.<\/a><\/p>","protected":false},"featured_media":49113,"template":"","meta":[],"product_brand":[],"product_cat":[226,232,322,1135,1342,1057],"product_tag":[],"class_list":{"0":"post-48849","1":"product","2":"type-product","3":"status-publish","4":"has-post-thumbnail","6":"product_cat-france","7":"product_cat-hauts-de-france","8":"product_cat-location-packs","9":"product_cat-maps-france","10":"product_cat-maps-hauts-de-france","11":"product_cat-somme-80","13":"first","14":"instock","15":"virtual","16":"taxable","17":"purchasable","18":"product-type-simple"},"jetpack_sharing_enabled":true,"_links":{"self":[{"href":"https:\/\/urbex.direct\/es\/wp-json\/wp\/v2\/product\/48849","targetHints":{"allow":["GET"]}}],"collection":[{"href":"https:\/\/urbex.direct\/es\/wp-json\/wp\/v2\/product"}],"about":[{"href":"https:\/\/urbex.direct\/es\/wp-json\/wp\/v2\/types\/product"}],"wp:featuredmedia":[{"embeddable":true,"href":"https:\/\/urbex.direct\/es\/wp-json\/wp\/v2\/media\/49113"}],"wp:attachment":[{"href":"https:\/\/urbex.direct\/es\/wp-json\/wp\/v2\/media?parent=48849"}],"wp:term":[{"taxonomy":"product_brand","embeddable":true,"href":"https:\/\/urbex.direct\/es\/wp-json\/wp\/v2\/product_brand?post=48849"},{"taxonomy":"product_cat","embeddable":true,"href":"https:\/\/urbex.direct\/es\/wp-json\/wp\/v2\/product_cat?post=48849"},{"taxonomy":"product_tag","embeddable":true,"href":"https:\/\/urbex.direct\/es\/wp-json\/wp\/v2\/product_tag?post=48849"}],"curies":[{"name":"wp","href":"https:\/\/api.w.org\/{rel}","templated":true}]}}