{"id":48848,"date":"2023-09-21T09:06:45","date_gmt":"2023-09-21T08:06:45","guid":{"rendered":"https:\/\/urbex.direct\/?post_type=product&#038;p=48848"},"modified":"2024-06-20T08:52:19","modified_gmt":"2024-06-20T07:52:19","slug":"location-map-pas-de-calais-62-france","status":"publish","type":"product","link":"https:\/\/urbex.direct\/es\/product\/location-map-pas-de-calais-62-france\/","title":{"rendered":"Mapa Urbex Francia, Hauts-de-France: Pas-de-Calais (62) (1 a\u00f1o de acceso)"},"content":{"rendered":"<p>Este mapa contiene los siguientes lugares:<\/p>\n<ul><li>Car-Tune<\/li><li>Chateau de l&#039; Elan<\/li><li>Fiebre de la fibra<\/li><li>Se\u00f1or Grey<\/li><li>Casa de las Plantas<\/li><li>Manoir Grano<\/li><li>T\u00edo Donald<\/li><li>Chaqueta Maison<\/li><li>Ferme Leclerc<\/li><li>H\u00f4pital du B\u00e9b\u00e9 qui Pleure<\/li><li>Ferme Lam<\/li><li>Capilla del Rey<\/li><li>Maison du d\u00e9pressif<\/li><li>Gare Maritime \/ Estaci\u00f3n de transbordadores<\/li><li>Manoir Pendulum<\/li><li>Maison Marionenettes<\/li><li>Villa Anglais<\/li><li>Maison Papillon Azul<\/li><li>Manoir de l&#039;Aristocrate \/ Ferme d&#039;Agatha<\/li><li>Manoir de Gotna<\/li><li>Ferme Paradise<\/li><li>Chateau Jonquille<\/li><li>Mina del Grimpeur<\/li><li>Casa Tacot<\/li><li>La Morgue de Dieu<\/li><li>La Ferme Paradis<\/li><li>Casa Gepetto<\/li><li>Manoir Resurrection<\/li><li>Voiture Tetris \/ Coches Tetris<\/li><li>Ferme Merlier<\/li><li>Casa Seimreh<\/li><li>Maison du Table<\/li><li>Restaurante Tipi<\/li><li>Usine Verte<\/li><li>Garde \u00e0 vue<\/li><li>Los antiguos edificios mineros<\/li><li>Casa Bies<\/li><li>Casa T\u00e1rtara<\/li><li>La casa de invierno<\/li><li>Manoir Jeu de Dames<\/li><li>Casa de la Naturaleza<\/li><li>Maison Groundkeeper<\/li><li>Los campos b\u00fanker<\/li><li>Ferme Cornet \/ Granja Van<\/li><li>Club Osmose<\/li><li>Ferme de l'oncle Joe<\/li><li>Cl\u00ednica de maternidad<\/li><li>La Vache Folle<\/li><\/ul>","protected":false},"excerpt":{"rendered":"<p>Este mapa urbex le ofrece todos los lugares de exploraci\u00f3n urbana (urbex) en<strong> Francia, <\/strong><strong>Hauts-de-France<\/strong><strong>: Pas-de-Calais (62).<\/strong>\u00a0Este mapa de lugares perdidos permanecer\u00e1 actualizado y accesible durante al menos 365 d\u00edas despu\u00e9s de la compra.<\/p>\n<p>This map has currently 48 of the most unique urban exploring locations in France, Hauts-de-France: Pas-de-Calais (62) and is accessible from anywhere with our easy to use map<strong>.<\/strong><\/p>\n<p><strong>Si ya tiene este paquete, puede acceder a \u00e9l a trav\u00e9s de <a href=\"\/es\/mi-cuenta-2\/area-de-miembros\/43905\/mi-contenido-de-afiliacion\/\">Mis mapas &gt; Ver.<\/a><\/strong><\/p>\n<p><a href=\"#tab-description\">Lista de todas las ubicaciones de Urbex en este mapa.<\/a><\/p>","protected":false},"featured_media":49116,"template":"","meta":[],"product_brand":[],"product_cat":[226,232,322,1135,1342,1054],"product_tag":[],"class_list":{"0":"post-48848","1":"product","2":"type-product","3":"status-publish","4":"has-post-thumbnail","6":"product_cat-france","7":"product_cat-hauts-de-france","8":"product_cat-location-packs","9":"product_cat-maps-france","10":"product_cat-maps-hauts-de-france","11":"product_cat-pas-de-calais-62","13":"first","14":"instock","15":"virtual","16":"taxable","17":"purchasable","18":"product-type-simple"},"jetpack_sharing_enabled":true,"_links":{"self":[{"href":"https:\/\/urbex.direct\/es\/wp-json\/wp\/v2\/product\/48848","targetHints":{"allow":["GET"]}}],"collection":[{"href":"https:\/\/urbex.direct\/es\/wp-json\/wp\/v2\/product"}],"about":[{"href":"https:\/\/urbex.direct\/es\/wp-json\/wp\/v2\/types\/product"}],"wp:featuredmedia":[{"embeddable":true,"href":"https:\/\/urbex.direct\/es\/wp-json\/wp\/v2\/media\/49116"}],"wp:attachment":[{"href":"https:\/\/urbex.direct\/es\/wp-json\/wp\/v2\/media?parent=48848"}],"wp:term":[{"taxonomy":"product_brand","embeddable":true,"href":"https:\/\/urbex.direct\/es\/wp-json\/wp\/v2\/product_brand?post=48848"},{"taxonomy":"product_cat","embeddable":true,"href":"https:\/\/urbex.direct\/es\/wp-json\/wp\/v2\/product_cat?post=48848"},{"taxonomy":"product_tag","embeddable":true,"href":"https:\/\/urbex.direct\/es\/wp-json\/wp\/v2\/product_tag?post=48848"}],"curies":[{"name":"wp","href":"https:\/\/api.w.org\/{rel}","templated":true}]}}