{"id":48846,"date":"2023-09-21T08:57:50","date_gmt":"2023-09-21T07:57:50","guid":{"rendered":"https:\/\/urbex.direct\/?post_type=product&#038;p=48846"},"modified":"2024-06-20T08:51:51","modified_gmt":"2024-06-20T07:51:51","slug":"location-map-nord-59-france","status":"publish","type":"product","link":"https:\/\/urbex.direct\/es\/product\/location-map-nord-59-france\/","title":{"rendered":"Mapa Urbex Francia, Hauts-de-France: Nord (59) (1 a\u00f1o de acceso)"},"content":{"rendered":"<p>Este mapa contiene los siguientes lugares:<\/p>\n<ul><li>Manoir 1800<\/li><li>Casa Queue de Faisan<\/li><li>Usine Tropica<\/li><li>F\u00e1brica de patos<\/li><li>Villa Alphonse<\/li><li>Usine de Bi\u00e8res<\/li><li>Casa Leko<\/li><li>Usine de 1932<\/li><li>El\u00e9phant de la m\u00e9moire \/ Elefante perdido<\/li><li>Usine Standart S A<\/li><li>Cl\u00ednica de la Maternidad<\/li><li>Capilla La Barbe \/ Capilla de la Barba<\/li><li>Astillero ahumado<\/li><li>Chateau de l&#039;Empire \/ Castillo General Vandamme<\/li><li>Manoir Porsche<\/li><li>Ferme Aux Obus \/ Ferme Quality Street<\/li><li>Hospital G<\/li><li>Crucifijo Ferme<\/li><li>Cervecer\u00eda C<\/li><li>Avi\u00f3n Azul 2.0<\/li><li>Disco Silo<\/li><li>Usine Camus<\/li><li>Casa Horizonte<\/li><li>Maison Meunier<\/li><li>Castillo Frakacet<\/li><li>Casa Calmette<\/li><li>Cementerio de trenes \/ Trains d'un autre monde<\/li><li>Iglesia de la Desolaci\u00f3n<\/li><li>Discoteca antigua<\/li><li>Casa Mickey<\/li><li>Maison FlipFlop<\/li><li>Maison disparue<\/li><li>Entrep\u00f4t dans la for\u00eat<\/li><li>Casa Fleury<\/li><li>Casa Gestapo<\/li><li>Casa Volt<\/li><li>La antigua f\u00e1brica de trenes<\/li><li>Manoir Bourgeois<\/li><li>Ferme Nationale<\/li><li>Casa Salva<\/li><li>Casa del ferrocarril<\/li><li>Casa con problemas de construcci\u00f3n<\/li><li>Castillo de Douaniers<\/li><li>Fuerte M<\/li><li>Fuerte M 2<\/li><li>Fuerte M 3<\/li><li>Fuerte M 4<\/li><li>Centro Cultura<\/li><li>Garaje Fina<\/li><li>Casa del Pescador<\/li><li>Piscina Tournesol 4<\/li><li>Central H<\/li><li>Maison des chatons<\/li><li>Casa en el centro<\/li><li>Bolos en el espacio<\/li><li>Casa Cloch<\/li><li>Maison de fer<\/li><li>Entrepot d\u00e9labr\u00e9<\/li><li>La Casa Blanca de los Sue\u00f1os<\/li><li>Casa Atalaya<\/li><li>Casas torcidas<\/li><li>Ataque al tit\u00e1n<\/li><li>Maison fig\u00e9e dans le temps<\/li><li>Casa P\u00e9r\u00e9grine<\/li><li>Foxy Mercedes<\/li><\/ul>","protected":false},"excerpt":{"rendered":"<p>Este mapa urbex le ofrece todos los lugares de exploraci\u00f3n urbana (urbex) en<strong> Francia, <\/strong><strong>Hauts-de-France<\/strong><strong>: Nord (59).<\/strong> Este mapa de lugares perdidos permanecer\u00e1 actualizado y accesible durante al menos 365 d\u00edas despu\u00e9s de la compra.<\/p>\n<p>This map has currently 65 of the most unique urban exploring locations in France, Hauts-de-France: Nord (59) and is accessible from anywhere with our easy to use map<strong>.<\/strong><\/p>\n<p><strong>Si ya tiene este paquete, puede acceder a \u00e9l a trav\u00e9s de <a href=\"\/es\/mi-cuenta-2\/area-de-miembros\/43905\/mi-contenido-de-afiliacion\/\">Mis mapas &gt; Ver.<\/a><\/strong><\/p>\n<p><a href=\"#tab-description\">Lista de todas las ubicaciones de Urbex en este mapa.<\/a><\/p>","protected":false},"featured_media":49067,"template":"","meta":[],"product_brand":[],"product_cat":[226,232,322,1135,1342,1053],"product_tag":[],"class_list":{"0":"post-48846","1":"product","2":"type-product","3":"status-publish","4":"has-post-thumbnail","6":"product_cat-france","7":"product_cat-hauts-de-france","8":"product_cat-location-packs","9":"product_cat-maps-france","10":"product_cat-maps-hauts-de-france","11":"product_cat-nord-59","13":"first","14":"instock","15":"virtual","16":"taxable","17":"purchasable","18":"product-type-simple"},"jetpack_sharing_enabled":true,"_links":{"self":[{"href":"https:\/\/urbex.direct\/es\/wp-json\/wp\/v2\/product\/48846","targetHints":{"allow":["GET"]}}],"collection":[{"href":"https:\/\/urbex.direct\/es\/wp-json\/wp\/v2\/product"}],"about":[{"href":"https:\/\/urbex.direct\/es\/wp-json\/wp\/v2\/types\/product"}],"wp:featuredmedia":[{"embeddable":true,"href":"https:\/\/urbex.direct\/es\/wp-json\/wp\/v2\/media\/49067"}],"wp:attachment":[{"href":"https:\/\/urbex.direct\/es\/wp-json\/wp\/v2\/media?parent=48846"}],"wp:term":[{"taxonomy":"product_brand","embeddable":true,"href":"https:\/\/urbex.direct\/es\/wp-json\/wp\/v2\/product_brand?post=48846"},{"taxonomy":"product_cat","embeddable":true,"href":"https:\/\/urbex.direct\/es\/wp-json\/wp\/v2\/product_cat?post=48846"},{"taxonomy":"product_tag","embeddable":true,"href":"https:\/\/urbex.direct\/es\/wp-json\/wp\/v2\/product_tag?post=48846"}],"curies":[{"name":"wp","href":"https:\/\/api.w.org\/{rel}","templated":true}]}}