{"id":48844,"date":"2023-09-21T08:56:25","date_gmt":"2023-09-21T07:56:25","guid":{"rendered":"https:\/\/urbex.direct\/?post_type=product&#038;p=48844"},"modified":"2024-06-20T08:48:30","modified_gmt":"2024-06-20T07:48:30","slug":"mapa-de-situacion-vosges-88-francia","status":"publish","type":"product","link":"https:\/\/urbex.direct\/es\/product\/location-map-vosges-88-france\/","title":{"rendered":"Mapa Urbex Francia, Grand Est: Vosges (88) (1 a\u00f1o de acceso)"},"content":{"rendered":"<p>Este mapa contiene los siguientes lugares:<\/p>\n<ul><li>Villa Larue<\/li><li>Casa Durand<\/li><li>Castillo de D\u00e9m\u00e9nageur<\/li><li>Castillo de Fraises<\/li><li>Casa Jean-Marie<\/li><li>Casa Sat\u00e1nica<\/li><li>Mataderos<\/li><li>Villa Am\u00e9lie<\/li><li>Usine Blanchiment<\/li><li>Castillo de la Marquesa de Brinvilliers<\/li><li>Casa de vagones<\/li><li>Casa 72<\/li><li>Hotel Weidman<\/li><li>Castillo Muet<\/li><li>Filature D\u00e9meusur\u00e9e<\/li><li>Hotel William Bonin<\/li><li>Hotel Vasili Komaroff<\/li><li>Manoir La Vache<\/li><li>Chapelle B \/ Chapelle des Loups<\/li><li>Scierie Abandonn\u00e9e<\/li><li>Maison Intacte<\/li><li>Casa Vroom<\/li><li>Maison du Gutty<\/li><li>Casa Tisseuse<\/li><li>Le caf\u00e9 73 \/ Bistrot 1973<\/li><li>Casa de Pap\u00e1 Noel<\/li><\/ul>","protected":false},"excerpt":{"rendered":"<p>Este mapa urbex le ofrece todos los lugares de exploraci\u00f3n urbana (urbex) en<strong> Francia, <\/strong><strong>Gran Este<\/strong><strong>: Vosges (88).<\/strong> Este mapa de lugares perdidos permanecer\u00e1 actualizado y accesible durante al menos 365 d\u00edas despu\u00e9s de la compra.<\/p>\n<p>This map has currently 26 of the most unique urban exploring locations in France, Grand Est: Vosges (88) and is accessible from anywhere with our easy to use map<strong>.<\/strong><\/p>\n<p><strong>Si ya tiene este paquete, puede acceder a \u00e9l a trav\u00e9s de <a href=\"\/es\/mi-cuenta-2\/area-de-miembros\/43905\/mi-contenido-de-afiliacion\/\">Mis mapas &gt; Ver.<\/a><\/strong><\/p>","protected":false},"featured_media":49151,"template":"","meta":[],"product_brand":[],"product_cat":[226,231,322,1135,1341,1052],"product_tag":[],"class_list":{"0":"post-48844","1":"product","2":"type-product","3":"status-publish","4":"has-post-thumbnail","6":"product_cat-france","7":"product_cat-grand-est","8":"product_cat-location-packs","9":"product_cat-maps-france","10":"product_cat-maps-grand-est","11":"product_cat-vosges-88","13":"first","14":"instock","15":"virtual","16":"taxable","17":"purchasable","18":"product-type-simple"},"jetpack_sharing_enabled":true,"_links":{"self":[{"href":"https:\/\/urbex.direct\/es\/wp-json\/wp\/v2\/product\/48844","targetHints":{"allow":["GET"]}}],"collection":[{"href":"https:\/\/urbex.direct\/es\/wp-json\/wp\/v2\/product"}],"about":[{"href":"https:\/\/urbex.direct\/es\/wp-json\/wp\/v2\/types\/product"}],"wp:featuredmedia":[{"embeddable":true,"href":"https:\/\/urbex.direct\/es\/wp-json\/wp\/v2\/media\/49151"}],"wp:attachment":[{"href":"https:\/\/urbex.direct\/es\/wp-json\/wp\/v2\/media?parent=48844"}],"wp:term":[{"taxonomy":"product_brand","embeddable":true,"href":"https:\/\/urbex.direct\/es\/wp-json\/wp\/v2\/product_brand?post=48844"},{"taxonomy":"product_cat","embeddable":true,"href":"https:\/\/urbex.direct\/es\/wp-json\/wp\/v2\/product_cat?post=48844"},{"taxonomy":"product_tag","embeddable":true,"href":"https:\/\/urbex.direct\/es\/wp-json\/wp\/v2\/product_tag?post=48844"}],"curies":[{"name":"wp","href":"https:\/\/api.w.org\/{rel}","templated":true}]}}