{"id":48832,"date":"2023-09-20T10:01:05","date_gmt":"2023-09-20T09:01:05","guid":{"rendered":"https:\/\/urbex.direct\/?post_type=product&#038;p=48832"},"modified":"2024-06-20T08:47:31","modified_gmt":"2024-06-20T07:47:31","slug":"mapa-de-situacion-haut-rhin-68-francia","status":"publish","type":"product","link":"https:\/\/urbex.direct\/es\/product\/location-map-haut-rhin-68-france\/","title":{"rendered":"Mapa Urbex Francia, Grand Est: Haut-Rhin (68) (1 a\u00f1o de acceso)"},"content":{"rendered":"<p>Este mapa contiene los siguientes lugares:<\/p>\n<ul><li>Usine Robinot<\/li><li>Cl\u00ednica de las Fuentes<\/li><li>Hotel Hant\u00e9e d'Hippolyte<\/li><li>Castillos Ulrich<\/li><li>Iglesia de Montanha<\/li><li>Hotel de Luxe<\/li><li>Cl\u00ednica del Diablo<\/li><li>Hotel du Loup<\/li><li>Castillo G<\/li><li>Cigarrillo Maison<\/li><li>Mina B<\/li><li>Cimeti\u00e8re des L\u00e9gendes<\/li><li>Red Mother&#039;s Mansion<\/li><li>Usine FTech \/ Peque\u00f1a f\u00e1brica de Fecht<\/li><li>F\u00e1brica Cirva<\/li><li>Papeterie Riccobo<\/li><\/ul>","protected":false},"excerpt":{"rendered":"<p>Este mapa urbex le ofrece todos los lugares de exploraci\u00f3n urbana (urbex) en<strong> Francia, <\/strong><strong>Gran Este<\/strong><strong>: Haut-Rhin (68).<\/strong> Este mapa de lugares perdidos permanecer\u00e1 actualizado y accesible durante al menos 365 d\u00edas despu\u00e9s de la compra.<\/p>\n<p>Este mapa cuenta actualmente con 16 de los lugares de exploraci\u00f3n urbana m\u00e1s singulares de Francia, Grand Est: Haut-Rhin (68) y es accesible desde cualquier lugar con nuestro mapa f\u00e1cil de usar<strong>.<\/strong><\/p>\n<p><strong>Si ya tiene este paquete, puede acceder a \u00e9l a trav\u00e9s de <a href=\"\/es\/mi-cuenta-2\/area-de-miembros\/43905\/mi-contenido-de-afiliacion\/\">Mis mapas &gt; Ver.<\/a><\/strong><\/p>","protected":false},"featured_media":49148,"template":"","meta":[],"product_brand":[],"product_cat":[226,231,1044,322,1135,1341],"product_tag":[],"class_list":{"0":"post-48832","1":"product","2":"type-product","3":"status-publish","4":"has-post-thumbnail","6":"product_cat-france","7":"product_cat-grand-est","8":"product_cat-haut-rhin-68","9":"product_cat-location-packs","10":"product_cat-maps-france","11":"product_cat-maps-grand-est","13":"first","14":"instock","15":"virtual","16":"taxable","17":"purchasable","18":"product-type-simple"},"jetpack_sharing_enabled":true,"_links":{"self":[{"href":"https:\/\/urbex.direct\/es\/wp-json\/wp\/v2\/product\/48832","targetHints":{"allow":["GET"]}}],"collection":[{"href":"https:\/\/urbex.direct\/es\/wp-json\/wp\/v2\/product"}],"about":[{"href":"https:\/\/urbex.direct\/es\/wp-json\/wp\/v2\/types\/product"}],"wp:featuredmedia":[{"embeddable":true,"href":"https:\/\/urbex.direct\/es\/wp-json\/wp\/v2\/media\/49148"}],"wp:attachment":[{"href":"https:\/\/urbex.direct\/es\/wp-json\/wp\/v2\/media?parent=48832"}],"wp:term":[{"taxonomy":"product_brand","embeddable":true,"href":"https:\/\/urbex.direct\/es\/wp-json\/wp\/v2\/product_brand?post=48832"},{"taxonomy":"product_cat","embeddable":true,"href":"https:\/\/urbex.direct\/es\/wp-json\/wp\/v2\/product_cat?post=48832"},{"taxonomy":"product_tag","embeddable":true,"href":"https:\/\/urbex.direct\/es\/wp-json\/wp\/v2\/product_tag?post=48832"}],"curies":[{"name":"wp","href":"https:\/\/api.w.org\/{rel}","templated":true}]}}