{"id":48830,"date":"2023-09-20T09:58:58","date_gmt":"2023-09-20T08:58:58","guid":{"rendered":"https:\/\/urbex.direct\/?post_type=product&#038;p=48830"},"modified":"2024-06-20T08:46:14","modified_gmt":"2024-06-20T07:46:14","slug":"mapa-de-situacion-aube-10-francia","status":"publish","type":"product","link":"https:\/\/urbex.direct\/es\/product\/location-map-aube-10-france\/","title":{"rendered":"Mapa Urbex Francia, Grand Est: Aube (10) (1 a\u00f1o de acceso)"},"content":{"rendered":"<p>Este mapa contiene los siguientes lugares:<\/p>\n<ul><li>Cementerio de aviones<\/li><li>Ch\u00e2teau Bourgeois<\/li><li>Castillo de la Chaise<\/li><li>Tr\u00e9sor de Guerre<\/li><li>Usine Saint-Julien<\/li><li>F\u00e1brica de pies<\/li><li>Villa Tarcas<\/li><li>Veh\u00edculos perdidos<\/li><li>Antiguo aer\u00f3dromo<\/li><li>Usine Malfoy \/ La gran f\u00e1brica abandonada<\/li><li>Capilla de los Muertos \/ Chapelle des Morts<\/li><li>Chateau Hector \/ Castillo del Presidente&#039;s<\/li><li>Maisons Fiesta \/ Maison Jumelles<\/li><li>La collection de bagnoles<\/li><li>Maison d'Alekse\u00ef \/ Colecci\u00f3n de coches<\/li><li>Manoir petroucka \/ Maison Russia \/ Maison Poudine<\/li><li>Casa de los 90 \/ 90s Timecapsule<\/li><li>Discoteca Tipi<\/li><li>Casa PapiPapi<\/li><li>Le rep\u00e8re des Pirates \/ Cementerio de barcos<\/li><li>Restaurante de Castor<\/li><li>Maison moineaux<\/li><li>Teinturerie des Moines<\/li><li>Escuela 1934<\/li><li>Maison Alcohol Addict<\/li><\/ul>","protected":false},"excerpt":{"rendered":"<p>Este mapa urbex le ofrece todos los lugares de exploraci\u00f3n urbana (urbex) en<strong> Francia, <\/strong><strong>Gran Este<\/strong><strong>: Aube (10).<\/strong> Este mapa de lugares perdidos permanecer\u00e1 actualizado y accesible durante al menos 365 d\u00edas despu\u00e9s de la compra.<\/p>\n<p>Este mapa cuenta actualmente con 25 de los lugares de exploraci\u00f3n urbana m\u00e1s singulares de Francia, Grand Est: Aube (10) y es accesible desde cualquier lugar con nuestro mapa f\u00e1cil de usar<strong>.<\/strong><\/p>\n<p><strong>Si ya tiene este paquete, puede acceder a \u00e9l a trav\u00e9s de <a href=\"\/es\/mi-cuenta-2\/area-de-miembros\/43905\/mi-contenido-de-afiliacion\/\">Mis mapas &gt; Ver.<\/a><\/strong><\/p>","protected":false},"featured_media":49133,"template":"","meta":[],"product_brand":[],"product_cat":[1046,226,231,322,1135,1341],"product_tag":[],"class_list":{"0":"post-48830","1":"product","2":"type-product","3":"status-publish","4":"has-post-thumbnail","6":"product_cat-aube-10","7":"product_cat-france","8":"product_cat-grand-est","9":"product_cat-location-packs","10":"product_cat-maps-france","11":"product_cat-maps-grand-est","13":"first","14":"instock","15":"virtual","16":"taxable","17":"purchasable","18":"product-type-simple"},"jetpack_sharing_enabled":true,"_links":{"self":[{"href":"https:\/\/urbex.direct\/es\/wp-json\/wp\/v2\/product\/48830","targetHints":{"allow":["GET"]}}],"collection":[{"href":"https:\/\/urbex.direct\/es\/wp-json\/wp\/v2\/product"}],"about":[{"href":"https:\/\/urbex.direct\/es\/wp-json\/wp\/v2\/types\/product"}],"wp:featuredmedia":[{"embeddable":true,"href":"https:\/\/urbex.direct\/es\/wp-json\/wp\/v2\/media\/49133"}],"wp:attachment":[{"href":"https:\/\/urbex.direct\/es\/wp-json\/wp\/v2\/media?parent=48830"}],"wp:term":[{"taxonomy":"product_brand","embeddable":true,"href":"https:\/\/urbex.direct\/es\/wp-json\/wp\/v2\/product_brand?post=48830"},{"taxonomy":"product_cat","embeddable":true,"href":"https:\/\/urbex.direct\/es\/wp-json\/wp\/v2\/product_cat?post=48830"},{"taxonomy":"product_tag","embeddable":true,"href":"https:\/\/urbex.direct\/es\/wp-json\/wp\/v2\/product_tag?post=48830"}],"curies":[{"name":"wp","href":"https:\/\/api.w.org\/{rel}","templated":true}]}}