{"id":48829,"date":"2023-09-20T09:57:23","date_gmt":"2023-09-20T08:57:23","guid":{"rendered":"https:\/\/urbex.direct\/?post_type=product&#038;p=48829"},"modified":"2024-06-20T08:46:04","modified_gmt":"2024-06-20T07:46:04","slug":"mapa-de-situacion-ardennes-08-francia","status":"publish","type":"product","link":"https:\/\/urbex.direct\/es\/product\/location-map-ardennes-08-france\/","title":{"rendered":"Mapa Urbex Francia, Grand Est: Ardenas (08) (1 a\u00f1o de acceso)"},"content":{"rendered":"<p>Este mapa contiene los siguientes lugares:<\/p>\n<ul><li>Hotel Jaur\u00e8s<\/li><li>Maison de l'oncle Michel<\/li><li>Usine Phil<\/li><li>Chateau Wigney \/ Chateau Jaguar<\/li><li>Ferme Frappant<\/li><li>Maison au Landau<\/li><li>Fuerte de Givet<\/li><li>Ferme de la Rose<\/li><li>Usina TG<\/li><li>Castillo Oniepronko<\/li><li>Castillo Jamais Le M\u00eame<\/li><li>Usine LF<\/li><li>Casa Buco<\/li><\/ul>","protected":false},"excerpt":{"rendered":"<p>Este mapa urbex le ofrece todos los lugares de exploraci\u00f3n urbana (urbex) en<strong> Francia, <\/strong><strong>Gran Este<\/strong><strong>: Ardenas (08).<\/strong> Este mapa de lugares perdidos permanecer\u00e1 actualizado y accesible durante al menos 365 d\u00edas despu\u00e9s de la compra.<\/p>\n<p>Este mapa cuenta actualmente con 13 de los lugares de exploraci\u00f3n urbana m\u00e1s singulares de Francia, Grand Est: Ardenas (08) y es accesible desde cualquier lugar con nuestro mapa f\u00e1cil de usar<strong>.<\/strong><\/p>\n<p><strong>Si ya tiene este paquete, puede acceder a \u00e9l a trav\u00e9s de <a href=\"\/es\/mi-cuenta-2\/area-de-miembros\/43905\/mi-contenido-de-afiliacion\/\">Mis mapas &gt; Ver.<\/a><\/strong><\/p>","protected":false},"featured_media":49063,"template":"","meta":[],"product_brand":[],"product_cat":[1045,226,231,322,1135,1341],"product_tag":[],"class_list":{"0":"post-48829","1":"product","2":"type-product","3":"status-publish","4":"has-post-thumbnail","6":"product_cat-ardennes-08","7":"product_cat-france","8":"product_cat-grand-est","9":"product_cat-location-packs","10":"product_cat-maps-france","11":"product_cat-maps-grand-est","13":"first","14":"instock","15":"virtual","16":"taxable","17":"purchasable","18":"product-type-simple"},"jetpack_sharing_enabled":true,"_links":{"self":[{"href":"https:\/\/urbex.direct\/es\/wp-json\/wp\/v2\/product\/48829","targetHints":{"allow":["GET"]}}],"collection":[{"href":"https:\/\/urbex.direct\/es\/wp-json\/wp\/v2\/product"}],"about":[{"href":"https:\/\/urbex.direct\/es\/wp-json\/wp\/v2\/types\/product"}],"wp:featuredmedia":[{"embeddable":true,"href":"https:\/\/urbex.direct\/es\/wp-json\/wp\/v2\/media\/49063"}],"wp:attachment":[{"href":"https:\/\/urbex.direct\/es\/wp-json\/wp\/v2\/media?parent=48829"}],"wp:term":[{"taxonomy":"product_brand","embeddable":true,"href":"https:\/\/urbex.direct\/es\/wp-json\/wp\/v2\/product_brand?post=48829"},{"taxonomy":"product_cat","embeddable":true,"href":"https:\/\/urbex.direct\/es\/wp-json\/wp\/v2\/product_cat?post=48829"},{"taxonomy":"product_tag","embeddable":true,"href":"https:\/\/urbex.direct\/es\/wp-json\/wp\/v2\/product_tag?post=48829"}],"curies":[{"name":"wp","href":"https:\/\/api.w.org\/{rel}","templated":true}]}}