{"id":48828,"date":"2023-09-20T09:56:25","date_gmt":"2023-09-20T08:56:25","guid":{"rendered":"https:\/\/urbex.direct\/?post_type=product&#038;p=48828"},"modified":"2024-06-20T08:42:09","modified_gmt":"2024-06-20T07:42:09","slug":"mapa-de-situacion-finisterre-29-francia","status":"publish","type":"product","link":"https:\/\/urbex.direct\/es\/product\/location-map-finistere-29-france\/","title":{"rendered":"Mapa Urbex Francia, Breta\u00f1a: Finist\u00e8re (29) (1 a\u00f1o de acceso)"},"content":{"rendered":"<p>Este mapa contiene los siguientes lugares:<\/p>\n\n\n\n<ul><li>Sanatorio Dangih \/ Huelgoat<\/li><li>Reparador de autom\u00f3viles<\/li><li>Castillo Gargouilles<\/li><li>Parque Jurastel<\/li><li>Prison de Pontaniou Frankreich<\/li><li>Casa del Arquitecto<\/li><li>Hotel Beausejour<\/li><li>Barcos fantasma<\/li><li>Le Cimetiere de Bateaux<\/li><li>Casa rural Roz Trefeux<\/li><li>Ch\u00e2teau Jaycee Dugard \/ Castillo Jaycee Dugard<\/li><li>Escuela Papa Denke<\/li><li>Couvent des n\u00e9cessiteux<\/li><li>Maison Folles<\/li><li>Sanatorios gran aire<\/li><li>Casa del demoledor<\/li><li>Castillo de los Druidas<\/li><li>Residencia malvada<\/li><li>Maison Derniere Danse<\/li><li>F\u00e1brica en la playa<\/li><li>Maison de l'anglais en for\u00eat<\/li><li>Maison vide pontla<\/li><li>Naufragio verde<\/li><li>Muchos fuertes con un tanque 1<\/li><li>Un mont\u00f3n de fuertes con un tanque 2<\/li><li>Muchos fuertes con un tanque 3 - El tanque<\/li><li>Muchos fuertes con un tanque 4<\/li><li>Muchos fuertes con un tanque 5<\/li><li>Muchos fuertes con un tanque 6<\/li><li>Un mont\u00f3n de fuertes con un tanque 7<\/li><li>20 a\u00f1os de naufragios<\/li><li>Maison Palm<\/li><li>Bateaux oubli\u00e9s<\/li><li>Los n\u00e1ufragos rojos \/ The two survivors \/ Les deux survivants<\/li><\/ul>","protected":false},"excerpt":{"rendered":"<p>Este mapa urbex le ofrece todos los lugares de exploraci\u00f3n urbana (urbex) en<strong> Francia, Bretagne: Finist\u00e8re (29).<\/strong> Este mapa de lugares perdidos permanecer\u00e1 actualizado y accesible durante al menos 365 d\u00edas despu\u00e9s de la compra.<\/p>\n<p>Este mapa cuenta actualmente con 34 de los lugares de exploraci\u00f3n urbana m\u00e1s singulares de Francia, Bretagne: Finist\u00e8re (29) y es accesible desde cualquier lugar con nuestro mapa f\u00e1cil de usar<strong>.<\/p>\n<p><\/strong><strong>Si ya tiene este paquete, puede acceder a \u00e9l a trav\u00e9s de <a href=\"\/es\/mi-cuenta-2\/area-de-miembros\/43905\/mi-contenido-de-afiliacion\/\">Mis mapas &gt; Ver.<\/a><\/strong><strong><\/p>\n<p><\/strong><a href=\"#tab-description\">Lista de todas las ubicaciones de Urbex en este mapa.<\/a><\/p>","protected":false},"featured_media":49060,"template":"","meta":[],"product_brand":[],"product_cat":[229,1040,226,322,1339,1135],"product_tag":[],"class_list":{"0":"post-48828","1":"product","2":"type-product","3":"status-publish","4":"has-post-thumbnail","6":"product_cat-bretagne","7":"product_cat-finistere-29","8":"product_cat-france","9":"product_cat-location-packs","10":"product_cat-maps-bretagne","11":"product_cat-maps-france","13":"first","14":"instock","15":"virtual","16":"taxable","17":"purchasable","18":"product-type-simple"},"jetpack_sharing_enabled":true,"_links":{"self":[{"href":"https:\/\/urbex.direct\/es\/wp-json\/wp\/v2\/product\/48828","targetHints":{"allow":["GET"]}}],"collection":[{"href":"https:\/\/urbex.direct\/es\/wp-json\/wp\/v2\/product"}],"about":[{"href":"https:\/\/urbex.direct\/es\/wp-json\/wp\/v2\/types\/product"}],"wp:featuredmedia":[{"embeddable":true,"href":"https:\/\/urbex.direct\/es\/wp-json\/wp\/v2\/media\/49060"}],"wp:attachment":[{"href":"https:\/\/urbex.direct\/es\/wp-json\/wp\/v2\/media?parent=48828"}],"wp:term":[{"taxonomy":"product_brand","embeddable":true,"href":"https:\/\/urbex.direct\/es\/wp-json\/wp\/v2\/product_brand?post=48828"},{"taxonomy":"product_cat","embeddable":true,"href":"https:\/\/urbex.direct\/es\/wp-json\/wp\/v2\/product_cat?post=48828"},{"taxonomy":"product_tag","embeddable":true,"href":"https:\/\/urbex.direct\/es\/wp-json\/wp\/v2\/product_tag?post=48828"}],"curies":[{"name":"wp","href":"https:\/\/api.w.org\/{rel}","templated":true}]}}