{"id":48825,"date":"2023-09-20T09:54:27","date_gmt":"2023-09-20T08:54:27","guid":{"rendered":"https:\/\/urbex.direct\/?post_type=product&#038;p=48825"},"modified":"2024-06-20T08:39:40","modified_gmt":"2024-06-20T07:39:40","slug":"location-map-puy-de-dome-63-france","status":"publish","type":"product","link":"https:\/\/urbex.direct\/es\/product\/location-map-puy-de-dome-63-france\/","title":{"rendered":"Mapa Urbex Francia, Auvernia-R\u00f3dano-Alpes: Puy-de-D\u00f4me (63) (1 a\u00f1o de acceso)"},"content":{"rendered":"<p>Este mapa contiene los siguientes lugares:<\/p>\n<ul><li>Les Thermes Verts \/ El balneario verde<\/li><li>Casa Martre<\/li><li>Les Thermes Rose<\/li><li>Discoteca El Lem<\/li><li>Castillo \u00c9xodo<\/li><li>Manoir Julie \/ Chateau Dennis Rader<\/li><li>Ch\u00e2teau Contorsionniste \/ Ch\u00e2teau Heracles \/ Ch\u00e2teau Cordiste<\/li><li>Hotel Capitole<\/li><li>Camp de Vacance La Roche<\/li><li>Les Bains Romains<\/li><li>H\u00f4tel Voiture Rouge \/ Hotel Rouge<\/li><li>Maison de repos Montagnarde<\/li><li>Piscina Percer<\/li><li>Escuela de Couteaux<\/li><li>Usine sur la montagne<\/li><li>Coutellerie et Papeterie<\/li><li>La ruine Industrie<\/li><\/ul>","protected":false},"excerpt":{"rendered":"<p>Este mapa urbex le ofrece todos los lugares de exploraci\u00f3n urbana (urbex) en<strong> Francia, Auvergne-Rh\u00f4ne-Alpes, Puy-de-D\u00f4me (63).<\/strong> Este mapa de lugares perdidos permanecer\u00e1 actualizado y accesible durante al menos 365 d\u00edas despu\u00e9s de la compra.<\/p>\n<p>Este mapa cuenta actualmente con 17 de los lugares de exploraci\u00f3n urbana m\u00e1s singulares de Francia, Auvernia-R\u00f3dano-Alpes: Puy-de-D\u00f4me (63) y es accesible desde cualquier lugar con nuestro mapa f\u00e1cil de usar<strong>.<\/strong><\/p>\n<p><strong>Si ya tiene este paquete, puede acceder a \u00e9l a trav\u00e9s de <a href=\"\/es\/mi-cuenta-2\/area-de-miembros\/43905\/mi-contenido-de-afiliacion\/\">Mis mapas &gt; Ver.<\/a><\/strong><\/p>\n<p><a href=\"#tab-description\">Lista de todas las ubicaciones de Urbex en este mapa.<\/a><\/p>","protected":false},"featured_media":49056,"template":"","meta":[],"product_brand":[],"product_cat":[227,226,322,1336,1135,1003],"product_tag":[],"class_list":{"0":"post-48825","1":"product","2":"type-product","3":"status-publish","4":"has-post-thumbnail","6":"product_cat-auvergne-rhone-alps","7":"product_cat-france","8":"product_cat-location-packs","9":"product_cat-maps-auvergne-rhone-alps","10":"product_cat-maps-france","11":"product_cat-puy-de-dome-63","13":"first","14":"instock","15":"virtual","16":"taxable","17":"purchasable","18":"product-type-simple"},"jetpack_sharing_enabled":true,"_links":{"self":[{"href":"https:\/\/urbex.direct\/es\/wp-json\/wp\/v2\/product\/48825","targetHints":{"allow":["GET"]}}],"collection":[{"href":"https:\/\/urbex.direct\/es\/wp-json\/wp\/v2\/product"}],"about":[{"href":"https:\/\/urbex.direct\/es\/wp-json\/wp\/v2\/types\/product"}],"wp:featuredmedia":[{"embeddable":true,"href":"https:\/\/urbex.direct\/es\/wp-json\/wp\/v2\/media\/49056"}],"wp:attachment":[{"href":"https:\/\/urbex.direct\/es\/wp-json\/wp\/v2\/media?parent=48825"}],"wp:term":[{"taxonomy":"product_brand","embeddable":true,"href":"https:\/\/urbex.direct\/es\/wp-json\/wp\/v2\/product_brand?post=48825"},{"taxonomy":"product_cat","embeddable":true,"href":"https:\/\/urbex.direct\/es\/wp-json\/wp\/v2\/product_cat?post=48825"},{"taxonomy":"product_tag","embeddable":true,"href":"https:\/\/urbex.direct\/es\/wp-json\/wp\/v2\/product_tag?post=48825"}],"curies":[{"name":"wp","href":"https:\/\/api.w.org\/{rel}","templated":true}]}}