{"id":48824,"date":"2023-09-20T09:53:22","date_gmt":"2023-09-20T08:53:22","guid":{"rendered":"https:\/\/urbex.direct\/?post_type=product&#038;p=48824"},"modified":"2024-06-20T08:39:51","modified_gmt":"2024-06-20T07:39:51","slug":"mapa-de-situacion-isere-38-francia","status":"publish","type":"product","link":"https:\/\/urbex.direct\/es\/product\/location-map-isere-38-france\/","title":{"rendered":"Mapa Urbex Francia, Auvernia-R\u00f3dano-Alpes: Puy-de-Is\u00e8re (38) (1 a\u00f1o de acceso)"},"content":{"rendered":"<p>Este mapa contiene los siguientes lugares:<\/p>\n<ul><li>Ancienne usine d&#039;\u00e9l\u00e9ctro-chimie<\/li><li>Colina ol\u00edmpica de saltos de esqu\u00ed abandonada \/ Grand Saut<\/li><li>Casa Angus<\/li><li>Convento Pierre Dufour<\/li><li>Cimenterie Hulk<\/li><li>Villa Hestia<\/li><li>Institut G\u00e9ographique Geographic Institut<\/li><li>Casa Le Port<\/li><li>Castillo Helix<\/li><li>Usine Siner<\/li><li>La parfumerie<\/li><li>Chateau Carre<\/li><li>Bosques energ\u00e9ticos<\/li><li>Casa Coraz\u00f3n<\/li><li>Hotel Perlinpinpin<\/li><li>Usine Belle Croix<\/li><li>Usine Ruby<\/li><li>Usine Hock<\/li><li>Villa Bob&#039;s Legs<\/li><li>Chateau des Allem<\/li><li>Usine 38<\/li><li>Usine Ladr\u00f3n<\/li><li>La brasserie dans les bois<\/li><li>Centrale Vintage<\/li><li>T\u00fanel fantasma<\/li><\/ul>","protected":false},"excerpt":{"rendered":"<p>Este mapa urbex le ofrece todos los lugares de exploraci\u00f3n urbana (urbex) en<strong> Francia, Auvergne-Rh\u00f4ne-Alpes, Puy-de-Is\u00e8re (38).<\/strong> Este mapa de lugares perdidos permanecer\u00e1 actualizado y accesible durante al menos 365 d\u00edas despu\u00e9s de la compra.<\/p>\n<p>This map has currently 25 of the most unique urban exploring locations in France, Auvergne-Rh\u00f4ne-Alps: Is\u00e8re (38) and is accessible from anywhere with our easy to use map<strong>.<\/strong><\/p>\n<p><strong>Si ya tiene este paquete, puede acceder a \u00e9l a trav\u00e9s de <a href=\"\/es\/mi-cuenta-2\/area-de-miembros\/43905\/mi-contenido-de-afiliacion\/\">Mis mapas &gt; Ver.<\/a><\/strong><\/p>\n<p><a href=\"#tab-description\">Lista de todas las ubicaciones de Urbex en este mapa.<\/a><\/p>","protected":false},"featured_media":49126,"template":"","meta":[],"product_brand":[],"product_cat":[227,226,1007,322,1336,1135],"product_tag":[],"class_list":{"0":"post-48824","1":"product","2":"type-product","3":"status-publish","4":"has-post-thumbnail","6":"product_cat-auvergne-rhone-alps","7":"product_cat-france","8":"product_cat-isere-38","9":"product_cat-location-packs","10":"product_cat-maps-auvergne-rhone-alps","11":"product_cat-maps-france","13":"first","14":"instock","15":"virtual","16":"taxable","17":"purchasable","18":"product-type-simple"},"jetpack_sharing_enabled":true,"_links":{"self":[{"href":"https:\/\/urbex.direct\/es\/wp-json\/wp\/v2\/product\/48824","targetHints":{"allow":["GET"]}}],"collection":[{"href":"https:\/\/urbex.direct\/es\/wp-json\/wp\/v2\/product"}],"about":[{"href":"https:\/\/urbex.direct\/es\/wp-json\/wp\/v2\/types\/product"}],"wp:featuredmedia":[{"embeddable":true,"href":"https:\/\/urbex.direct\/es\/wp-json\/wp\/v2\/media\/49126"}],"wp:attachment":[{"href":"https:\/\/urbex.direct\/es\/wp-json\/wp\/v2\/media?parent=48824"}],"wp:term":[{"taxonomy":"product_brand","embeddable":true,"href":"https:\/\/urbex.direct\/es\/wp-json\/wp\/v2\/product_brand?post=48824"},{"taxonomy":"product_cat","embeddable":true,"href":"https:\/\/urbex.direct\/es\/wp-json\/wp\/v2\/product_cat?post=48824"},{"taxonomy":"product_tag","embeddable":true,"href":"https:\/\/urbex.direct\/es\/wp-json\/wp\/v2\/product_tag?post=48824"}],"curies":[{"name":"wp","href":"https:\/\/api.w.org\/{rel}","templated":true}]}}