{"id":48813,"date":"2023-09-19T19:10:16","date_gmt":"2023-09-19T18:10:16","guid":{"rendered":"https:\/\/urbex.direct\/?post_type=product&#038;p=48813"},"modified":"2024-06-20T08:39:04","modified_gmt":"2024-06-20T07:39:04","slug":"location-map-allier-3-france","status":"publish","type":"product","link":"https:\/\/urbex.direct\/es\/product\/location-map-allier-3-france\/","title":{"rendered":"Mapa Urbex Francia, Auvernia-R\u00f3dano-Alpes: Allier (3) (1 a\u00f1o de acceso)"},"content":{"rendered":"<p>Este mapa contiene los siguientes lugares:<\/p>\n\n\n\n<ul><li>Les voitures du Kraken<\/li><li>Ch\u00e2teau Versanne<\/li><li>Castillo Bayrou \/ Castillo Formica<\/li><li>Ch\u00e2teau 1000 Miroirs<\/li><li>Chateau Symphonie<\/li><li>Le Ch\u00e2teau de l'escargot \/ El castillo del caracol<\/li><li>Manoir Mercedes<\/li><li>Retrato del castillo<\/li><li>Castillo Minuit<\/li><li>Piscina tropical<\/li><li>Hopitools<\/li><li>Usine Meldrague<\/li><li>Lotissement du D\u00e9sert \/ Casa AB<\/li><li>Chateau Paysan \/ Castillo Roffcho<\/li><li>Escuela La Vache \/ Escuela Napole\u00f3n<\/li><li>El Convento de los Expertos Couvent Des Experts<\/li><li>Ch\u00e2teau Cafards \/ El castillo de las cucarachas<\/li><li>Manoir Bobo<\/li><li>Ch\u00e2teau Chrysantheme \/ Manoir Archie<\/li><li>Castillo de Valtan<\/li><li>Hotel Arrondi<\/li><li>2 Fermes Pluvieuses<\/li><li>Hospital de guerre<\/li><li>Usine La Pas Lisse<\/li><li>Manoir Sainte Th\u00e9r\u00e8se<\/li><li>Maison Orange<\/li><li>Ferme de l'illettr\u00e9<\/li><li>La ferme contre tout<\/li><li>Casa Martine<\/li><li>Peque\u00f1a Capilla de los Viajeros<\/li><li>Granja Allemande<\/li><li>Usine The Last of Us<\/li><\/ul>","protected":false},"excerpt":{"rendered":"<p>Este mapa urbex le ofrece todos los lugares de exploraci\u00f3n urbana (urbex) en<strong> Francia, Auvergne-Rh\u00f4ne-Alpes, Allier (3).<\/strong> Este mapa de lugares perdidos permanecer\u00e1 actualizado y accesible durante al menos 365 d\u00edas despu\u00e9s de la compra.<\/p>\n<p>Este mapa cuenta actualmente con 32 de los lugares de exploraci\u00f3n urbana m\u00e1s singulares de Francia, Auvernia-R\u00f3dano-Alpes: Allier (3) y es accesible desde cualquier lugar con nuestro mapa f\u00e1cil de usar<strong>.<\/p>\n<p><\/strong><strong>Si ya tiene este paquete, puede acceder a \u00e9l a trav\u00e9s de <a href=\"\/es\/mi-cuenta-2\/area-de-miembros\/43905\/mi-contenido-de-afiliacion\/\">Mis mapas &gt; Ver.<\/a><\/strong><strong><\/p>\n<p><\/strong><a href=\"#tab-description\">Lista de todas las ubicaciones de Urbex en este mapa.<\/a><\/p>","protected":false},"featured_media":49053,"template":"","meta":[],"product_brand":[],"product_cat":[1000,227,226,322,1336,1135],"product_tag":[],"class_list":{"0":"post-48813","1":"product","2":"type-product","3":"status-publish","4":"has-post-thumbnail","6":"product_cat-allier-03","7":"product_cat-auvergne-rhone-alps","8":"product_cat-france","9":"product_cat-location-packs","10":"product_cat-maps-auvergne-rhone-alps","11":"product_cat-maps-france","13":"first","14":"instock","15":"virtual","16":"taxable","17":"purchasable","18":"product-type-simple"},"jetpack_sharing_enabled":true,"_links":{"self":[{"href":"https:\/\/urbex.direct\/es\/wp-json\/wp\/v2\/product\/48813","targetHints":{"allow":["GET"]}}],"collection":[{"href":"https:\/\/urbex.direct\/es\/wp-json\/wp\/v2\/product"}],"about":[{"href":"https:\/\/urbex.direct\/es\/wp-json\/wp\/v2\/types\/product"}],"wp:featuredmedia":[{"embeddable":true,"href":"https:\/\/urbex.direct\/es\/wp-json\/wp\/v2\/media\/49053"}],"wp:attachment":[{"href":"https:\/\/urbex.direct\/es\/wp-json\/wp\/v2\/media?parent=48813"}],"wp:term":[{"taxonomy":"product_brand","embeddable":true,"href":"https:\/\/urbex.direct\/es\/wp-json\/wp\/v2\/product_brand?post=48813"},{"taxonomy":"product_cat","embeddable":true,"href":"https:\/\/urbex.direct\/es\/wp-json\/wp\/v2\/product_cat?post=48813"},{"taxonomy":"product_tag","embeddable":true,"href":"https:\/\/urbex.direct\/es\/wp-json\/wp\/v2\/product_tag?post=48813"}],"curies":[{"name":"wp","href":"https:\/\/api.w.org\/{rel}","templated":true}]}}