{"id":48776,"date":"2023-09-16T14:03:49","date_gmt":"2023-09-16T13:03:49","guid":{"rendered":"https:\/\/urbex.direct\/?post_type=product&#038;p=48776"},"modified":"2024-06-20T08:38:35","modified_gmt":"2024-06-20T07:38:35","slug":"location-map-ain-1-france","status":"publish","type":"product","link":"https:\/\/urbex.direct\/es\/product\/location-map-ain-1-france\/","title":{"rendered":"Mapa Urbex Francia, Auvernia-R\u00f3dano-Alpes: Ain (1) (Acceso 1 a\u00f1o)"},"content":{"rendered":"<p>Este mapa contiene los siguientes lugares:<\/p>\n<ul><li>Manoir aux fant\u00f4mes<\/li><li>Casa Bollirison<\/li><li>Castillo TH<\/li><li>Centro Multideporte<\/li><li>Sanatorio del Lago Gel\u00e9<\/li><li>Maison Jungle \/ Maison du sauvage<\/li><li>Chateau Bellevue<\/li><li>Hotel de la Faucille<\/li><li>La F\u00e1brica Mercantil \/ Usine Vulcain<\/li><li>Cimeti\u00e8re de train Mergeais<\/li><li>La f\u00e1brica desconocida \/ Yermo I<\/li><li>Castillo Bellesyri<\/li><li>Le manoir jouets<\/li><li>Discoteca Titanic \/ Discotheque aux Facettes<\/li><li>Chateau Blanc 2.0<\/li><li>Castillo de Bohas<\/li><li>Manoir Flipper \/ Mansi\u00f3n Pinball<\/li><li>Casa Panda<\/li><li>El garaje con restos<\/li><li>Manoir Horloge<\/li><li>Usine Mister Django<\/li><li>Casa Paucod<\/li><\/ul>","protected":false},"excerpt":{"rendered":"<p>Este mapa urbex le ofrece todos los lugares de exploraci\u00f3n urbana (urbex) en<strong> Francia, Auvergne-Rh\u00f4ne-Alpes, Ain (1).<\/strong> Este mapa de lugares perdidos permanecer\u00e1 actualizado y accesible durante al menos 365 d\u00edas despu\u00e9s de la compra.<\/p>\n<p>This map has currently 22 of the most unique urban exploring locations in France, Auvergne-Rh\u00f4ne-Alps: Ain (1) and is accessible from anywhere with our easy to use map<strong>.<\/strong><\/p>\n<p><strong>Si ya tiene este paquete, puede acceder a \u00e9l a trav\u00e9s de <a href=\"\/es\/mi-cuenta-2\/area-de-miembros\/43905\/mi-contenido-de-afiliacion\/\">Mis mapas &gt; Ver.<\/a><\/strong><\/p>\n<p><a href=\"#tab-description\">Lista de todas las ubicaciones de Urbex en este mapa.<\/a><\/p>","protected":false},"featured_media":49059,"template":"","meta":[],"product_brand":[],"product_cat":[1004,227,226,322,1336,1135],"product_tag":[323],"class_list":{"0":"post-48776","1":"product","2":"type-product","3":"status-publish","4":"has-post-thumbnail","6":"product_cat-ain-01","7":"product_cat-auvergne-rhone-alps","8":"product_cat-france","9":"product_cat-location-packs","10":"product_cat-maps-auvergne-rhone-alps","11":"product_cat-maps-france","12":"product_tag-locationpack","14":"first","15":"instock","16":"virtual","17":"taxable","18":"purchasable","19":"product-type-simple"},"jetpack_sharing_enabled":true,"_links":{"self":[{"href":"https:\/\/urbex.direct\/es\/wp-json\/wp\/v2\/product\/48776","targetHints":{"allow":["GET"]}}],"collection":[{"href":"https:\/\/urbex.direct\/es\/wp-json\/wp\/v2\/product"}],"about":[{"href":"https:\/\/urbex.direct\/es\/wp-json\/wp\/v2\/types\/product"}],"wp:featuredmedia":[{"embeddable":true,"href":"https:\/\/urbex.direct\/es\/wp-json\/wp\/v2\/media\/49059"}],"wp:attachment":[{"href":"https:\/\/urbex.direct\/es\/wp-json\/wp\/v2\/media?parent=48776"}],"wp:term":[{"taxonomy":"product_brand","embeddable":true,"href":"https:\/\/urbex.direct\/es\/wp-json\/wp\/v2\/product_brand?post=48776"},{"taxonomy":"product_cat","embeddable":true,"href":"https:\/\/urbex.direct\/es\/wp-json\/wp\/v2\/product_cat?post=48776"},{"taxonomy":"product_tag","embeddable":true,"href":"https:\/\/urbex.direct\/es\/wp-json\/wp\/v2\/product_tag?post=48776"}],"curies":[{"name":"wp","href":"https:\/\/api.w.org\/{rel}","templated":true}]}}