{"id":48720,"date":"2023-09-14T09:45:24","date_gmt":"2023-09-14T08:45:24","guid":{"rendered":"https:\/\/urbex.direct\/?post_type=product&#038;p=48720"},"modified":"2025-05-27T20:03:15","modified_gmt":"2025-05-27T19:03:15","slug":"location-map-pays-de-la-loire-france","status":"publish","type":"product","link":"https:\/\/urbex.direct\/es\/product\/location-map-pays-de-la-loire-france\/","title":{"rendered":"Urbex Map France, Pays de la Loire (1 o 2 a\u00f1os de acceso)"},"content":{"rendered":"<p>Este mapa contiene los siguientes lugares:<\/p>\n<ul><li>El barrio abandonado<\/li><li>Manoir Holzbang<\/li><li>Invernadero Altantique<\/li><li>Forja Usine<\/li><li>Chateau brit\u00e1nico<\/li><li>Casa en el Loira<\/li><li>Entrepot du Belem<\/li><li>Usine Tere<\/li><li>Descargar<\/li><li>Manoir BU<\/li><li>Ferme Oublier<\/li><li>Ferme Bang<\/li><li>Manoir du Maire<\/li><li>Maison Enorme Mysterieux<\/li><li>Manoir Des Jourrnaux<\/li><li>Casa del Concesionario<\/li><li>Ferme Traction \/ Ferme Racines<\/li><li>Castillo Armin Meiwes<\/li><li>Fuerte de la Guerra<\/li><li>Castillo de la Verrie<\/li><li>Coll\u00e8ge aux 4 vents<\/li><li>La derni\u00e8re \u00e9tape<\/li><li>Casa Tetris a orillas del mar<\/li><li>Maisonette de la Vieile<\/li><li>Usine du Don<\/li><li>Cripta de la marquesa<\/li><li>Cementerio de tanques peque\u00f1os<\/li><li>Casa del Violista \/ Casa del M\u00fasico<\/li><li>Maison au toit oubli\u00e9<\/li><li>Chasseur d&#039;hiver<\/li><li>Manoir Eco<\/li><li>Usine Tannerie<\/li><li>Chateau de la R<\/li><li>Usine Volt \/ Usine du Pont<\/li><li>Casa Alicee<\/li><li>Grande Usine Metal<\/li><li>Hospital B<\/li><li>Manoir Renard<\/li><li>Fundici\u00f3n Mayenne<\/li><li>Usine PD<\/li><li>Manoir JM<\/li><li>Manoir Brumeux<\/li><li>Fonderie FIAK<\/li><li>La f\u00e1brica de flores<\/li><li>Maison Caverne \/ Maison Meublis<\/li><li>Casa Fieldview<\/li><li>Cl\u00ednica de la Cruz<\/li><li>Granja BA \/ Maison BA<\/li><li>Ch\u00e2teau Semelle \/ Ch\u00e2teau Canteloup<\/li><li>Manoir Pirmil<\/li><li>Hotel Robin Hood<\/li><li>El cementerio del Gran Tren<\/li><li>Uso de luces<\/li><li>Manoir Dalida<\/li><li>Ancienne Usine de Tissus<\/li><li>Planta con flor<\/li><li>Colegio AB<\/li><li>Boite de nuit CA<\/li><li>Castillo Malbo<\/li><li>Antigua pista deportiva<\/li><\/ul>","protected":false},"excerpt":{"rendered":"<p>Este mapa urbex le ofrece todos los lugares de exploraci\u00f3n urbana (urbex) en<strong> Francia, <\/strong><strong>Pa\u00eds del Loira<\/strong><strong>.<\/strong> Este mapa de lugares perdidos permanecer\u00e1 actualizado y accesible durante al menos 365 d\u00edas despu\u00e9s de la compra.<\/p>\n<p>Este mapa cuenta actualmente con 60 de los lugares m\u00e1s singulares de exploraci\u00f3n urbana en Francia, Pays de la Loire y es accesible desde cualquier lugar con nuestro mapa f\u00e1cil de usar<strong>.<\/strong><\/p>\n<p><strong>Si ya tiene este paquete, puede acceder a \u00e9l a trav\u00e9s de <a href=\"\/es\/mi-cuenta-2\/area-de-miembros\/43905\/mi-contenido-de-afiliacion\/\">Mis mapas &gt; Ver.<\/a><\/strong><\/p>\n<p><a href=\"#tab-description\">Lista de todas las ubicaciones de Urbex en este mapa.<\/a><\/p>","protected":false},"featured_media":48734,"template":"","meta":[],"product_brand":[],"product_cat":[226,322,1135,1347,237],"product_tag":[323],"class_list":{"0":"post-48720","1":"product","2":"type-product","3":"status-publish","4":"has-post-thumbnail","6":"product_cat-france","7":"product_cat-location-packs","8":"product_cat-maps-france","9":"product_cat-maps-pays-de-la-loire","10":"product_cat-pays-de-la-loire","11":"product_tag-locationpack","13":"first","14":"instock","15":"taxable","16":"shipping-taxable","17":"purchasable","18":"product-type-variable"},"jetpack_sharing_enabled":true,"_links":{"self":[{"href":"https:\/\/urbex.direct\/es\/wp-json\/wp\/v2\/product\/48720","targetHints":{"allow":["GET"]}}],"collection":[{"href":"https:\/\/urbex.direct\/es\/wp-json\/wp\/v2\/product"}],"about":[{"href":"https:\/\/urbex.direct\/es\/wp-json\/wp\/v2\/types\/product"}],"wp:featuredmedia":[{"embeddable":true,"href":"https:\/\/urbex.direct\/es\/wp-json\/wp\/v2\/media\/48734"}],"wp:attachment":[{"href":"https:\/\/urbex.direct\/es\/wp-json\/wp\/v2\/media?parent=48720"}],"wp:term":[{"taxonomy":"product_brand","embeddable":true,"href":"https:\/\/urbex.direct\/es\/wp-json\/wp\/v2\/product_brand?post=48720"},{"taxonomy":"product_cat","embeddable":true,"href":"https:\/\/urbex.direct\/es\/wp-json\/wp\/v2\/product_cat?post=48720"},{"taxonomy":"product_tag","embeddable":true,"href":"https:\/\/urbex.direct\/es\/wp-json\/wp\/v2\/product_tag?post=48720"}],"curies":[{"name":"wp","href":"https:\/\/api.w.org\/{rel}","templated":true}]}}