{"id":48074,"date":"2023-07-18T19:20:37","date_gmt":"2023-07-18T18:20:37","guid":{"rendered":"https:\/\/urbex.direct\/?post_type=product&#038;p=48074"},"modified":"2025-05-27T20:07:51","modified_gmt":"2025-05-27T19:07:51","slug":"location-map-fr-provence-alpes-cote-dazur-2023","status":"publish","type":"product","link":"https:\/\/urbex.direct\/es\/product\/location-map-fr-provence-alpes-cote-dazur\/","title":{"rendered":"Mapa Urbex Francia, Provenza-Alpes-Costa Azul (1 \u00f3 2 a\u00f1os de acceso)"},"content":{"rendered":"<p>Este mapa contiene los siguientes lugares:<\/p>\n<ul><li>Boite de Nuit 04<\/li><li>Jam\u00f3n de Ruine<\/li><li>Parque de construcci\u00f3n<\/li><li>Piscina ol\u00edmpica<\/li><li>Buffet abandonado<\/li><li>Maison Plage<\/li><li>Fuerte del Serre<\/li><li>Maison de l&#039;Assassin<\/li><li>Chapelle G<\/li><li>Hospital Felix Zehetner<\/li><li>Villa Sharon<\/li><li>Hotel con piscina privada<\/li><li>Villa Valor<\/li><li>Manoir Cuba<\/li><li>Casa Fara\u00f3n<\/li><li>Hopital des Vents<\/li><li>Villa del Dictador<\/li><li>Villa August Sangret<\/li><li>Hotel de l&#039;Anneau<\/li><li>Chateau Robert Hansen<\/li><li>Observatorio en el mar<\/li><li>Usine Hydro-Agri<\/li><li>Piscina luminosa<\/li><li>F\u00e1brica 23 \/ Usine 23<\/li><li>Iglesia del Sur<\/li><li>Le Kube \/ El Cubo<\/li><li>Castillo Desideria<\/li><li>Domaine Game Over<\/li><li>El Rancho<\/li><li>Casa Gustavo<\/li><li>Pueblo FED<\/li><li>Manoir Honorine<\/li><li>Ferme des Plaines<\/li><li>Maison de l&#039;horreur<\/li><li>Casa de los Ronces<\/li><li>Ruine de falaise<\/li><li>Maison de Retraite du Chat<\/li><li>Usine Arles<\/li><li>Piscina Bulot<\/li><li>El dominio de los Esp\u00edritus<\/li><li>Maison des Jumelles<\/li><li>Ferme de Fos<\/li><li>El dominio del Relais<\/li><li>Casa Eva Peaur\u00e9<\/li><li>La cueva Berliet<\/li><li>Casa de retiro del Pintor<\/li><li>Bo\u00eete de Nuit Relax<\/li><li>Hospital des Anges<\/li><li>Casa de piedra<\/li><li>Clinique Rouge<\/li><li>Hotel Louis<\/li><li>Terminal de mataderos<\/li><li>Restaurante Panorama<\/li><li>Coll\u00e8ge Amour<\/li><li>Base Militar del Valle<\/li><li>Casa Edouard<\/li><li>Teatro Ath\u00e9na<\/li><li>For\u00eat de B\u00e9ton<\/li><li>La Bergerie<\/li><li>Casa Naick<\/li><li>Casa Vella<\/li><li>Casa del Renard<\/li><li>Usine de C\u00e9r\u00e9ales<\/li><li>Usine Duclos<\/li><li>Restos de Usine<\/li><li>Castillo Batarney<\/li><li>Castillo del Pintor<\/li><li>Villa du fauteuil<\/li><li>Villa en bord de mer<\/li><li>Clinique RMT<\/li><li>Casa del Golf<\/li><li>Manoir Grime<\/li><li>Villa de la Plage<\/li><li>Centro de observaci\u00f3n militar<\/li><li>CFA Militar<\/li><li>Maison Foresti\u00e8re<\/li><li>Maxi Aluvi\u00f3n<\/li><li>Pueblo fantasma 2<\/li><li>Hotel California<\/li><li>Villa du fauteuil<\/li><li>Ciudad fantasma Barry<\/li><li>Zoom Hotel<\/li><li>Escuela del Olivar<\/li><li>Pabellones de almacenamiento perdidos<\/li><li>Casa oculta<\/li><li>Uso de papel en el bosque<\/li><li>Garaje en ruina<\/li><li>Piscine CED<\/li><li>Hotel des Pins<\/li><\/ul>","protected":false},"excerpt":{"rendered":"<p>Este mapa urbex le ofrece todos los lugares de exploraci\u00f3n urbana (urbex) en<strong> Francia, <\/strong><strong>Provenza-Alpes-Costa Azul<\/strong><strong>.<\/strong> Este mapa de lugares perdidos permanecer\u00e1 actualizado y accesible durante al menos 365 d\u00edas despu\u00e9s de la compra.<\/p>\n<p>Este mapa cuenta actualmente con 89 de los lugares m\u00e1s singulares de exploraci\u00f3n urbana en Francia, Provenza-Alpes-Costa Azul y es accesible desde cualquier lugar con nuestro mapa f\u00e1cil de usar<strong>.<\/strong><\/p>\n<p><strong>Si ya tiene este paquete, puede acceder a \u00e9l a trav\u00e9s de <a href=\"\/es\/mi-cuenta-2\/area-de-miembros\/43905\/mi-contenido-de-afiliacion\/\">Mis mapas &gt; Ver.<\/a><\/strong><\/p>\n<p><a href=\"#tab-description\">Lista de todas las ubicaciones de Urbex en este mapa.<\/a><\/p>","protected":false},"featured_media":48081,"template":"","meta":[],"product_brand":[],"product_cat":[226,322,1135,1348,317],"product_tag":[],"class_list":{"0":"post-48074","1":"product","2":"type-product","3":"status-publish","4":"has-post-thumbnail","6":"product_cat-france","7":"product_cat-location-packs","8":"product_cat-maps-france","9":"product_cat-maps-provence-alpes-cote-dazur","10":"product_cat-provence-alpes-cote-dazur","12":"first","13":"instock","14":"taxable","15":"shipping-taxable","16":"purchasable","17":"product-type-variable"},"jetpack_sharing_enabled":true,"_links":{"self":[{"href":"https:\/\/urbex.direct\/es\/wp-json\/wp\/v2\/product\/48074","targetHints":{"allow":["GET"]}}],"collection":[{"href":"https:\/\/urbex.direct\/es\/wp-json\/wp\/v2\/product"}],"about":[{"href":"https:\/\/urbex.direct\/es\/wp-json\/wp\/v2\/types\/product"}],"wp:featuredmedia":[{"embeddable":true,"href":"https:\/\/urbex.direct\/es\/wp-json\/wp\/v2\/media\/48081"}],"wp:attachment":[{"href":"https:\/\/urbex.direct\/es\/wp-json\/wp\/v2\/media?parent=48074"}],"wp:term":[{"taxonomy":"product_brand","embeddable":true,"href":"https:\/\/urbex.direct\/es\/wp-json\/wp\/v2\/product_brand?post=48074"},{"taxonomy":"product_cat","embeddable":true,"href":"https:\/\/urbex.direct\/es\/wp-json\/wp\/v2\/product_cat?post=48074"},{"taxonomy":"product_tag","embeddable":true,"href":"https:\/\/urbex.direct\/es\/wp-json\/wp\/v2\/product_tag?post=48074"}],"curies":[{"name":"wp","href":"https:\/\/api.w.org\/{rel}","templated":true}]}}