{"id":45851,"date":"2022-12-07T16:47:24","date_gmt":"2022-12-07T16:47:24","guid":{"rendered":"https:\/\/urbex.direct\/?post_type=product&#038;p=45851"},"modified":"2025-05-22T17:50:53","modified_gmt":"2025-05-22T16:50:53","slug":"mapa-de-localizacion-lombardia-2023","status":"publish","type":"product","link":"https:\/\/urbex.direct\/es\/product\/location-map-it-lombardy\/","title":{"rendered":"Mapa Urbex Italia: Lombard\u00eda (1 o 2 a\u00f1os de acceso)"},"content":{"rendered":"<p>Este mapa contiene los siguientes lugares:<\/p>\n<ul><li>Iglesia Dimentica<\/li><li>Groenlandia<\/li><li>Labo del Male<\/li><li>Manicomio de Mombello<\/li><li>Orfanato Mono<\/li><li>Villa Camilla<\/li><li>Villa Mira<\/li><li>Parque de la Rep\u00fablica<\/li><li>Centro Comercial Milano<\/li><li>Ciudad Fantasma<\/li><li>Grand Hotel P \/ Campo Estivo<\/li><li>Villa Di Vecchi<\/li><li>Discoteca Xo<\/li><li>Villa R Spazio<\/li><li>Impianto Idroelettrico<\/li><li>Sanatorio Divo Carolo Dicatum<\/li><li>Palazzo D'Oro \/ Villa Gold<\/li><li>Castillo Sorpresa<\/li><li>Teatro Politeama<\/li><li>Villa Delle Cennere<\/li><li>Iglesia de las Gallinas<\/li><li>Villa di Vetro<\/li><li>Palacio del Alquimista<\/li><li>Palazzo Piccione \/ Villa Pittore \/ Villa Madame Bovary<\/li><li>Centro Comercial Pyramid<\/li><li>Villa Micia<\/li><li>Llegar al helic\u00f3ptero<\/li><li>Vecchi autobus e vecchie auto<\/li><li>Villa Redentore \/ Palacio Conte V<\/li><li>Villa Targaryen<\/li><li>Castillo del Pittore<\/li><li>Villa Fattore<\/li><li>Miniera T \/ Fluorietmijn<\/li><li>Villa Weiss<\/li><li>Casa Grifiando<\/li><li>Ferme Rosto<\/li><li>Villa Exelia<\/li><li>Usine Nozo<\/li><li>Cine Rosa<\/li><li>La Villa dell'amore con la fabbrica<\/li><li>Casa Bionda<\/li><li>Casa dell'usura<\/li><li>Fabbrica autosufficiente<\/li><li>Piatto Architettura Brutalista<\/li><li>Villa Glicine<\/li><li>Villa Monticel<\/li><li>Villa Giovanni<\/li><li>La casa Bambini<\/li><li>Fabricca 27<\/li><li>La Villa della Notte<\/li><li>Castello Del Oasi<\/li><li>La Scuola della Paura<\/li><li>Pub Arriba y Abajo<\/li><li>Chiesa con cortile giardino<\/li><li>Villa Verderio<\/li><li>La gran f\u00e1brica de cartas<\/li><\/ul>","protected":false},"excerpt":{"rendered":"<p>Este mapa urbex le ofrece todos los lugares de exploraci\u00f3n urbana (urbex) en<strong> Italia, Lombard\u00eda.<\/strong> Este mapa de lugares perdidos permanecer\u00e1 actualizado y accesible durante al menos 365 d\u00edas despu\u00e9s de la compra.<\/p>\n<p>This map has currently 56 of the most unique urban exploring locations in Italy: Lombardy and is accessible from anywhere with our easy to use map<strong>.<\/strong><\/p>\n<p><strong>Si ya tiene este paquete, puede acceder a \u00e9l a trav\u00e9s de <a href=\"\/es\/mi-cuenta-2\/area-de-miembros\/43905\/mi-contenido-de-afiliacion\/\">Mis mapas &gt; Ver.<\/a><\/strong><\/p>\n<p><a href=\"#tab-description\">Lista de todas las ubicaciones de Urbex en este mapa.<\/a><\/p>","protected":false},"featured_media":48122,"template":"","meta":[],"product_brand":[],"product_cat":[243,322,246,1137],"product_tag":[],"class_list":{"0":"post-45851","1":"product","2":"type-product","3":"status-publish","4":"has-post-thumbnail","6":"product_cat-italy","7":"product_cat-location-packs","8":"product_cat-lombardy","9":"product_cat-maps-italy","11":"first","12":"instock","13":"taxable","14":"shipping-taxable","15":"purchasable","16":"product-type-variable"},"jetpack_sharing_enabled":true,"_links":{"self":[{"href":"https:\/\/urbex.direct\/es\/wp-json\/wp\/v2\/product\/45851","targetHints":{"allow":["GET"]}}],"collection":[{"href":"https:\/\/urbex.direct\/es\/wp-json\/wp\/v2\/product"}],"about":[{"href":"https:\/\/urbex.direct\/es\/wp-json\/wp\/v2\/types\/product"}],"wp:featuredmedia":[{"embeddable":true,"href":"https:\/\/urbex.direct\/es\/wp-json\/wp\/v2\/media\/48122"}],"wp:attachment":[{"href":"https:\/\/urbex.direct\/es\/wp-json\/wp\/v2\/media?parent=45851"}],"wp:term":[{"taxonomy":"product_brand","embeddable":true,"href":"https:\/\/urbex.direct\/es\/wp-json\/wp\/v2\/product_brand?post=45851"},{"taxonomy":"product_cat","embeddable":true,"href":"https:\/\/urbex.direct\/es\/wp-json\/wp\/v2\/product_cat?post=45851"},{"taxonomy":"product_tag","embeddable":true,"href":"https:\/\/urbex.direct\/es\/wp-json\/wp\/v2\/product_tag?post=45851"}],"curies":[{"name":"wp","href":"https:\/\/api.w.org\/{rel}","templated":true}]}}