{"id":45839,"date":"2022-12-07T16:29:55","date_gmt":"2022-12-07T16:29:55","guid":{"rendered":"https:\/\/urbex.direct\/?post_type=product&#038;p=45839"},"modified":"2025-05-22T18:00:55","modified_gmt":"2025-05-22T17:00:55","slug":"mapa-de-situacion-it-toscana","status":"publish","type":"product","link":"https:\/\/urbex.direct\/es\/product\/location-map-it-tuscany\/","title":{"rendered":"Urbex Map Italia: Toscana (1 o 2 a\u00f1os de acceso)"},"content":{"rendered":"<p>Este mapa contiene los siguientes lugares:<\/p>\n<ul><li>Manicomio de Volterra<\/li><li>Termas del Corallo<\/li><li>Sanatorio Lucia<\/li><li>Villa Viale<\/li><li>Estaci\u00f3n de hielo Zebra<\/li><li>Villa EB<\/li><li>Hotel Zano<\/li><li>Annesso di Zano<\/li><li>Villa GM<\/li><li>Discoteca Ozgur Dengiz<\/li><li>Villa Sbertoli<\/li><li>Sanatorio Bellavista<\/li><li>Borgo di Villa S Lost Village<\/li><li>Piscina en la jungla<\/li><li>Villa Delle Virtu<\/li><li>Casa Della Nonna<\/li><li>Villa Condom<\/li><li>Invernadero Steampunk<\/li><li>Villa Del Dottore LG<\/li><li>Villa Canneto<\/li><li>Villa del Farmacista<\/li><li>Residenza signorile<\/li><li>Villa delle statue<\/li><li>Casa Solitario<\/li><li>Convento delle monache felice<\/li><li>Instituto Salesiano<\/li><li>Hospital Verde \/ Colosso Grigio<\/li><li>La Serra Thermale \/ Bagno Thermale<\/li><li>Capella M<\/li><li>El saco de sulfuro abandonado<\/li><li>GP de Spa<\/li><li>Castello Zano \/ Non Plus Ultra<\/li><li>Monasterio de Tassa<\/li><li>Villa Pappagaio<\/li><li>Villa Carduci<\/li><li>Scuola Giovanni<\/li><li>Castillo de Montepescini<\/li><li>Usine D&#039;outils<\/li><li>Villa della carrozzina \/ Villa della Resistenza<\/li><li>El castillo sin Rey en el pueblo de Nadie<\/li><li>Therme BG<\/li><li>Casas Gialla Infestata<\/li><li>Villa Mirabella<\/li><li>Al Trotto Ippodromo<\/li><li>Incubo in cucina<\/li><li>Villa Hansel &amp; Gretel<\/li><li>Polvo de estrellas<\/li><li>Planta cer\u00e1mica<\/li><li>Hotel Madonna<\/li><li>Hotel Eagle<\/li><li>Casa di Rosa<\/li><li>Vecchio e ruggine<\/li><li>Rosso Chimico<\/li><li>Casa della ferrovia<\/li><li>Fornace nella foresta<\/li><li>Mercado de la jungla<\/li><li>Brillo de f\u00e1brica<\/li><li>Relaciones p\u00fablicas Forte<\/li><li>Fattoria Didi<\/li><\/ul>","protected":false},"excerpt":{"rendered":"<p>Este mapa urbex le ofrece todos los lugares de exploraci\u00f3n urbana (urbex) en<strong> Italia, Toscana.<\/strong> Este mapa de lugares perdidos permanecer\u00e1 actualizado y accesible durante al menos 365 d\u00edas despu\u00e9s de la compra.<\/p>\n<p>Este mapa tiene actualmente 59 de los lugares m\u00e1s singulares de exploraci\u00f3n urbana en Italia: Toscana y es accesible desde cualquier lugar con nuestro mapa f\u00e1cil de usar<strong>.<\/strong><\/p>\n<p><strong>Si ya tiene este paquete, puede acceder a \u00e9l a trav\u00e9s de <a href=\"\/es\/mi-cuenta-2\/area-de-miembros\/43905\/mi-contenido-de-afiliacion\/\">Mis mapas &gt; Ver.<\/a><\/strong><\/p>\n<p><a href=\"#tab-description\">Lista de todas las ubicaciones de Urbex en este mapa.<\/a><\/p>","protected":false},"featured_media":48124,"template":"","meta":[],"product_brand":[],"product_cat":[243,322,1137,250],"product_tag":[],"class_list":{"0":"post-45839","1":"product","2":"type-product","3":"status-publish","4":"has-post-thumbnail","6":"product_cat-italy","7":"product_cat-location-packs","8":"product_cat-maps-italy","9":"product_cat-tuscany","11":"first","12":"instock","13":"taxable","14":"shipping-taxable","15":"purchasable","16":"product-type-variable"},"jetpack_sharing_enabled":true,"_links":{"self":[{"href":"https:\/\/urbex.direct\/es\/wp-json\/wp\/v2\/product\/45839","targetHints":{"allow":["GET"]}}],"collection":[{"href":"https:\/\/urbex.direct\/es\/wp-json\/wp\/v2\/product"}],"about":[{"href":"https:\/\/urbex.direct\/es\/wp-json\/wp\/v2\/types\/product"}],"wp:featuredmedia":[{"embeddable":true,"href":"https:\/\/urbex.direct\/es\/wp-json\/wp\/v2\/media\/48124"}],"wp:attachment":[{"href":"https:\/\/urbex.direct\/es\/wp-json\/wp\/v2\/media?parent=45839"}],"wp:term":[{"taxonomy":"product_brand","embeddable":true,"href":"https:\/\/urbex.direct\/es\/wp-json\/wp\/v2\/product_brand?post=45839"},{"taxonomy":"product_cat","embeddable":true,"href":"https:\/\/urbex.direct\/es\/wp-json\/wp\/v2\/product_cat?post=45839"},{"taxonomy":"product_tag","embeddable":true,"href":"https:\/\/urbex.direct\/es\/wp-json\/wp\/v2\/product_tag?post=45839"}],"curies":[{"name":"wp","href":"https:\/\/api.w.org\/{rel}","templated":true}]}}