{"id":45249,"date":"2022-10-11T09:30:19","date_gmt":"2022-10-11T08:30:19","guid":{"rendered":"https:\/\/urbex.direct\/?post_type=product&#038;p=45249"},"modified":"2025-05-22T17:49:08","modified_gmt":"2025-05-22T16:49:08","slug":"location-map-it-emilia-romagna-2","status":"publish","type":"product","link":"https:\/\/urbex.direct\/es\/product\/location-map-it-emilia-romagna\/","title":{"rendered":"Urbex Map Italia: Emilia-Roma\u00f1a (1 o 2 a\u00f1os de acceso)"},"content":{"rendered":"<p>Este mapa contiene los siguientes lugares:<\/p>\n<ul><li>Mansi\u00f3n Conte di Cavour<\/li><li>Fabbrica d'argento<\/li><li>Casa sforzo finale<\/li><li>Capilla Azul<\/li><li>Grand Hotel et de Milan<\/li><li>Preventorio di R<\/li><li>Torre Oculus<\/li><li>Villa L<\/li><li>Villa V<\/li><li>Acquazzurra Parco<\/li><li>Villa Prati<\/li><li>Discoteca Topkapi<\/li><li>Villa Buenos Aires<\/li><li>Discoteca Quaresimo<\/li><li>Carcere Maria<\/li><li>Fabbrica Zincata<\/li><li>Villa Infestato<\/li><li>Asilo Aguscello<\/li><li>Parque industrial<\/li><li>Scuola Mezzo<\/li><li>Cine Embassy<\/li><li>Sanatorio Catone<\/li><li>Cl\u00ednica Bereta<\/li><li>Funivia<\/li><li>Fabbrica gigante<\/li><li>Fabbrica Gezani<\/li><li>Universidad Casalec<\/li><li>Hotel Olmatello<\/li><li>Cartiera ER<\/li><li>Discoteca Woodpecker<\/li><li>Villa Ferri<\/li><li>Estatua de Villa Delle<\/li><li>Villa Alessia<\/li><li>Capella Novi<\/li><li>Villa Voleno<\/li><li>Hotel Gabriele<\/li><li>Hotel a 5 Stelle<\/li><li>Teatro C<\/li><li>La scuola di Frankenstein \/ Scoula de Manequies<\/li><li>Villa Zodiaco<\/li><li>Palazzo dei dieci pianoforti \/ Villa 10 Pianos (S\u00f3lo con permiso)<\/li><li>Ex Manicomio Di Colorno<\/li><li>Discoteca Diana<\/li><li>Scuola Dimenticata<\/li><li>La Casa Gialla<\/li><li>Villa del Cavallo<\/li><li>Fabbrica Gorizia<\/li><li>Castillo del artista<\/li><li>Iglesia de San Jos\u00e9 y Santa Mar\u00eda<\/li><li>Villa Arcobaleno<\/li><li>La villa della Volpe \/ Casa Della Volpe<\/li><li>Iglesia de Rigo<\/li><li>Villa Catini<\/li><li>Nuevo cine<\/li><li>Iglesia Monte Cavalloro<\/li><li>Villa del cavaliere \/ Villa Vorkona<\/li><li>Villa Jumanji<\/li><li>Pecios rusos<\/li><li>Batimento Z<\/li><li>Silo Cereali<\/li><li>Maxio Fridgeria<\/li><li>Casa Santa Claus<\/li><li>Casa del relitto<\/li><li>Casa rosso edera<\/li><li>La Casa alla stazione<\/li><li>Azucarera E<\/li><li>Casa Mar\u00eda<\/li><li>La comunit\u00e0 abbandonata \/ La comunidad abandonada<\/li><li>Base militare in citt\u00e0 \/ Base militar en la ciudad<\/li><li>La casa stregata \/ The Haunted House<\/li><li>Casa con fienile pianeggiante \/ House with flat barn<\/li><li>La possente Villa \/ La poderosa Villa<\/li><li>La fattoria e la cappella \/ La granja y la capilla<\/li><li>Fattoria Storica \/ Granja hist\u00f3rica<\/li><li>Otra granja en ruinas \/ Un'altra fattoria fatiscente<\/li><li>Vecchia purificazione dell'acqua \/ Vieja purificaci\u00f3n del agua<\/li><li>La piccola stazione \/ La peque\u00f1a estaci\u00f3n<\/li><li>La ristrutturazione fallita \/ La renovaci\u00f3n fallida<\/li><li>Il rifugio per cani abbandonati \/ El refugio para perros abandonados<\/li><li>Casino Palacia<\/li><li>Hotel Thermale<\/li><li>Fattoria in pista \/ Granja en la v\u00eda f\u00e9rrea<\/li><li>Piscina sulla spiaggia \/ Piscina en la playa<\/li><li>Fabbrica dell'aviazione \/ F\u00e1brica de aviaci\u00f3n<\/li><li>La casa fantasma \/ The Ghost House<\/li><li>Villa Animali \/ Villa Animales<\/li><li>La casa dei dimenticati<\/li><li>Mansi\u00f3n Ulisse<\/li><li>Casa en rovina<\/li><li>Peque\u00f1o castillo abandonado<\/li><\/ul>","protected":false},"excerpt":{"rendered":"<p>Este mapa urbex le ofrece todos los lugares de exploraci\u00f3n urbana (urbex) en<strong> Italia, Emilia-Romagna.<\/strong> Este mapa de lugares perdidos permanecer\u00e1 actualizado y accesible durante al menos 365 d\u00edas despu\u00e9s de la compra.<\/p>\n<p>Este mapa cuenta actualmente con 90 de los lugares de exploraci\u00f3n urbana m\u00e1s singulares de Italia: Emilia-Romagna y es accesible desde cualquier lugar con nuestro mapa f\u00e1cil de usar<strong>.<\/strong><\/p>\n<p><strong>Si ya tiene este paquete, puede acceder a \u00e9l a trav\u00e9s de <a href=\"\/es\/mi-cuenta-2\/area-de-miembros\/43905\/mi-contenido-de-afiliacion\/\">Mis mapas &gt; Ver.<\/a><\/strong><\/p>\n<p><a href=\"#tab-description\">Lista de todas las ubicaciones de Urbex en este mapa.<\/a><\/p>","protected":false},"featured_media":48121,"template":"","meta":[],"product_brand":[],"product_cat":[244,243,322,1137],"product_tag":[],"class_list":{"0":"post-45249","1":"product","2":"type-product","3":"status-publish","4":"has-post-thumbnail","6":"product_cat-emilia-romagna-2","7":"product_cat-italy","8":"product_cat-location-packs","9":"product_cat-maps-italy","11":"first","12":"instock","13":"taxable","14":"shipping-taxable","15":"purchasable","16":"product-type-variable"},"jetpack_sharing_enabled":true,"_links":{"self":[{"href":"https:\/\/urbex.direct\/es\/wp-json\/wp\/v2\/product\/45249","targetHints":{"allow":["GET"]}}],"collection":[{"href":"https:\/\/urbex.direct\/es\/wp-json\/wp\/v2\/product"}],"about":[{"href":"https:\/\/urbex.direct\/es\/wp-json\/wp\/v2\/types\/product"}],"wp:featuredmedia":[{"embeddable":true,"href":"https:\/\/urbex.direct\/es\/wp-json\/wp\/v2\/media\/48121"}],"wp:attachment":[{"href":"https:\/\/urbex.direct\/es\/wp-json\/wp\/v2\/media?parent=45249"}],"wp:term":[{"taxonomy":"product_brand","embeddable":true,"href":"https:\/\/urbex.direct\/es\/wp-json\/wp\/v2\/product_brand?post=45249"},{"taxonomy":"product_cat","embeddable":true,"href":"https:\/\/urbex.direct\/es\/wp-json\/wp\/v2\/product_cat?post=45249"},{"taxonomy":"product_tag","embeddable":true,"href":"https:\/\/urbex.direct\/es\/wp-json\/wp\/v2\/product_tag?post=45249"}],"curies":[{"name":"wp","href":"https:\/\/api.w.org\/{rel}","templated":true}]}}