{"id":43725,"date":"2022-08-12T19:50:50","date_gmt":"2022-08-12T18:50:50","guid":{"rendered":"https:\/\/urbex.direct\/?post_type=product&#038;p=43725"},"modified":"2025-05-22T17:57:00","modified_gmt":"2025-05-22T16:57:00","slug":"location-map-it-sardinia-2","status":"publish","type":"product","link":"https:\/\/urbex.direct\/es\/product\/location-map-it-sardinia\/","title":{"rendered":"Urbex Mapa Italia: Cerde\u00f1a (1 o 2 a\u00f1os de acceso)"},"content":{"rendered":"<p>Este mapa contiene los siguientes lugares: <ul><li>Villa Stefani<\/li><li>Ristorante viola<\/li><li>Mina Argentiera<\/li><li>Hotel Eden Beach<\/li><li>Palazzo Palm<\/li><li>Casa di Direttore<\/li><li>Cappella AU<\/li><li>Prigione H29<\/li><li>Casa Cedrino<\/li><li>Sardocalce<\/li><li>F\u00e1brica PT<\/li><li>Casa Angello<\/li><li>Hotel Green Park<\/li><li>Fornace di calce<\/li><li>Hotel C<\/li><li>Villa della contessa<\/li><li>El pueblo de los mineros<\/li><li>Villaggio Abbandonato A<\/li><li>Complejo tur\u00edstico<\/li><li>Albergo di mare<\/li><li>Disco Kiss<\/li><li>Cementera Felice<\/li><li>Hospital de Abergo<\/li><li>Hotel Velico<\/li><li>Cementi Alba<\/li><li>Albergo Ferroviario<\/li><li>Disco Energ\u00eda<\/li><li>Miniera de Frodo<\/li><li>Cartaria Atax<\/li><li>Discoteca dei sacerdoti<\/li><li>Seggiovia Abbandonata \/ Telesilla perdido<\/li><li>Abbandonato il mio villaggio<\/li><li>Emisora de radio Cold War<\/li><li>Villa Esqueleto<\/li><li>Salida del hotel<\/li><li>Sanatorio Nove<\/li><li>Locomotoras olvidadas<\/li><li>Caso de una c\u00fapula<\/li><li>Villa Stangoni<\/li><li>Taza Villa<\/li><li>Grande Club<\/li><li>Hotel Benve<\/li><li>Centrale Electrica Caterina<\/li><li>Fabbrica di calce<\/li><li>Villa Ginestra \/ Villa Idina<\/li><li>Pueblo minero fantasma<\/li><li>Mensa mineraria<\/li><li>Villa Weber<\/li><li>F\u00e1brica de muebles<\/li><li>Fabbrica del gigante di ferro<\/li><li>Robien Centro Comercial<\/li><li>Fabbrica di Sapone<\/li><li>La Diga Dimenticata<\/li><li>El Campo Militar de las Leyendas \/ Radar de Sardina<\/li><li>Club Deportivo de Monta\u00f1a<\/li><li>Observatorio astron\u00f3mico<\/li><li>Disco Tsunami<\/li><li>Ospedale M<\/li><li>Albergo dei birilli<\/li><li>Hotel Capo Taleuda<\/li><li>La miniera del t\u00e9cnico<\/li><li>Fabbrica Kork<\/li><li>Instituto ENAP<\/li><li>La Colonia nuda<\/li><li>Impianto di trattamento delle acque reflue<\/li><li>Estaci\u00f3n de Molinas<\/li><li>Casa Capo<\/li><li>Villa M<\/li><li>El dormitorio de la central el\u00e9ctrica<\/li><li>Villaggio del sesso abbandonato<\/li><li>L&#039;ultimo piatto<\/li><li>Campo de minas<\/li><li>Villa Pietri<\/li><li>Capella Pietri<\/li><li>Latticini U<\/li><li>Pueblo Tropica<\/li><li>Colonia de los ni\u00f1os perdidos<\/li><li>Cantera B<\/li><li>El pueblo a la escucha<\/li><li>La Casa Fantasma Diga<\/li><li>Caserma L<\/li><li>Las cajas de la central el\u00e9ctrica<\/li><li>El antiguo pueblo militar<\/li><li>Colonia de caballos del rey<\/li><li>La antigua pizzer\u00eda<\/li><li>Zona minera abandonada<\/li><li>Campamento Polv<\/li><li>Usine Picci<\/li><li>Miniera Sed<\/li><li>Las ruinas de una peque\u00f1a ciudad<\/li><li>Techo perdido Village<\/li><li>Estadio retirado \/ Stadio in pensione<\/li><li>Sanatorio Fantasmo<\/li><li>5 in a row \/ 5 de fila<\/li><li>Puente del terremoto \/ Ponte del terremoto<\/li><li>Villa Falcone<\/li><li>Discoteca Otto<\/li><li>Scuola invasa SL<\/li><li>Casa de los Tres Pilares<\/li><li>El viejo bar de los campos<\/li><li>Hornos romanos<\/li><li>Granja de \u00e1rboles Oreda<\/li><li>Solo le bellissime pareti<\/li><li>Sala de las M\u00e1quinas<\/li><li>All'incrocio<\/li><li>Las rocas de la colina<\/li><\/ul><\/p>","protected":false},"excerpt":{"rendered":"<p>Este mapa urbex le ofrece todos los lugares de exploraci\u00f3n urbana (urbex) en<strong> Italia, Cerde\u00f1a. <\/strong>Este mapa de lugares perdidos permanecer\u00e1 actualizado y accesible durante al menos 365 d\u00edas despu\u00e9s de la compra. <\/p>\n<p>Este mapa cuenta actualmente con 106 de los lugares de exploraci\u00f3n urbana m\u00e1s singulares de Italia: Cerde\u00f1a y es accesible desde cualquier lugar con nuestro mapa f\u00e1cil de usar<strong>. <\/p>\n<p><\/strong><strong>Si ya tiene este paquete, puede acceder a \u00e9l a trav\u00e9s de <a href=\"\/es\/mi-cuenta-2\/area-de-miembros\/43905\/mi-contenido-de-afiliacion\/\">Mis mapas &gt; Ver.<\/a><\/strong> <\/p>\n<p><a href=\"#tab-description\">Lista de todas las ubicaciones de Urbex en este mapa.<\/a><\/p>","protected":false},"featured_media":48123,"template":"","meta":[],"product_brand":[],"product_cat":[243,322,1137,249],"product_tag":[323],"class_list":{"0":"post-43725","1":"product","2":"type-product","3":"status-publish","4":"has-post-thumbnail","6":"product_cat-italy","7":"product_cat-location-packs","8":"product_cat-maps-italy","9":"product_cat-sardinia","10":"product_tag-locationpack","12":"first","13":"instock","14":"taxable","15":"shipping-taxable","16":"purchasable","17":"product-type-variable"},"jetpack_sharing_enabled":true,"_links":{"self":[{"href":"https:\/\/urbex.direct\/es\/wp-json\/wp\/v2\/product\/43725","targetHints":{"allow":["GET"]}}],"collection":[{"href":"https:\/\/urbex.direct\/es\/wp-json\/wp\/v2\/product"}],"about":[{"href":"https:\/\/urbex.direct\/es\/wp-json\/wp\/v2\/types\/product"}],"wp:featuredmedia":[{"embeddable":true,"href":"https:\/\/urbex.direct\/es\/wp-json\/wp\/v2\/media\/48123"}],"wp:attachment":[{"href":"https:\/\/urbex.direct\/es\/wp-json\/wp\/v2\/media?parent=43725"}],"wp:term":[{"taxonomy":"product_brand","embeddable":true,"href":"https:\/\/urbex.direct\/es\/wp-json\/wp\/v2\/product_brand?post=43725"},{"taxonomy":"product_cat","embeddable":true,"href":"https:\/\/urbex.direct\/es\/wp-json\/wp\/v2\/product_cat?post=43725"},{"taxonomy":"product_tag","embeddable":true,"href":"https:\/\/urbex.direct\/es\/wp-json\/wp\/v2\/product_tag?post=43725"}],"curies":[{"name":"wp","href":"https:\/\/api.w.org\/{rel}","templated":true}]}}