{"id":43718,"date":"2022-08-12T19:24:34","date_gmt":"2022-08-12T18:24:34","guid":{"rendered":"https:\/\/urbex.direct\/?post_type=product&#038;p=43718"},"modified":"2025-05-16T23:53:13","modified_gmt":"2025-05-16T22:53:13","slug":"location-map-paises-bajos-todas-las-regiones","status":"publish","type":"product","link":"https:\/\/urbex.direct\/es\/product\/location-map-netherlands-all-regions\/","title":{"rendered":"Urbex Map Pa\u00edses Bajos: Todas las regiones (1 o 2 a\u00f1os de acceso)"},"content":{"rendered":"<p>Este mapa contiene los siguientes lugares: <ul><li>Oficina del Trono Blanco<\/li><li>Castillo de la Bruja \/ Chateau Moderna<\/li><li>Edificios Tronics<\/li><li>Villa del Fuego<\/li><li>Barcos oxidados<\/li><li>Casa de juguete<\/li><li>Residencia abandonada<\/li><li>Riverstone<\/li><li>Ruine LS<\/li><li>Bunker M<\/li><li>Trenes perdidos<\/li><li>Restaurante Ruine<\/li><li>Autopista perdida<\/li><li>Gran complejo de oficinas<\/li><li>Fuerte W \/ Bunker W<\/li><li>Hotel Decay<\/li><li>Acueducto B<\/li><li>El bosque interior<\/li><li>Chorros de fuego rojos<\/li><li>The Stone Factory \/ Rave Factory<\/li><li>F\u00e1brica de piedra K<\/li><li>F\u00e1brica Con Oficina<\/li><li>La piscina permanece<\/li><li>F\u00e1brica de piedra azul<\/li><li>Pabellones cubiertos de maleza<\/li><li>Gasolina<\/li><li>Zwembad WM<\/li><li>Camping indio<\/li><li>Granja Cascos<\/li><li>Granja Citroen<\/li><li>El tanque est\u00e1 vac\u00edo<\/li><li>Bunker S<\/li><li>De Kruidenier<\/li><li>El ej\u00e9rcito perdido<\/li><li>Casa B<\/li><li>Campamento militar W<\/li><li>Perdido Midgetgolf<\/li><li>Rusthuis V<\/li><li>El campo de compras<\/li><li>The Dutch Beast \/ De Nederlandse Graafinstallatie<\/li><li>Casa Volle Melk<\/li><li>Parque tem\u00e1tico N<\/li><li>Basura Escuela M<\/li><li>Cementerio de los locos 2<\/li><li>Oficina Bird<\/li><li>Tropica Ambla<\/li><li>Dep\u00f3sito vac\u00edo, casa vac\u00eda<\/li><li>El Encuentro<\/li><li>Cementerio de autobuses y camiones<\/li><li>Granja Polder<\/li><li>Media Granja<\/li><li>Casa Wold<\/li><li>Het Tuincentrum \/ El Centro de Jardiner\u00eda<\/li><li>Farm Fliet<\/li><li>Usine W<\/li><li>Piedra del bosque<\/li><li>Usine Carton<\/li><li>Aardappelmeelfabriek<\/li><li>B\u00fankeres de la Guerra Mundial<\/li><li>Fiemel \/ Pistola WW2<\/li><li>Casa Jansen<\/li><li>Ventanas de madera<\/li><li>F\u00e1brica DZ \/ F\u00e1brica 1865<\/li><li>F\u00e1brica de papel \/ Papier Fabriek<\/li><li>Barco Pancake<\/li><li>Casa Harm<\/li><li>F\u00e1brica de piedra RH<\/li><li>The TV Factory<\/li><li>Cine M<\/li><li>Casa Piastrella<\/li><li>Huize Vesela<\/li><li>Casa del Suicidio<\/li><li>Granja de cerdos<\/li><li>Hoeve P<\/li><li>Casino V<\/li><li>Sex Club V<\/li><li>Morgue jud\u00eda<\/li><li>Spookhuizen M \/ Casas encantadas M<\/li><li>Usine Joost<\/li><li>Casa fantasma \/ Geestenhuis<\/li><li>Granja romana<\/li><li>Garaje De Jungle<\/li><li>La F\u00e1brica Blanca \/ De Witte Fabriek<\/li><li>Cantera de piedra caliza<\/li><li>The remains of the Falcon<\/li><li>Peter\u2019s crumbled pool<\/li><li>Decayed metalfoundry H<\/li><li>Casa 1945<\/li><li>Casa Demi<\/li><li>Het Trash Huisje \/ La casa de la basura<\/li><li>Tren \u00c1ngel Azul<\/li><li>Granja doble<\/li><li>Piscina en la jungla<\/li><li>Maison ECS \/ Huize ECS<\/li><li>Dutch Ghost Station<\/li><li>Coches de patio<\/li><li>Casa pecera<\/li><li>Estudiantes fuera<\/li><li>La Oficina de la Hierba<\/li><li>La granja perdida<\/li><li>Casa Basura<\/li><li>Garaje Citro\u00c3 \"n<\/li><li>Cami\u00f3n de bomberos quemado<\/li><li>Granja Lazy<\/li><li>Oficina CC<\/li><li>Ruinas rurales<\/li><li>F\u00e1brica semiderruida<\/li><li>Granja Pieter<\/li><li>Granja Oliebommel<\/li><li>Casa Edera<\/li><li>'t Hoompje<\/li><li>Usine Bloccare<\/li><li>Ruine Villa Ridder<\/li><li>Jard\u00edn del Futuro<\/li><li>Lockheed F-104<\/li><li>Casa Solitaria<\/li><li>Usine Abeja<\/li><li>Maison Safe<\/li><li>Granja sin tejado<\/li><li>Bunker H<\/li><li>Bunker Hospital L<\/li><li>Casa Koe<\/li><li>Gallinero abandonado<\/li><li>Zoo fantasma<\/li><li>Watertoren<\/li><li>V\u00eda navegable perdida<\/li><li>Maasstaal<\/li><li>Invernaderos de uva<\/li><li>Cable Usine<\/li><li>Las casas b\u00fanker<\/li><li>El muro del b\u00fanker<\/li><li>Piscina P<\/li><li>El puente olvidado<\/li><li>Casa Timberland \/ La casita detr\u00e1s de la carretera<\/li><li>Hecho en casa<\/li><li>Granja de naranjas<\/li><li>Bunker<\/li><li>Bunker<\/li><li>Bunker<\/li><li>Bunker<\/li><li>Bunker<\/li><li>Bunker<\/li><li>Bunker<\/li><li>Bunker<\/li><li>Bunker<\/li><li>Bunker<\/li><li>Bunker<\/li><li>Bunker<\/li><li>Bunker<\/li><li>Bunker<\/li><li>Bunker<\/li><li>Bunker<\/li><li>Bunker<\/li><li>Bunker<\/li><li>Bunker<\/li><li>Bunker<\/li><li>Bunker<\/li><li>Bunker<\/li><li>Bunker<\/li><li>Fuerte Ellewoud<\/li><li>Fuerte Rammekens<\/li><li>Bunker<\/li><li>Bunker<\/li><li>Fuerte Penserdijk<\/li><li>Fuerte Noorddijk<\/li><li>Bunker<\/li><li>Fort benoorden Spaarndam<\/li><li>Bunker<\/li><li>Bunker<\/li><li>Bunker<\/li><li>Bunker<\/li><li>Bunker<\/li><li>Bunker<\/li><li>Fuerte de Ijmuiden<\/li><li>Bunker<\/li><li>Bunker<\/li><li>Bunker<\/li><\/ul><\/p>","protected":false},"excerpt":{"rendered":"<p>Este mapa urbex le ofrece todos los lugares de exploraci\u00f3n urbana (urbex) en<strong> Pa\u00edses Bajos, Todas las regiones.<\/strong> <\/p>\n<p>This lost places map will remain updated and accessible for at least 365 days after purchase. This map has currently 177 of the most unique urban exploring locations in The Netherlands: All Regions and is accessible from anywhere with our easy to use map<strong>. <\/p>\n<p><\/strong><strong>Si ya tiene este paquete, puede acceder a \u00e9l a trav\u00e9s de <a href=\"\/es\/mi-cuenta-2\/area-de-miembros\/43905\/mi-contenido-de-afiliacion\/\">Mis mapas &gt; Ver.<\/a><\/strong> <a href=\"#tab-description\">Lista de todas las ubicaciones de Urbex en este mapa.<\/a><\/p>","protected":false},"featured_media":48150,"template":"","meta":[],"product_brand":[],"product_cat":[322,1136,259],"product_tag":[323],"class_list":{"0":"post-43718","1":"product","2":"type-product","3":"status-publish","4":"has-post-thumbnail","6":"product_cat-location-packs","7":"product_cat-maps-the-netherlands","8":"product_cat-the-netherlands","9":"product_tag-locationpack","11":"first","12":"instock","13":"taxable","14":"shipping-taxable","15":"purchasable","16":"product-type-variable"},"jetpack_sharing_enabled":true,"_links":{"self":[{"href":"https:\/\/urbex.direct\/es\/wp-json\/wp\/v2\/product\/43718","targetHints":{"allow":["GET"]}}],"collection":[{"href":"https:\/\/urbex.direct\/es\/wp-json\/wp\/v2\/product"}],"about":[{"href":"https:\/\/urbex.direct\/es\/wp-json\/wp\/v2\/types\/product"}],"wp:featuredmedia":[{"embeddable":true,"href":"https:\/\/urbex.direct\/es\/wp-json\/wp\/v2\/media\/48150"}],"wp:attachment":[{"href":"https:\/\/urbex.direct\/es\/wp-json\/wp\/v2\/media?parent=43718"}],"wp:term":[{"taxonomy":"product_brand","embeddable":true,"href":"https:\/\/urbex.direct\/es\/wp-json\/wp\/v2\/product_brand?post=43718"},{"taxonomy":"product_cat","embeddable":true,"href":"https:\/\/urbex.direct\/es\/wp-json\/wp\/v2\/product_cat?post=43718"},{"taxonomy":"product_tag","embeddable":true,"href":"https:\/\/urbex.direct\/es\/wp-json\/wp\/v2\/product_tag?post=43718"}],"curies":[{"name":"wp","href":"https:\/\/api.w.org\/{rel}","templated":true}]}}