{"id":43519,"date":"2022-07-20T21:00:03","date_gmt":"2022-07-20T20:00:03","guid":{"rendered":"https:\/\/urbex.direct\/?post_type=product&#038;p=43519"},"modified":"2025-05-22T17:37:59","modified_gmt":"2025-05-22T16:37:59","slug":"location-map-italy-all-regions-2","status":"publish","type":"product","link":"https:\/\/urbex.direct\/es\/product\/location-map-italy-all-regions\/","title":{"rendered":"Urbex Map Italia: Todas las regiones (1 o 2 a\u00f1os de acceso)"},"content":{"rendered":"<p>Este mapa contiene los siguientes lugares: <ul><li>Casa Mysteria<\/li><li>Convento SM<\/li><li>Hospital CS \/ Ospedale CS<\/li><li>Centro termal<\/li><li>Villa Ranalli<\/li><li>Vilaaggio Perduto Fara<\/li><li>Notte del villaggio abbandonato<\/li><li>Villa Atelier Della Scultrice<\/li><li>Palacio del Cardenal<\/li><li>Ex Istituto Geso Devino Operaio<\/li><li>Convento B<\/li><li>Monasterio Di Fara<\/li><li>Villa Ponam<\/li><li>Pista D&#039;oro<\/li><li>Orfanotrofio Marcigliana<\/li><li>Villa Mario<\/li><li>Manicomio Psiqui\u00e1trico<\/li><li>Elixir de la aldea perdida<\/li><li>Peque\u00f1o Zoo \/ Piccolo Zoo<\/li><li>Escuela de Gigantes<\/li><li>Villa Status Quo<\/li><li>Ippodromo di Lafuente<\/li><li>Casa Sperimentale<\/li><li>Cine con estatuas<\/li><li>Fabricca SIA<\/li><li>Hotel Bonifacev<\/li><li>Cimenterie Cerrano<\/li><li>Raffineria di zucchero<\/li><li>F\u00e1brica de abastecimiento<\/li><li>Casa Scarpa<\/li><li>Castillo de los Ciclopi<\/li><li>Capannone invaso dalla vegetazione<\/li><li>Serre Aurelia 1<\/li><li>Serre Aurelia 2<\/li><li>Colonia Pyrgi<\/li><li>Octogonus<\/li><li>Mercati Centrali con gru<\/li><li>Moulin \u00c0 Huile<\/li><li>Gran Hotel Primus<\/li><li>Central Hidroel\u00e9ctrica<\/li><li>F\u00e1brica de medicamentos<\/li><li>Usine Cecconi<\/li><li>Villa su Strada<\/li><li>Piscina blanca<\/li><li>Saponificio<\/li><li>Campo Interno<\/li><li>Colonia Firenza<\/li><li>Fabbrica di Teschi<\/li><li>Hotel Nico<\/li><li>Castillo en el bosque<\/li><li>Fabbrica Mistral<\/li><li>Ferme Aux Pigeons<\/li><li>Fabricca di Mira<\/li><li>Ex Cartiera AP<\/li><li>Alloggi dei lavoratori<\/li><li>El monasterio abandonado al agua<\/li><li>Fabbrica Vita<\/li><li>Cartiera e centro congressi<\/li><li>Parque acu\u00e1tico G<\/li><li>Casa Romano<\/li><li>Satan\u00e1s Iglesia Ruina<\/li><li>Doppia Fabbrica<\/li><li>Villa non finita<\/li><li>Le vecchie terme<\/li><li>Villa Pasa<\/li><li>Villa Vina<\/li><li>Villa Botticelli<\/li><li>Iglesia del Parocco<\/li><li>Convento Corridonia<\/li><li>Aquaparc Adri\u00e1tico<\/li><li>Villa Vespa<\/li><li>Villa Dei Volatili<\/li><li>Villa Milanov<\/li><li>Villa Dei Poeti<\/li><li>Iglesia de los \u00c1ngeles<\/li><li>Disco Sophistica<\/li><li>Allenamento di calcio<\/li><li>Chiesa Verde \/ Chiesa del cane pazzo<\/li><li>La chiesa a casa<\/li><li>La chiesa rimane<\/li><li>Monastero nella nebbia<\/li><li>Discoteca Frank<\/li><li>Convento de F<\/li><li>Ospedale Gallo<\/li><li>Ristorante Della Nave<\/li><li>L&#039;hotel con 2 torri<\/li><li>Grupo motopropulsor V<\/li><li>Centrale elettrica ENEL<\/li><li>Iglesia de A<\/li><li>Villa Palma<\/li><li>La Casa Della Nonna<\/li><li>Villa Compresso<\/li><li>Estaci\u00f3n de Magazzini<\/li><li>La vecchia scuola di aviazione<\/li><li>Hotel Torre<\/li><li>Convento Verde<\/li><li>Abad\u00eda Angelo<\/li><li>Fabbrica di polveri<\/li><li>Chiesa rosa verde<\/li><li>Fortezza Ginevra<\/li><li>Villaggio della doppia chiesa<\/li><li>Matadero de palomas<\/li><li>El Burgage perdido<\/li><li>Escuela de Biolog\u00eda<\/li><li>Fabbrica Olio d&#039; Oliva<\/li><li>Villa Agora<\/li><li>Fabbrica la Biancheria Sporca<\/li><li>Fabbrica CPT<\/li><li>Villa Coni<\/li><li>Villa Uva<\/li><li>Granja abandonada<\/li><li>Destiler\u00eda Nuova<\/li><li>Tet\u00e1nico<\/li><li>Acquapark griego<\/li><li>Instituto Psicopedag\u00f3gico<\/li><li>Villa Ferrero<\/li><li>O sole mio<\/li><li>Pueblo rural abandonado<\/li><li>Miragica<\/li><li>Colegio Naval<\/li><li>Villa Cerulli Bozzi Corso<\/li><li>Iglesia de San Jorge de los Armenios<\/li><li>Sacar<\/li><li>Casa Di Molla<\/li><li>Hotel M<\/li><li>Hotel A<\/li><li>Hotel Golden<\/li><li>Villaggio Normanna<\/li><li>Villagio Iverna<\/li><li>Piscina crollata<\/li><li>Convento Episcopal<\/li><li>Impianto Chimico<\/li><li>Hotel Piana<\/li><li>Abandono del terreno<\/li><li>Casa senza finestre<\/li><li>L'oliveto<\/li><li>F\u00e1brica de cemento C<\/li><li>El gran sitio de la f\u00e1brica<\/li><li>Apartamentos no finalizados<\/li><li>L'albergo dei rifiuti \/ El hotel de los desechos<\/li><li>Casa Avati<\/li><li>Fabbrica Scarsa visibilit\u00e0<\/li><li>La fabbrica delle arance<\/li><li>L'appartamento vuoto<\/li><li>Villa Pazza<\/li><li>Fabbrica tra le strade<\/li><li>Villaggio Tocco<\/li><li>Chiessa C<\/li><li>Guardare Attraverso<\/li><li>Fabbrica Tetto Ruggine<\/li><li>Villa Inaspettato<\/li><li>Casa Mo<\/li><li>Ruderi C<\/li><li>Fabbrica A<\/li><li>Valle de los Molinos<\/li><li>Casa di Cal<\/li><li>Casa Viti<\/li><li>Villaggio Provinciale<\/li><li>Hotel de la V\u00e9suve<\/li><li>Base Nato<\/li><li>Ciudad fantasma AV<\/li><li>Chiesseta Agreste<\/li><li>Iglesia de San Antonio<\/li><li>Chiessa Madonna dil Ponte<\/li><li>Iglesia Largo Capuccini<\/li><li>La ciudad abandonada, en la ciudad abandonada<\/li><li>Villas para\u00edso verde<\/li><li>Undead Asylum Campania<\/li><li>Prison Break Campania<\/li><li>Piscina Lost Paradise<\/li><li>Convento medieval<\/li><li>Palacio Ducal<\/li><li>Ancienne Fabrique NSS<\/li><li>Hotel Eremo<\/li><li>Casa Di Spinola<\/li><li>Aldea perdida Pog<\/li><li>Miniera di solfiti<\/li><li>F\u00e1brica Coso<\/li><li>Castillo de Catarina<\/li><li>El Club del Mar<\/li><li>Ospedale Clearblue<\/li><li>La fattoria dimenticata<\/li><li>Casa Kasko<\/li><li>Fabbrica nella fattoria<\/li><li>Rovina della fattoria<\/li><li>Rovina della fattoria 2<\/li><li>La rovina sulla montagna<\/li><li>Puente y t\u00fanel de Potter abandonados<\/li><li>Casa Lofaro<\/li><li>La spa in crescita<\/li><li>Casa dell'autostrada<\/li><li>Chiesa Baro<\/li><li>Caserma Ruina Strand<\/li><li>Gran Hotel Templi<\/li><li>Castillo de Somersault<\/li><li>Fabbrica Xi&#039;an<\/li><li>Escuela Oscura de M\u00fasica<\/li><li>Discoteca Divina<\/li><li>Manicomio de Racconigi<\/li><li>Ospedale Bargnetta \/ La Bertagnetta<\/li><li>Asilo V<\/li><li>Villa Trendy<\/li><li>Villa Luciano<\/li><li>\u00daltimo Imperio<\/li><li>Instituto Giuseppini<\/li><li>Ospedale della Croce Rossa<\/li><li>Monastry MG<\/li><li>Villa Sottos<\/li><li>Castillo Novi<\/li><li>Villa Dante<\/li><li>Chiesa CM<\/li><li>Villa Margherita<\/li><li>Castillo de Savi<\/li><li>Villa Corinna<\/li><li>Villa Melano<\/li><li>Fabbrica Fantasia<\/li><li>Villa Martiri<\/li><li>Orfanotrofio S<\/li><li>Aldea perdida de Camillio<\/li><li>Castello Di V<\/li><li>Rovina Nella Foresta<\/li><li>Villa Albero delle Scimmie<\/li><li>Villa Abbettere<\/li><li>Fabbrica Grande e Vuoto<\/li><li>Casa Frazione<\/li><li>Villa Lm<\/li><li>Distribuidor de gasolina abandonado<\/li><li>Fabbrica T<\/li><li>Fabbrica Angolo<\/li><li>Iglesia Madrina<\/li><li>F\u00e1brica de colores<\/li><li>Chiesa SC<\/li><li>La Furnasetta<\/li><li>Palazzo L<\/li><li>Passo Dopo Passo<\/li><li>Palacio Oriental de las Gemas<\/li><li>Castello di L<\/li><li>Ectoplasma<\/li><li>Villa Becker<\/li><li>Castello Di Re Claudio<\/li><li>Ospedale Pronto Scorsso<\/li><li>Villa Conchiglia<\/li><li>Cine Enal<\/li><li>Santuario Bertha Gifford<\/li><li>Villa Donato Bilancia<\/li><li>Castillo Mirafiori \/ Castillo del Drosso<\/li><li>Villa Grazia<\/li><li>Escuela Globe<\/li><li>Preventorio Infantil<\/li><li>Discoteca Cesar Palace<\/li><li>Villa Artom<\/li><li>Escuela Tofana<\/li><li>Iglesia Bosco<\/li><li>Villa Solita<\/li><li>Villa Flavia<\/li><li>Mansi\u00f3n Duchessa<\/li><li>Casa Nella Foresta<\/li><li>Segreti di Cotone \/ La Filature effiloch\u00e9e \/ La filature arlequine<\/li><li>Palazzo Sciure \/ Il Sanatorio Maledetto Di Bioglio<\/li><li>Villa Ron<\/li><li>Villa Rice<\/li><li>Casa di Bambola<\/li><li>Casa Baobicala<\/li><li>Villa B<\/li><li>Albergo S<\/li><li>Villa del cacciatore<\/li><li>Casa Vara<\/li><li>Ferme Scina<\/li><li>Uso productivo<\/li><li>Chiesa Rhogama<\/li><li>Fattoria Gazzurlo<\/li><li>El Globe Club<\/li><li>La mansi\u00f3n 8K<\/li><li>Discoteca Aphro<\/li><li>La fattoria in montagna<\/li><li>Casa Ast<\/li><li>La Torre de la Iglesia de Pisa<\/li><li>Azienda agricola ASL<\/li><li>La granja de la llave \/ La fattoria chiave<\/li><li>Villa Mandela<\/li><li>La granja nuclear \/ La fattoria nucleare<\/li><li>La iglesia bien escondida \/ La chiesa ben nascosta<\/li><li>Las grandes salas de los esqueletos \/ Le grandi sale degli scheletri<\/li><li>Casa colonica sulla strada \/ Casa colonica sulla strada<\/li><li>La f\u00e1brica de saxos \/ La fabbrica di sassofoni<\/li><li>Manicomio psiqui\u00e1trico<\/li><li>La casa del lobo de mar<\/li><li>Castillo Kippy<\/li><li>Villaggio fantasma<\/li><li>Hotel Alberghetti<\/li><li>Capella di Villa Durazzo<\/li><li>Chiesa Edio<\/li><li>Colonia Antonia Devoto<\/li><li>Colonia Fara<\/li><li>Manicomio de Cuarto<\/li><li>Palacio Bordoni<\/li><li>Villa Caelum<\/li><li>Villa Sultana<\/li><li>Villa Zan<\/li><li>Hotel Pigna<\/li><li>Electricidad central<\/li><li>Hotel Coloniale<\/li><li>Mausoleo Crespi<\/li><li>Villa Ardesia<\/li><li>Iglesia de los or\u00edgenes<\/li><li>Ospedale Mediterraneo<\/li><li>Manicomio de Cogoleto<\/li><li>Zona de exploraci\u00f3n lunar<\/li><li>Villa Puma<\/li><li>Forte C<\/li><li>Forte T<\/li><li>Chiesa Bianca<\/li><li>Chiesa Verde<\/li><li>Fabbrica Sub<\/li><li>Villa Romano<\/li><li>Termas de Battaglione<\/li><li>Antena de F1<\/li><li>Ristorante dell&#039;aereo<\/li><li>Villa Miari<\/li><li>Isla del V\u00e9neto<\/li><li>Discoteca Miro<\/li><li>Villa della Contessa Impazzita<\/li><li>Viejo Lancia<\/li><li>Discoteca Madruga<\/li><li>Villa Cabia<\/li><li>Chiessetta Nobiliare<\/li><li>Hotel balneario<\/li><li>Chiesa O<\/li><li>Casa Alice \/ Casa Diane<\/li><li>Centro comercial Esso<\/li><li>Villa Alfred Ogwang<\/li><li>Teatro Evoluzione<\/li><li>Palacio a Sorpresa<\/li><li>Albergo Simpson<\/li><li>Campamento hippie<\/li><li>Asilo Granzette<\/li><li>Fabbrica Forti<\/li><li>Stoccaggio Alibaba<\/li><li>Fabbrica-citt\u00e0<\/li><li>Base misilistica<\/li><li>El gran albergue rico<\/li><li>Hotel Cristallo<\/li><li>Villa Astron\u00f3mica<\/li><li>Casa con balcone<\/li><li>El Monasterio Solar<\/li><li>C\u00fapula autom\u00e1tica<\/li><li>La vida de un m\u00f3naco<\/li><li>Maison De L&#039;Impagliatore<\/li><li>Base del ladro<\/li><li>La f\u00e1brica de trenes<\/li><li>Fabbrica s<\/li><li>Villa Nebbiosa<\/li><li>Antigua iglesia de San Marziala<\/li><li>Casa Malcazine<\/li><li>Villa Reliquia<\/li><li>Cappella nella foresta \/ Cappella Bianchi<\/li><li>F\u00e1brica Branco<\/li><li>Ospedale Al Mare<\/li><li>La regina della seta<\/li><li>El campo prometido<\/li><li>Caso Nosedo<\/li><li>Villa Castelnuovo<\/li><li>F\u00e1brica de comedores sociales<\/li><li>Polvor\u00edn abandonado<\/li><li>Castle Ghostories<\/li><li>Kinderheim<\/li><li>Monasterio de Santa Cruz<\/li><li>Stabilimento Alluminio<\/li><li>Albergo Montano<\/li><li>Albergo scomunicato<\/li><li>Bagni a tre Cime<\/li><li>El gigante de los bosques<\/li><li>La casa divina<\/li><li>La f\u00e1brica de salchichas<\/li><li>Casa Petrol<\/li><li>Hotel Maria Auxi<\/li><li>3 Case sulla roccia<\/li><li>Complejo de bater\u00edas<\/li><li>Estaci\u00f3n del telef\u00e9rico de la OTAN<\/li><li>Villa Gemona<\/li><li>Cacciatori delle Alpi<\/li><li>Sorelle en Miseria<\/li><li>Casa Ikonik<\/li><li>Belleza industrial<\/li><li>Chiesa mani di Dio<\/li><li>Villa Stefani<\/li><li>Ristorante viola<\/li><li>Mina Argentiera<\/li><li>Hotel Eden Beach<\/li><li>Palazzo Palm<\/li><li>Casa di Direttore<\/li><li>Cappella AU<\/li><li>Prigione H29<\/li><li>Casa Cedrino<\/li><li>Sardocalce<\/li><li>F\u00e1brica PT<\/li><li>Casa Angello<\/li><li>Hotel Green Park<\/li><li>Fornace di calce<\/li><li>Hotel C<\/li><li>Villa della contessa<\/li><li>El pueblo de los mineros<\/li><li>Villaggio Abbandonato A<\/li><li>Complejo tur\u00edstico<\/li><li>Albergo di mare<\/li><li>Disco Kiss<\/li><li>Cementera Felice<\/li><li>Hospital de Abergo<\/li><li>Hotel Velico<\/li><li>Cementi Alba<\/li><li>Albergo Ferroviario<\/li><li>Disco Energ\u00eda<\/li><li>Miniera de Frodo<\/li><li>Cartaria Atax<\/li><li>Discoteca dei sacerdoti<\/li><li>Seggiovia Abbandonata \/ Telesilla perdido<\/li><li>Abbandonato il mio villaggio<\/li><li>Emisora de radio Cold War<\/li><li>Villa Esqueleto<\/li><li>Salida del hotel<\/li><li>Sanatorio Nove<\/li><li>Locomotoras olvidadas<\/li><li>Caso de una c\u00fapula<\/li><li>Villa Stangoni<\/li><li>Taza Villa<\/li><li>Grande Club<\/li><li>Hotel Benve<\/li><li>Centrale Electrica Caterina<\/li><li>Fabbrica di calce<\/li><li>Villa Ginestra \/ Villa Idina<\/li><li>Pueblo minero fantasma<\/li><li>Mensa mineraria<\/li><li>Villa Weber<\/li><li>F\u00e1brica de muebles<\/li><li>Fabbrica del gigante di ferro<\/li><li>Robien Centro Comercial<\/li><li>Fabbrica di Sapone<\/li><li>La Diga Dimenticata<\/li><li>El Campo Militar de las Leyendas \/ Radar de Sardina<\/li><li>Club Deportivo de Monta\u00f1a<\/li><li>Observatorio astron\u00f3mico<\/li><li>Disco Tsunami<\/li><li>Ospedale M<\/li><li>Albergo dei birilli<\/li><li>Hotel Capo Taleuda<\/li><li>La miniera del t\u00e9cnico<\/li><li>Fabbrica Kork<\/li><li>Instituto ENAP<\/li><li>La Colonia nuda<\/li><li>Impianto di trattamento delle acque reflue<\/li><li>Estaci\u00f3n de Molinas<\/li><li>Casa Capo<\/li><li>Villa M<\/li><li>El dormitorio de la central el\u00e9ctrica<\/li><li>Villaggio del sesso abbandonato<\/li><li>L&#039;ultimo piatto<\/li><li>Campo de minas<\/li><li>Villa Pietri<\/li><li>Capella Pietri<\/li><li>Latticini U<\/li><li>Pueblo Tropica<\/li><li>Colonia de los ni\u00f1os perdidos<\/li><li>Cantera B<\/li><li>El pueblo a la escucha<\/li><li>La Casa Fantasma Diga<\/li><li>Caserma L<\/li><li>Las cajas de la central el\u00e9ctrica<\/li><li>El antiguo pueblo militar<\/li><li>Colonia de caballos del rey<\/li><li>La antigua pizzer\u00eda<\/li><li>Zona minera abandonada<\/li><li>Campamento Polv<\/li><li>Usine Picci<\/li><li>Miniera Sed<\/li><li>Las ruinas de una peque\u00f1a ciudad<\/li><li>Techo perdido Village<\/li><li>Estadio retirado \/ Stadio in pensione<\/li><li>Sanatorio Fantasmo<\/li><li>5 in a row \/ 5 de fila<\/li><li>Puente del terremoto \/ Ponte del terremoto<\/li><li>Villa Falcone<\/li><li>Discoteca Otto<\/li><li>Scuola invasa SL<\/li><li>Casa de los Tres Pilares<\/li><li>El viejo bar de los campos<\/li><li>Hornos romanos<\/li><li>Granja de \u00e1rboles Oreda<\/li><li>Solo le bellissime pareti<\/li><li>Sala de las M\u00e1quinas<\/li><li>All'incrocio<\/li><li>Las rocas de la colina<\/li><li>Mansi\u00f3n Conte di Cavour<\/li><li>Fabbrica d'argento<\/li><li>Casa sforzo finale<\/li><li>Capilla Azul<\/li><li>Grand Hotel et de Milan<\/li><li>Preventorio di R<\/li><li>Torre Oculus<\/li><li>Villa L<\/li><li>Villa V<\/li><li>Acquazzurra Parco<\/li><li>Villa Prati<\/li><li>Discoteca Topkapi<\/li><li>Villa Buenos Aires<\/li><li>Discoteca Quaresimo<\/li><li>Carcere Maria<\/li><li>Fabbrica Zincata<\/li><li>Villa Infestato<\/li><li>Asilo Aguscello<\/li><li>Parque industrial<\/li><li>Scuola Mezzo<\/li><li>Cine Embassy<\/li><li>Sanatorio Catone<\/li><li>Cl\u00ednica Bereta<\/li><li>Funivia<\/li><li>Fabbrica gigante<\/li><li>Fabbrica Gezani<\/li><li>Universidad Casalec<\/li><li>Hotel Olmatello<\/li><li>Cartiera ER<\/li><li>Discoteca Woodpecker<\/li><li>Villa Ferri<\/li><li>Estatua de Villa Delle<\/li><li>Villa Alessia<\/li><li>Capella Novi<\/li><li>Villa Voleno<\/li><li>Hotel Gabriele<\/li><li>Hotel a 5 Stelle<\/li><li>Teatro C<\/li><li>La scuola di Frankenstein \/ Scoula de Manequies<\/li><li>Villa Zodiaco<\/li><li>Palazzo dei dieci pianoforti \/ Villa 10 Pianos (S\u00f3lo con permiso)<\/li><li>Ex Manicomio Di Colorno<\/li><li>Discoteca Diana<\/li><li>Scuola Dimenticata<\/li><li>La Casa Gialla<\/li><li>Villa del Cavallo<\/li><li>Fabbrica Gorizia<\/li><li>Castillo del artista<\/li><li>Iglesia de San Jos\u00e9 y Santa Mar\u00eda<\/li><li>Villa Arcobaleno<\/li><li>La villa della Volpe \/ Casa Della Volpe<\/li><li>Iglesia de Rigo<\/li><li>Villa Catini<\/li><li>Nuevo cine<\/li><li>Iglesia Monte Cavalloro<\/li><li>Villa del cavaliere \/ Villa Vorkona<\/li><li>Villa Jumanji<\/li><li>Pecios rusos<\/li><li>Batimento Z<\/li><li>Silo Cereali<\/li><li>Maxio Fridgeria<\/li><li>Casa Santa Claus<\/li><li>Casa del relitto<\/li><li>Casa rosso edera<\/li><li>La Casa alla stazione<\/li><li>Azucarera E<\/li><li>Casa Mar\u00eda<\/li><li>La comunit\u00e0 abbandonata \/ La comunidad abandonada<\/li><li>Base militare in citt\u00e0 \/ Base militar en la ciudad<\/li><li>La casa stregata \/ The Haunted House<\/li><li>Casa con fienile pianeggiante \/ House with flat barn<\/li><li>La possente Villa \/ La poderosa Villa<\/li><li>La fattoria e la cappella \/ La granja y la capilla<\/li><li>Fattoria Storica \/ Granja hist\u00f3rica<\/li><li>Otra granja en ruinas \/ Un'altra fattoria fatiscente<\/li><li>Vecchia purificazione dell'acqua \/ Vieja purificaci\u00f3n del agua<\/li><li>La piccola stazione \/ La peque\u00f1a estaci\u00f3n<\/li><li>La ristrutturazione fallita \/ La renovaci\u00f3n fallida<\/li><li>Il rifugio per cani abbandonati \/ El refugio para perros abandonados<\/li><li>Casino Palacia<\/li><li>Hotel Thermale<\/li><li>Fattoria in pista \/ Granja en la v\u00eda f\u00e9rrea<\/li><li>Piscina sulla spiaggia \/ Piscina en la playa<\/li><li>Fabbrica dell'aviazione \/ F\u00e1brica de aviaci\u00f3n<\/li><li>La casa fantasma \/ The Ghost House<\/li><li>Villa Animali \/ Villa Animales<\/li><li>La casa dei dimenticati<\/li><li>Mansi\u00f3n Ulisse<\/li><li>Casa en rovina<\/li><li>Peque\u00f1o castillo abandonado<\/li><li>La mezza chiesa<\/li><li>Fabbrica Mattei<\/li><li>Iglesia ic\u00f3nica<\/li><li>Cimitero parrocchiale<\/li><li>Casa invadida por la vegetaci\u00f3n<\/li><li>Villa Maz<\/li><li>Manicomio de Volterra<\/li><li>Termas del Corallo<\/li><li>Sanatorio Lucia<\/li><li>Villa Viale<\/li><li>Estaci\u00f3n de hielo Zebra<\/li><li>Villa EB<\/li><li>Hotel Zano<\/li><li>Annesso di Zano<\/li><li>Villa GM<\/li><li>Discoteca Ozgur Dengiz<\/li><li>Villa Sbertoli<\/li><li>Sanatorio Bellavista<\/li><li>Borgo di Villa S Lost Village<\/li><li>Piscina en la jungla<\/li><li>Villa Delle Virtu<\/li><li>Casa Della Nonna<\/li><li>Villa Condom<\/li><li>Invernadero Steampunk<\/li><li>Villa Del Dottore LG<\/li><li>Villa Canneto<\/li><li>Villa del Farmacista<\/li><li>Residenza signorile<\/li><li>Villa delle statue<\/li><li>Casa Solitario<\/li><li>Convento delle monache felice<\/li><li>Instituto Salesiano<\/li><li>Hospital Verde \/ Colosso Grigio<\/li><li>La Serra Thermale \/ Bagno Thermale<\/li><li>Capella M<\/li><li>El saco de sulfuro abandonado<\/li><li>GP de Spa<\/li><li>Castello Zano \/ Non Plus Ultra<\/li><li>Monasterio de Tassa<\/li><li>Villa Pappagaio<\/li><li>Villa Carduci<\/li><li>Scuola Giovanni<\/li><li>Castillo de Montepescini<\/li><li>Usine D&#039;outils<\/li><li>Villa della carrozzina \/ Villa della Resistenza<\/li><li>El castillo sin Rey en el pueblo de Nadie<\/li><li>Therme BG<\/li><li>Casas Gialla Infestata<\/li><li>Villa Mirabella<\/li><li>Al Trotto Ippodromo<\/li><li>Incubo in cucina<\/li><li>Villa Hansel &amp; Gretel<\/li><li>Polvo de estrellas<\/li><li>Planta cer\u00e1mica<\/li><li>Hotel Madonna<\/li><li>Hotel Eagle<\/li><li>Casa di Rosa<\/li><li>Vecchio e ruggine<\/li><li>Rosso Chimico<\/li><li>Casa della ferrovia<\/li><li>Fornace nella foresta<\/li><li>Mercado de la jungla<\/li><li>Brillo de f\u00e1brica<\/li><li>Relaciones p\u00fablicas Forte<\/li><li>Fattoria Didi<\/li><li>Iglesia Dimentica<\/li><li>Groenlandia<\/li><li>Labo del Male<\/li><li>Manicomio de Mombello<\/li><li>Orfanato Mono<\/li><li>Villa Camilla<\/li><li>Villa Mira<\/li><li>Parque de la Rep\u00fablica<\/li><li>Centro Comercial Milano<\/li><li>Ciudad Fantasma<\/li><li>Grand Hotel P \/ Campo Estivo<\/li><li>Villa Di Vecchi<\/li><li>Discoteca Xo<\/li><li>Villa R Spazio<\/li><li>Impianto Idroelettrico<\/li><li>Sanatorio Divo Carolo Dicatum<\/li><li>Palazzo D'Oro \/ Villa Gold<\/li><li>Castillo Sorpresa<\/li><li>Teatro Politeama<\/li><li>Villa Delle Cennere<\/li><li>Iglesia de las Gallinas<\/li><li>Villa di Vetro<\/li><li>Palacio del Alquimista<\/li><li>Palazzo Piccione \/ Villa Pittore \/ Villa Madame Bovary<\/li><li>Centro Comercial Pyramid<\/li><li>Villa Micia<\/li><li>Llegar al helic\u00f3ptero<\/li><li>Vecchi autobus e vecchie auto<\/li><li>Villa Redentore \/ Palacio Conte V<\/li><li>Villa Targaryen<\/li><li>Castillo del Pittore<\/li><li>Villa Fattore<\/li><li>Miniera T \/ Fluorietmijn<\/li><li>Villa Weiss<\/li><li>Casa Grifiando<\/li><li>Ferme Rosto<\/li><li>Villa Exelia<\/li><li>Usine Nozo<\/li><li>Cine Rosa<\/li><li>La Villa dell'amore con la fabbrica<\/li><li>Casa Bionda<\/li><li>Casa dell'usura<\/li><li>Fabbrica autosufficiente<\/li><li>Piatto Architettura Brutalista<\/li><li>Villa Glicine<\/li><li>Villa Monticel<\/li><li>Villa Giovanni<\/li><li>La casa Bambini<\/li><li>Fabricca 27<\/li><li>La Villa della Notte<\/li><li>Castello Del Oasi<\/li><li>La Scuola della Paura<\/li><li>Pub Arriba y Abajo<\/li><li>Chiesa con cortile giardino<\/li><li>Villa Verderio<\/li><li>La gran f\u00e1brica de cartas<\/li><\/ul><\/p>","protected":false},"excerpt":{"rendered":"<p>Este mapa urbex le ofrece todos los lugares de exploraci\u00f3n urbana (urbex) en<strong> Italia, Todas las regiones.<\/strong> Este mapa de lugares perdidos permanecer\u00e1 actualizado y accesible durante al menos 365 d\u00edas despu\u00e9s de la compra.<\/p>\n<p>Este mapa tiene actualmente 702 de los lugares m\u00e1s singulares de exploraci\u00f3n urbana en Italia: Todas las regiones y es accesible desde cualquier lugar con nuestro mapa f\u00e1cil de usar<strong>.<\/p>\n<p><\/strong><strong>Si ya tiene este paquete, puede acceder a \u00e9l a trav\u00e9s de <a href=\"\/es\/mi-cuenta-2\/area-de-miembros\/43905\/mi-contenido-de-afiliacion\/\">Mis mapas &gt; Ver.<\/a><\/strong><strong><\/p>\n<p><\/strong><a href=\"#tab-description\">Lista de todas las ubicaciones de Urbex en este mapa.<\/a><\/p>","protected":false},"featured_media":48125,"template":"","meta":[],"product_brand":[],"product_cat":[243,322,1137],"product_tag":[],"class_list":{"0":"post-43519","1":"product","2":"type-product","3":"status-publish","4":"has-post-thumbnail","6":"product_cat-italy","7":"product_cat-location-packs","8":"product_cat-maps-italy","10":"first","11":"instock","12":"taxable","13":"shipping-taxable","14":"purchasable","15":"product-type-variable"},"jetpack_sharing_enabled":true,"_links":{"self":[{"href":"https:\/\/urbex.direct\/es\/wp-json\/wp\/v2\/product\/43519","targetHints":{"allow":["GET"]}}],"collection":[{"href":"https:\/\/urbex.direct\/es\/wp-json\/wp\/v2\/product"}],"about":[{"href":"https:\/\/urbex.direct\/es\/wp-json\/wp\/v2\/types\/product"}],"wp:featuredmedia":[{"embeddable":true,"href":"https:\/\/urbex.direct\/es\/wp-json\/wp\/v2\/media\/48125"}],"wp:attachment":[{"href":"https:\/\/urbex.direct\/es\/wp-json\/wp\/v2\/media?parent=43519"}],"wp:term":[{"taxonomy":"product_brand","embeddable":true,"href":"https:\/\/urbex.direct\/es\/wp-json\/wp\/v2\/product_brand?post=43519"},{"taxonomy":"product_cat","embeddable":true,"href":"https:\/\/urbex.direct\/es\/wp-json\/wp\/v2\/product_cat?post=43519"},{"taxonomy":"product_tag","embeddable":true,"href":"https:\/\/urbex.direct\/es\/wp-json\/wp\/v2\/product_tag?post=43519"}],"curies":[{"name":"wp","href":"https:\/\/api.w.org\/{rel}","templated":true}]}}