{"id":37593,"date":"2021-12-19T16:49:08","date_gmt":"2021-12-19T16:49:08","guid":{"rendered":"https:\/\/urbex.direct\/?post_type=product&#038;p=37593"},"modified":"2025-05-17T00:01:40","modified_gmt":"2025-05-16T23:01:40","slug":"location-map-es-catalonia","status":"publish","type":"product","link":"https:\/\/urbex.direct\/es\/product\/location-map-es-catalonia\/","title":{"rendered":"Urbex Map Espa\u00f1a: Catalu\u00f1a (1 \u00f3 2 a\u00f1os de acceso)"},"content":{"rendered":"<p>Este mapa contiene los siguientes lugares: <ul><li>Casa del M\u00e9dico<\/li><li>Bunkeranlage<\/li><li>Hotel Miramar<\/li><li>Villa Olivera<\/li><li>Discoteca Lapsus<\/li><li>Mas Carles<\/li><li>Castillo Jov\u00e9<\/li><li>C-65 Restaurante \/ Resto R<\/li><li>Castillo Torre<\/li><li>F\u00e1brica de tabaco<\/li><li>Preventorio Sabinosa<\/li><li>Karting<\/li><li>Hotel Les Ferreses<\/li><li>Palacio Celeste<\/li><li>Balneario Termas la Puda<\/li><li>Colonia Cementera<\/li><li>El pueblo del Japon\u00e9s \/ Japan Town<\/li><li>Base militar Loran<\/li><li>Puti Club de Carretera<\/li><li>Plaza de Toros<\/li><li>F\u00e1brica AP<\/li><li>Hostal del Gato Momificado<\/li><li>Mas\u00eda del Soldado<\/li><li>Ruina Can Busquets<\/li><li>Gasolinera A<\/li><li>Coches mimetizados con la Naturaleza \/ Camouflaged Cars<\/li><li>Hotel Panik<\/li><li>Mansi\u00f3n de los Ciervos<\/li><li>Villa Josefa<\/li><li>Casa Lila<\/li><li>La mansi\u00f3n del Crimen<\/li><li>El Mol\u00ed Vell<\/li><li>Antiguo Matadero Tordera<\/li><li>Castillo Mas Rissech<\/li><li>Mas\u00eda de las Fantas\u00edas<\/li><li>Mansi\u00f3n de los 100 a\u00f1os<\/li><li>Teneria Moderna Franco Espa\u00f1ola<\/li><li>El desv\u00e1n del Artista<\/li><li>Mansi\u00f3n del Conde<\/li><li>Estacionamiento Abandonado<\/li><li>Textil La Blava<\/li><li>Club N\u00e1utico<\/li><li>Radio Libertad<\/li><li>Mansi\u00f3n de la Mariona<\/li><li>El \u00e1tico de las sillas<\/li><li>Aquapark Sitges<\/li><li>Cementera de la Gran Cupula<\/li><li>Estaci\u00f3n de Vallcarca<\/li><li>Discoteca Central<\/li><li>Ciudad de los Muchachos<\/li><li>Fabrica de Harina Gualda<\/li><li>Chalet de la rata Muerta<\/li><li>Colonia Textil<\/li><li>Aldea perdida A<\/li><li>Casa del Piano<\/li><li>Casa Carro Blanco<\/li><li>Colonia Minera<\/li><li>Iglesia Perfecto<\/li><li>Citroen 2cv<\/li><li>Mas\u00eda N\u00famero 20<\/li><li>Mas\u00eda del 1817<\/li><li>Mansi\u00f3n con estanque<\/li><li>Mutua Abandonada<\/li><li>Piscinas con Futbolin<\/li><li>Mas\u00eda de las Monedas<\/li><li>La f\u00e1brica de los Cartuchos<\/li><li>Mansi\u00f3n de Anabelle<\/li><li>Discoteca Pach\u00e1<\/li><li>Piscinas Canad\u00e1 Park<\/li><li>Mansi\u00f3n de las ratas muertas<\/li><li>Mas\u00eda de los Templarios<\/li><li>Urbanizaci\u00f3n Abandonada<\/li><li>Mas\u00eda 1909<\/li><li>Hotel de los horrores<\/li><li>Hotel Prost\u00edbulo<\/li><li>Chiringuito de la Piscina<\/li><li>Polideportivo con piscina<\/li><li>Les Bunes<\/li><li>Peque\u00f1o bloque de pisos<\/li><li>Mansi\u00f3n y casa de los criados<\/li><li>Casa de los espectros<\/li><li>Cuarteles<\/li><li>Mansi\u00f3n con Discoteca<\/li><li>Discoteca P<\/li><li>Casa del Torero<\/li><li>Corbera de l&#039;Ebre<\/li><li>Campo de golf<\/li><li>Fabrica Abandonada<\/li><li>Mansi\u00f3n C\u00fapula<\/li><li>F\u00e1brica CE<\/li><li>Castillo Abuelo<\/li><li>Pueblo abandonado M<\/li><li>Discoteca LV<\/li><li>Carruajes<\/li><li>Hangar Coches Lekar<\/li><li>F\u00e1bricas abandonadas<\/li><li>Pueblo Abandonado NT<\/li><li>Restaurante Arrasado<\/li><li>Estacion de ferreses<\/li><li>Fabrica de Tejidos<\/li><li>Casa de molino abandonada<\/li><li>Mas\u00eda Palomas<\/li><li>Fabrica de la m\u00e1quina de imprimir<\/li><li>Casa Gioconda<\/li><li>Gran Hotel de la A<\/li><li>Chalet del Acantilado<\/li><li>Hotel Abandonado<\/li><li>La casa Fantasma<\/li><li>Restaurante El Gran Ca\u00f1\u00f3n<\/li><li>Restaurante de banquetes<\/li><li>Discoteca Tutan<\/li><li>Torre del Fang<\/li><li>Masia puede votar<\/li><li>Fuente Pirine<\/li><li>Harinera F.O.R.<\/li><li>Apeadero Torrebonica<\/li><li>Mas\u00eda del Vendedor<\/li><li>Colonia La Farinera<\/li><li>Hotel Colonia Puig<\/li><li>Mas\u00eda La Vall<\/li><li>Mas\u00eda Castellnou de la Plana<\/li><li>Mansi\u00f3n del suicida \/ El Tint<\/li><li>Poblado SR<\/li><li>Decadencia de la Mas\u00eda<\/li><li>Mas\u00eda Perdiendo el Zorrillo<\/li><li>Masia Camas Voladorad<\/li><li>Ermita<\/li><li>Mini Falangista<\/li><li>Disco MF<\/li><li>Teatre Bel<\/li><li>F\u00e1brica + Balneario<\/li><li>Mas\u00eda y Capilla Blanca<\/li><li>Fabrica de ladrillo<\/li><li>F\u00e1brica Ortopedia<\/li><li>F\u00e1brica de Embutidos<\/li><li>F\u00e1brica Qu\u00edmica<\/li><li>EL Pueblo Conejo<\/li><li>Geriatrico del Olvido<\/li><li>F\u00e1brica Intorfrisa<\/li><li>F\u00e1brica Siniestra<\/li><li>F\u00e1brica Textil<\/li><li>Hotel playa<\/li><li>Fabrica Textil Abandonada<\/li><li>El Instituto abandonado GenCat<\/li><li>Restaurante \/ Mas\u00eda abandonada<\/li><li>Discoteca Petada<\/li><li>Mas Pueblo Perdido<\/li><li>Colonia Soldevilla<\/li><li>Cabaret las \u00c1guilas<\/li><li>Fabrica del plazon<\/li><li>Escuela del se\u00f1or Antonio<\/li><li>La f\u00e1brica de la Grua<\/li><li>Discoteca Arcus<\/li><li>Fabrica del Incidente<\/li><li>Discoteca H<\/li><li>Villa del 1949<\/li><li>Fabrica Textil Doble<\/li><li>F\u00e1brica del Coche<\/li><li>Fabrica piso Unico<\/li><li>Hospital del Carmen<\/li><li>Fabrica quimica el Peligro<\/li><li>Hostal Solitario<\/li><li>F\u00e1brica de las Variedades<\/li><li>Fabrica ladrillos Premium<\/li><li>Hotel Cabaret<\/li><li>Polvor\u00edn<\/li><li>F\u00e1brica Metalera<\/li><li>Piso con fitness<\/li><li>Peque\u00f1a casa de Monta\u00f1a<\/li><li>Mas\u00eda del noble<\/li><li>Mas\u00eda de la serpiente<\/li><li>Granja hist\u00f3rica<\/li><li>3 Cazas - MIG<\/li><li>La casa del viento<\/li><li>Autocares Abandonados \/ Taller<\/li><li>Mas\u00eda de las Verduras<\/li><li>Mas\u00eda Murci\u00e9lagos<\/li><li>Piscina abandonada y canchas de tenis<\/li><li>Hermita Tumbas Abandonadas<\/li><li>Mansi\u00f3n Urbex<\/li><li>Masias Gurb<\/li><li>Colonia Textil + Casas<\/li><li>Masias Oris<\/li><li>Mas\u00eda Voltrega<\/li><li>Viviendas Colonia<\/li><li>Mas\u00eda Hermita<\/li><li>Mas\u00eda Salort<\/li><li>Mas\u00eda de las Ollas<\/li><li>Finca La Porxada<\/li><li>T\u00e9rmica central<\/li><li>Antigue Casa Bodega<\/li><li>Mas\u00eda Barriles<\/li><li>Casas de los comisarios<\/li><li>Taller Motos Cl\u00e1sicas<\/li><li>Casa de las cristaleras<\/li><li>Casa de los gatos<\/li><li>Biof\u00e1brica<\/li><li>Castillo moderno<\/li><li>Can Rosis<\/li><li>Can Sol<\/li><li>La mas\u00eda del cuchillo<\/li><li>Fabrica pl\u00e1sticos del incidente<\/li><li>Hotel del Fallecido<\/li><li>Viviendas Oscuras<\/li><li>Carruaje abandonado<\/li><li>Orfanato Intacto<\/li><li>Tuneladora Metro<\/li><li>Cementerio Real Abanadonado<\/li><li>Centro Tuberculosos<\/li><li>Hibernadero Abandonado<\/li><li>Colonia Textil H<\/li><li>Campo Golf Abandonado<\/li><li>Casa de los senyores montgros<\/li><li>Casa de los abuelos<\/li><li>Piscina P<\/li><li>Casas de viejos trabajadores<\/li><li>La Villa Asombrosa<\/li><\/ul><\/p>","protected":false},"excerpt":{"rendered":"<p>Este mapa urbex le ofrece todos los lugares de exploraci\u00f3n urbana (urbex) en<strong> Espa\u00f1a, Catalu\u00f1a. <\/strong>Este mapa de lugares perdidos permanecer\u00e1 actualizado y accesible durante al menos 365 d\u00edas despu\u00e9s de la compra. <\/p>\n<p>Este mapa cuenta en la actualidad con 217 de los lugares de exploraci\u00f3n urbana m\u00e1s singulares de Espa\u00f1a: Catalu\u00f1a y es accesible desde cualquier lugar con nuestro mapa f\u00e1cil de usar<strong>. <\/p>\n<p><\/strong><strong>Si ya tiene este paquete, puede acceder a \u00e9l a trav\u00e9s de <a href=\"\/es\/mi-cuenta-2\/area-de-miembros\/43905\/mi-contenido-de-afiliacion\/\">Mis mapas &gt; Ver.<\/a><\/strong> <\/p>\n<p><a href=\"#tab-description\">Lista de todas las ubicaciones de Urbex en este mapa.<\/a><\/p>","protected":false},"featured_media":43244,"template":"","meta":[],"product_brand":[],"product_cat":[288,322,1139,282],"product_tag":[323],"class_list":{"0":"post-37593","1":"product","2":"type-product","3":"status-publish","4":"has-post-thumbnail","6":"product_cat-catalonia","7":"product_cat-location-packs","8":"product_cat-maps-spain","9":"product_cat-spain","10":"product_tag-locationpack","12":"first","13":"instock","14":"taxable","15":"shipping-taxable","16":"purchasable","17":"product-type-variable"},"jetpack_sharing_enabled":true,"_links":{"self":[{"href":"https:\/\/urbex.direct\/es\/wp-json\/wp\/v2\/product\/37593","targetHints":{"allow":["GET"]}}],"collection":[{"href":"https:\/\/urbex.direct\/es\/wp-json\/wp\/v2\/product"}],"about":[{"href":"https:\/\/urbex.direct\/es\/wp-json\/wp\/v2\/types\/product"}],"wp:featuredmedia":[{"embeddable":true,"href":"https:\/\/urbex.direct\/es\/wp-json\/wp\/v2\/media\/43244"}],"wp:attachment":[{"href":"https:\/\/urbex.direct\/es\/wp-json\/wp\/v2\/media?parent=37593"}],"wp:term":[{"taxonomy":"product_brand","embeddable":true,"href":"https:\/\/urbex.direct\/es\/wp-json\/wp\/v2\/product_brand?post=37593"},{"taxonomy":"product_cat","embeddable":true,"href":"https:\/\/urbex.direct\/es\/wp-json\/wp\/v2\/product_cat?post=37593"},{"taxonomy":"product_tag","embeddable":true,"href":"https:\/\/urbex.direct\/es\/wp-json\/wp\/v2\/product_tag?post=37593"}],"curies":[{"name":"wp","href":"https:\/\/api.w.org\/{rel}","templated":true}]}}