{"id":37585,"date":"2021-12-19T16:45:37","date_gmt":"2021-12-19T16:45:37","guid":{"rendered":"https:\/\/urbex.direct\/?post_type=product&#038;p=37585"},"modified":"2025-05-27T19:43:58","modified_gmt":"2025-05-27T18:43:58","slug":"location-map-fr-bretagne","status":"publish","type":"product","link":"https:\/\/urbex.direct\/es\/product\/location-map-fr-bretagne\/","title":{"rendered":"Mapa Urbex Francia: Breta\u00f1a (1 o 2 a\u00f1os de acceso)"},"content":{"rendered":"<p>Este mapa contiene los siguientes lugares:<\/p>\n\n\n\n<ul><li>L&#039;ancienne maison de retraite<\/li><li>Club de squash<\/li><li>Restaurante del Relais<\/li><li>Centro Espacial Breta\u00f1a<\/li><li>Castillo Morgane<\/li><li>Central el\u00e9ctrica Totem<\/li><li>Escuela del Molino<\/li><li>Manoir Pegasus<\/li><li>Club Forestier<\/li><li>Centro Cultural<\/li><li>Manoir K Braz \/ La mansi\u00f3n K Braz<\/li><li>Maison Seaview \/ Maison Chalkie<\/li><li>Maison Hantee Ros<\/li><li>Les maisons de la carri\u00e8re \/ Maison Pommerit<\/li><li>Manoir Raveparty \/ Manoir Kermar<\/li><li>Maison Misere \/ Maison Plem<\/li><li>Bar Le Colombo<\/li><li>Hotel Bon repos<\/li><li>Mini Gare Tuber<\/li><li>Casa del Capit\u00e1n<\/li><li>Garaje y estaci\u00f3n de pompage<\/li><li>Manoir Rave Party 2<\/li><li>Centro Aeree plouf<\/li><li>Castillo Ilan<\/li><li>Ferme de Sable<\/li><li>Sanatorio Dangih \/ Huelgoat<\/li><li>Reparador de autom\u00f3viles<\/li><li>Castillo Gargouilles<\/li><li>Parque Jurastel<\/li><li>Prison de Pontaniou Frankreich<\/li><li>Casa del Arquitecto<\/li><li>Hotel Beausejour<\/li><li>Barcos fantasma<\/li><li>Le Cimetiere de Bateaux<\/li><li>Casa rural Roz Trefeux<\/li><li>Ch\u00e2teau Jaycee Dugard \/ Castillo Jaycee Dugard<\/li><li>Escuela Papa Denke<\/li><li>Couvent des n\u00e9cessiteux<\/li><li>Maison Folles<\/li><li>Sanatorios gran aire<\/li><li>Casa del demoledor<\/li><li>Castillo de los Druidas<\/li><li>Residencia malvada<\/li><li>Maison Derniere Danse<\/li><li>F\u00e1brica en la playa<\/li><li>Maison de l'anglais en for\u00eat<\/li><li>Maison vide pontla<\/li><li>Naufragio verde<\/li><li>Muchos fuertes con un tanque 1<\/li><li>Un mont\u00f3n de fuertes con un tanque 2<\/li><li>Muchos fuertes con un tanque 3 - El tanque<\/li><li>Muchos fuertes con un tanque 4<\/li><li>Muchos fuertes con un tanque 5<\/li><li>Muchos fuertes con un tanque 6<\/li><li>Un mont\u00f3n de fuertes con un tanque 7<\/li><li>20 a\u00f1os de naufragios<\/li><li>Maison Palm<\/li><li>Bateaux oubli\u00e9s<\/li><li>Los n\u00e1ufragos rojos \/ The two survivors \/ Les deux survivants<\/li><li>Zoo Perdue<\/li><li>Ecurie du moulin<\/li><li>Maison Perdu dans la nature<\/li><li>Castillo Panda<\/li><li>Casa del cura<\/li><li>Castillo Bicolore<\/li><li>Campamento de vacaciones para ni\u00f1os<\/li><li>Cementerio de autobuses \/ Cimentiere de bus<\/li><li>Chateau Tasher \/ Chateau T-Rex<\/li><li>Castillo del Marais<\/li><li>Maison autre monde \/ Maison Nonais<\/li><li>Casa Verdaulais<\/li><li>Cimeti\u00e8re de Bateaux<\/li><li>Escuela Pierre<\/li><li>Mataderos<\/li><li>Moulin du marais<\/li><li>Castillo Brel<\/li><li>Barques d\u00e9barquement<\/li><li>Chateau Illuminati<\/li><li>Casa Onyx<\/li><li>Casa Sinf\u00f3nica<\/li><li>La gran granja de las hadas \/ La grande ferme des f\u00e9es<\/li><li>Cementerio de pecios<\/li><li>Manoir Yves Dandonneau \/ Mansi\u00f3n Yves Dandonneau<\/li><li>Castillo Sequoia<\/li><li>Clinique SC<\/li><li>Maison de Lac<\/li><li>Cimeti\u00e8re de Bateaux Rivi\u00e8re<\/li><li>Jardin Aux Papillons \/ El jard\u00edn de las mariposas<\/li><li>Otro cementerio de barcos naufragados<\/li><li>Pecios esquel\u00e9ticos<\/li><li>El parque e\u00f3lico<\/li><li>Casa e iglesia abandonadas<\/li><li>Casas de vacaciones a orillas del lago<\/li><li>Maison Tourelle Nord<\/li><li>Base fluvial<\/li><li>Manoir Piano 56<\/li><\/ul>","protected":false},"excerpt":{"rendered":"<p>Este mapa urbex le ofrece todos los lugares de exploraci\u00f3n urbana (urbex) en<strong> Francia, Breta\u00f1a.<\/strong> Este mapa de lugares perdidos permanecer\u00e1 actualizado y accesible durante al menos 365 d\u00edas despu\u00e9s de la compra.<\/p>\n<p>Este mapa tiene actualmente 96 de los lugares m\u00e1s singulares de exploraci\u00f3n urbana en Francia, Breta\u00f1a y es accesible desde cualquier lugar con nuestro mapa f\u00e1cil de usar<strong>.<\/p>\n<p><\/strong><strong>Si ya tiene este paquete, puede acceder a \u00e9l a trav\u00e9s de <a href=\"\/es\/mi-cuenta-2\/area-de-miembros\/43905\/mi-contenido-de-afiliacion\/\">Mis mapas &gt; Ver.<\/a><\/strong><strong><\/p>\n<p><\/strong><a href=\"#tab-description\">Lista de todas las ubicaciones de Urbex en este mapa.<\/a><\/p>","protected":false},"featured_media":48145,"template":"","meta":[],"product_brand":[],"product_cat":[229,226,322,1339,1135],"product_tag":[323],"class_list":{"0":"post-37585","1":"product","2":"type-product","3":"status-publish","4":"has-post-thumbnail","6":"product_cat-bretagne","7":"product_cat-france","8":"product_cat-location-packs","9":"product_cat-maps-bretagne","10":"product_cat-maps-france","11":"product_tag-locationpack","13":"first","14":"instock","15":"taxable","16":"shipping-taxable","17":"purchasable","18":"product-type-variable"},"jetpack_sharing_enabled":true,"_links":{"self":[{"href":"https:\/\/urbex.direct\/es\/wp-json\/wp\/v2\/product\/37585","targetHints":{"allow":["GET"]}}],"collection":[{"href":"https:\/\/urbex.direct\/es\/wp-json\/wp\/v2\/product"}],"about":[{"href":"https:\/\/urbex.direct\/es\/wp-json\/wp\/v2\/types\/product"}],"wp:featuredmedia":[{"embeddable":true,"href":"https:\/\/urbex.direct\/es\/wp-json\/wp\/v2\/media\/48145"}],"wp:attachment":[{"href":"https:\/\/urbex.direct\/es\/wp-json\/wp\/v2\/media?parent=37585"}],"wp:term":[{"taxonomy":"product_brand","embeddable":true,"href":"https:\/\/urbex.direct\/es\/wp-json\/wp\/v2\/product_brand?post=37585"},{"taxonomy":"product_cat","embeddable":true,"href":"https:\/\/urbex.direct\/es\/wp-json\/wp\/v2\/product_cat?post=37585"},{"taxonomy":"product_tag","embeddable":true,"href":"https:\/\/urbex.direct\/es\/wp-json\/wp\/v2\/product_tag?post=37585"}],"curies":[{"name":"wp","href":"https:\/\/api.w.org\/{rel}","templated":true}]}}