{"id":37569,"date":"2021-12-19T16:32:55","date_gmt":"2021-12-19T16:32:55","guid":{"rendered":"https:\/\/urbex.direct\/?post_type=product&#038;p=37569"},"modified":"2025-05-27T19:57:57","modified_gmt":"2025-05-27T18:57:57","slug":"location-map-fr-normandie","status":"publish","type":"product","link":"https:\/\/urbex.direct\/es\/product\/location-map-fr-normandie\/","title":{"rendered":"Mapa Urbex Francia, Normand\u00eda (1 \u00f3 2 a\u00f1os de acceso)"},"content":{"rendered":"<p>Este mapa contiene los siguientes lugares:<\/p>\n\n\n\n<ul><li>Manoir Dalida<\/li><li>Usine Mathis<\/li><li>Chateau Eva &amp; Co<\/li><li>Capilla de los Pilotos<\/li><li>Plaza Hopitall<\/li><li>Antiguo Cimeti\u00e8re<\/li><li>Castillo de Cur\u00e9<\/li><li>Manoir du Nomade \/ Maison Foresti\u00e8re<\/li><li>Manoir Franc ma\u00e7on<\/li><li>Maison Cat<\/li><li>Ferme effondr\u00e9e<\/li><li>Maison Cadran \/ Maison vieille cuisini\u00e8re<\/li><li>Manoir Nazi<\/li><li>Usine Fromage Maxi<\/li><li>Manoir Cardhu Manoir Cardhu<\/li><li>Casa Meslin<\/li><li>Casa de los Patitos<\/li><li>Maison Canop\u00e9e verte<\/li><li>El taller secreto<\/li><li>La d\u00e9saffect\u00e9e eglise<\/li><li>Usine Ornaise<\/li><li>Chateau Trop Vert<\/li><li>Le Maison Ronces<\/li><li>Maison Brique Rouge<\/li><li>Usine Edipo<\/li><li>Usine Dynamite<\/li><li>Las bellas ruinas de la iglesia<\/li><li>Usine FP<\/li><li>F\u00e1brica de enanos<\/li><li>Casa Coss \/ Casa Lamia<\/li><li>Iglesia del Mundo Rojo<\/li><li>Mina de Erebor<\/li><li>Maison la Vache<\/li><li>Maison des Livres Calvados<\/li><li>Manoir Tong<\/li><li>La vie \u00e0 la ferme<\/li><li>Granja de toallas<\/li><li>Maison \u00e0 colombages<\/li><li>Ferme avec portail rouge<\/li><li>Manoir du Melomane (El verdadero)<\/li><li>Hotel Britney<\/li><li>Casa Jores<\/li><li>Castillo LB<\/li><li>Maison Piano Blanc<\/li><li>Abbaye GR<\/li><li>Casa Avellana<\/li><li>Usine Cote<\/li><li>Manoir Damocl\u00e8s<\/li><li>Manoir Lemeunier<\/li><li>Auberge Artemis \/ Hotel Artemis<\/li><li>Casa del Chat<\/li><li>Arthur y los Minimoys<\/li><li>Orphelinat Ruman\u00eda<\/li><li>Hotel Railere<\/li><li>Maison d&#039;angle verte<\/li><li>Castillo Hiboux<\/li><li>Manoir Jonques \/ Manoir Monarchie<\/li><li>Usine de papier \u00e0 rouler les cigarettes<\/li><li>Desguace de coches<\/li><li>Usine Leo<\/li><li>Grande Usine Textile<\/li><li>Fours Rouge<\/li><li>Coches hundidos<\/li><li>Casa oculta 4<\/li><li>Chateau PSP<\/li><li>Castillo Villa Dilme<\/li><li>Usine Magnifique<\/li><li>Castillo de Anzeray<\/li><li>Castillo de Singes<\/li><li>Garaje Jaguar<\/li><li>Casa Bernou<\/li><li>Manoir Jules<\/li><li>Manoir Christelle<\/li><li>Castillo de Bustes<\/li><li>Castillo Japon\u00e9s<\/li><li>Manoir Crochet \/ Maison Broderie \/ Maison Autotunne \/ Maison Peluche<\/li><li>Manoir du Riche Physicien<\/li><li>Casa del Taxidermista<\/li><li>Manoir du Chien Mort<\/li><li>Maison Sentier \/ Maison du Chasseur<\/li><li>Manoir Haringford \/ La Habitaci\u00f3n 2.0<\/li><li>Manoir Simca<\/li><li>Maison Paulette \/ Maison Dames<\/li><li>Manoir des Lumieres<\/li><li>Maison vie Sauvage<\/li><li>Maison Synth\u00e9 \/ Villa Rose<\/li><li>Casa de los hermanos Jumeaux<\/li><li>Castillo de los ni\u00f1os perdidos<\/li><li>Casa Tete de Chien<\/li><li>Cimentiere des Fous<\/li><li>Manoir Freya<\/li><li>Casa Peugeot<\/li><li>Villa T<\/li><li>Usine du D\u00e9sespoir<\/li><li>Casa Avre<\/li><li>Maison Firedamage<\/li><li>Casa Ginger<\/li><li>Graneros de jard\u00edn<\/li><li>El Museo Ferroviario incendiado<\/li><li>Almacenamiento de pasas<\/li><li>Grange de la brocanteuse<\/li><li>Casa Torreta<\/li><li>Casa del mec\u00e1nico<\/li><li>Casa WE<\/li><li>La granja de los acaparadores<\/li><li>Usine Gyblanc<\/li><li>Casa Maresco<\/li><li>Piscina Tournesol 7<\/li><li>Cimeti\u00e8re de Trains R<\/li><li>Chai \u00e0 Vin<\/li><li>Castillo Feerie<\/li><li>Manoir Nightmare<\/li><li>Castillo de l'emmur\u00e9 \/ Castillo des Ducs<\/li><li>P\u00e9rdida de Sporthall<\/li><li>Usine Diep<\/li><li>Usine Blang<\/li><li>Villa Morisque \/ Manoir Atlas<\/li><li>Casa del creyente<\/li><li>Manoir de la t\u00eate br\u00fbl\u00e9e<\/li><li>Pressoir du vigneron<\/li><li>Casa Rase<\/li><li>Manoir de la Prairie<\/li><li>Ch\u00e2teau d&#039;Antiville<\/li><li>El viejo taller<\/li><li>Maison bout du monde<\/li><li>Casa Mitoyenne<\/li><li>Viaducto fantasma<\/li><\/ul>","protected":false},"excerpt":{"rendered":"<p>Este mapa urbex le ofrece todos los lugares de exploraci\u00f3n urbana (urbex) en<strong> Francia, <\/strong><strong>Normand\u00eda<\/strong><strong>.<\/strong> Este mapa de lugares perdidos permanecer\u00e1 actualizado y accesible durante al menos 365 d\u00edas despu\u00e9s de la compra.<\/p>\n<p>Este mapa tiene actualmente 127 de los lugares m\u00e1s singulares de exploraci\u00f3n urbana en Francia, Normand\u00eda y es accesible desde cualquier lugar con nuestro mapa f\u00e1cil de usar<strong>.<\/p>\n<p><\/strong><strong>Si ya tiene este paquete, puede acceder a \u00e9l a trav\u00e9s de <a href=\"\/es\/mi-cuenta-2\/area-de-miembros\/43905\/mi-contenido-de-afiliacion\/\">Mis mapas &gt; Ver.<\/a><\/strong><strong><\/p>\n<p><\/strong><a href=\"#tab-description\">Lista de todas las ubicaciones de Urbex en este mapa.<\/a><\/p>","protected":false},"featured_media":48149,"template":"","meta":[],"product_brand":[],"product_cat":[226,322,1135,1344,234],"product_tag":[323],"class_list":{"0":"post-37569","1":"product","2":"type-product","3":"status-publish","4":"has-post-thumbnail","6":"product_cat-france","7":"product_cat-location-packs","8":"product_cat-maps-france","9":"product_cat-maps-normandie","10":"product_cat-normandie","11":"product_tag-locationpack","13":"first","14":"instock","15":"taxable","16":"shipping-taxable","17":"purchasable","18":"product-type-variable"},"jetpack_sharing_enabled":true,"_links":{"self":[{"href":"https:\/\/urbex.direct\/es\/wp-json\/wp\/v2\/product\/37569","targetHints":{"allow":["GET"]}}],"collection":[{"href":"https:\/\/urbex.direct\/es\/wp-json\/wp\/v2\/product"}],"about":[{"href":"https:\/\/urbex.direct\/es\/wp-json\/wp\/v2\/types\/product"}],"wp:featuredmedia":[{"embeddable":true,"href":"https:\/\/urbex.direct\/es\/wp-json\/wp\/v2\/media\/48149"}],"wp:attachment":[{"href":"https:\/\/urbex.direct\/es\/wp-json\/wp\/v2\/media?parent=37569"}],"wp:term":[{"taxonomy":"product_brand","embeddable":true,"href":"https:\/\/urbex.direct\/es\/wp-json\/wp\/v2\/product_brand?post=37569"},{"taxonomy":"product_cat","embeddable":true,"href":"https:\/\/urbex.direct\/es\/wp-json\/wp\/v2\/product_cat?post=37569"},{"taxonomy":"product_tag","embeddable":true,"href":"https:\/\/urbex.direct\/es\/wp-json\/wp\/v2\/product_tag?post=37569"}],"curies":[{"name":"wp","href":"https:\/\/api.w.org\/{rel}","templated":true}]}}