{"id":37559,"date":"2021-12-19T16:04:11","date_gmt":"2021-12-19T16:04:11","guid":{"rendered":"https:\/\/urbex.direct\/?post_type=product&#038;p=37559"},"modified":"2025-05-27T19:55:19","modified_gmt":"2025-05-27T18:55:19","slug":"location-map-fr-ile-de-france","status":"publish","type":"product","link":"https:\/\/urbex.direct\/es\/product\/location-map-fr-ile-de-france\/","title":{"rendered":"Urbex Map France, \u00cele-de-France (1 o 2 a\u00f1os de acceso)"},"content":{"rendered":"<p>Este mapa contiene los siguientes lugares:<\/p>\n\n\n\n<ul><li>Supermercado P<\/li><li>Le Petite Ceinture<\/li><li>Usine Meltingburg<\/li><li>Castillo Baia<\/li><li>Le Poisson Dore<\/li><li>Industrias abandonadas<\/li><li>Piscina<\/li><li>Chateau Tenis<\/li><li>Manoir Colima\u00e7on<\/li><li>Hospital MJ<\/li><li>Maison de Clinique \/ Maison Cham<\/li><li>Batterie de Guerre<\/li><li>Castillo de Faisans<\/li><li>Castillo Popkov<\/li><li>Castillo Gryffondor \/ Castillo Social<\/li><li>Domaine de la Renaissance<\/li><li>Casa Jungla<\/li><li>La Soupe Aux Choux<\/li><li>Garaje pittoresque \/ Garaje Rolls<\/li><li>Cimeti\u00e8re de Bateaux Madelaine<\/li><li>Casa Skyzo<\/li><li>Sans toit<\/li><li>Castillo Mesrine<\/li><li>Stockage hospitalier<\/li><li>Cementerio de autobuses<\/li><li>Iglesia Indiana Jones<\/li><li>Castillo Bien-\u00eatre<\/li><li>Ferme avec grandes serres<\/li><li>Piscine la Plage<\/li><li>Usine d&#039;usinage<\/li><li>Usine Judicial<\/li><li>Capilla de la Princesa Titine<\/li><li>Castillo Bonifacio<\/li><li>Villa Melodie \/ Maison Docteur du Harp<\/li><li>Parque acu\u00e1tico<\/li><li>Bordel Allemand<\/li><li>Villa Popova<\/li><li>Castillo de los Cr\u00eapes<\/li><li>Fuerte HB<\/li><li>Manoir de Mr Hugo<\/li><li>El hotel de los condenados<\/li><li>La Maison du Preux<\/li><li>Casa de retiro Israel Lipski<\/li><li>Capilla azul en el bosque<\/li><li>Casa Tonnerre<\/li><li>Maison du lapin Rose<\/li><li>Torre Perdida<\/li><li>Jardinerie<\/li><li>Usine Viardoss<\/li><li>Casa Sentier<\/li><li>Campamento de las Fuerzas A\u00e9reas<\/li><li>Maison de l'\u00e9clusier<\/li><li>Hangar d&#039;Org\u00eda<\/li><li>Casa Norman<\/li><li>Estaci\u00f3n de Pompage<\/li><li>Oficinas de Libertades<\/li><li>Usine JK<\/li><li>Hospital CB<\/li><li>Maxi morgue<\/li><li>HippoDr\u00f4me<\/li><li>Casa Alphonse Daudet<\/li><li>Manoir H\u00e9l\u00e8ne<\/li><li>Chateau Barbusse<\/li><li>Castillo de Chat Mort<\/li><li>Gare Atrigo \/ Gare Wissous<\/li><li>Piscine Abandonn\u00e9e<\/li><li>Matadero<\/li><li>Parrilla perdida<\/li><li>Centro d&#039;art\u00edstico<\/li><li>Circo V \/ Escuela de circo<\/li><li>Manoir Trois Colonnes<\/li><li>Castillo Foss\u00e9<\/li><li>Chateau \u00e0 L&#039;horloge<\/li><li>Castillo Hitler<\/li><li>Zoo du G\u00e9n\u00e9ral<\/li><li>Orphelinat Futuro<\/li><li>Villa Barby<\/li><li>Franc etoupes<\/li><li>Chateau \u00e9toupes<\/li><li>Villa voisine<\/li><li>Usine Sistema X<\/li><li>Villa Ongaria<\/li><li>Monasterio de Moine<\/li><li>Morgue Dead \/ Morgue Braindead \/ Morgue mort c\u00e9r\u00e9brale<\/li><li>Ch\u00e2teau Malfrat \/ Ch\u00e2teau au buste rouge<\/li><li>Centre a\u00e9r\u00e9<\/li><li>Villa tour de contr\u00f4le<\/li><li>Enfance de GIF<\/li><li>Maison des marais<\/li><li>Manoir Casanova<\/li><li>Petit Pavillon<\/li><li>Casa Champion<\/li><li>Escudos de barcos fluviales<\/li><li>Gare Perdue ES<\/li><li>Gare abandonn\u00e9e<\/li><li>Escuela de Arquitectura<\/li><li>Maison Confiture \/ Maison du Pauvre<\/li><li>Chateau de la Solitude \/ Chateau Chocolat<\/li><li>Manoir de l'Artiste<\/li><li>Usine Nobel<\/li><li>Asilo Tillie Klimek \/ Asilo Tillie Klimek<\/li><li>Preludio de la morgue<\/li><li>Labo CNRS<\/li><li>Conservatorio Atrigo<\/li><li>Morgue de la Cervelle<\/li><li>Casa de los Cardenales<\/li><li>Ruine G<\/li><li>Sanatorio del Vexin 2<\/li><li>Usine De Tourteaux<\/li><li>Sanatorio Carnelle<\/li><li>Mirapolis<\/li><li>Destiler\u00eda<\/li><li>5 Cine<\/li><li>Maison de l'Estropi\u00e9<\/li><li>Villa Scarface<\/li><li>Manoir de l'institutrice<\/li><li>Manoir Salon Jaune<\/li><li>Manoir aux fleurs<\/li><li>H\u00f4pital Priv\u00e9<\/li><li>Casas Twiny<\/li><li>Albergue Clos-Tourelle<\/li><li>Carri\u00e8re avec \u00e9paves<\/li><li>Carreras V2<\/li><li>Usine Antoine<\/li><li>Casa Haravilliers<\/li><li>Ferme R2087 \/ Urbex ferme Go\u00e9lette<\/li><li>Maison Tuile bleue<\/li><li>Casa Rhus<\/li><li>Maison Autre<\/li><li>Piscina Hasard<\/li><li>La casa de los ni\u00f1os de Oise<\/li><li>Maison twin bis<\/li><li>Premi\u00e8re Maison<\/li><li>2e Maison<\/li><li>Villa Chanterive<\/li><li>Maison Horloge<\/li><li>Cimeti\u00e8re de voitures<\/li><li>La grande maison de campagne oubli\u00e9e<\/li><li>Villa Coco<\/li><li>Castillo de Tarz\u00e1n<\/li><\/ul>","protected":false},"excerpt":{"rendered":"<p>Este mapa urbex le ofrece todos los lugares de exploraci\u00f3n urbana (urbex) en<strong> Francia, <\/strong><strong>\u00cele-de-France<\/strong><strong>.<\/strong> Este mapa de lugares perdidos permanecer\u00e1 actualizado y accesible durante al menos 365 d\u00edas despu\u00e9s de la compra.<\/p>\n<p>Este mapa cuenta actualmente con 140 de los lugares urbanos m\u00e1s singulares para explorar en Francia, \u00cele-de-France y es accesible desde cualquier lugar con nuestro mapa f\u00e1cil de usar<strong>.<\/p>\n<p><\/strong><strong>Si ya tiene este paquete, puede acceder a \u00e9l a trav\u00e9s de <a href=\"\/es\/mi-cuenta-2\/area-de-miembros\/43905\/mi-contenido-de-afiliacion\/\">Mis mapas &gt; Ver.<\/a><\/strong><strong><\/p>\n<p><\/strong><a href=\"#tab-description\">Lista de todas las ubicaciones de Urbex en este mapa.<\/a><\/p>","protected":false},"featured_media":48148,"template":"","meta":[],"product_brand":[],"product_cat":[226,233,322,1135,1343],"product_tag":[323],"class_list":{"0":"post-37559","1":"product","2":"type-product","3":"status-publish","4":"has-post-thumbnail","6":"product_cat-france","7":"product_cat-ile-de-france","8":"product_cat-location-packs","9":"product_cat-maps-france","10":"product_cat-maps-ile-de-france","11":"product_tag-locationpack","13":"first","14":"instock","15":"taxable","16":"shipping-taxable","17":"purchasable","18":"product-type-variable"},"jetpack_sharing_enabled":true,"_links":{"self":[{"href":"https:\/\/urbex.direct\/es\/wp-json\/wp\/v2\/product\/37559","targetHints":{"allow":["GET"]}}],"collection":[{"href":"https:\/\/urbex.direct\/es\/wp-json\/wp\/v2\/product"}],"about":[{"href":"https:\/\/urbex.direct\/es\/wp-json\/wp\/v2\/types\/product"}],"wp:featuredmedia":[{"embeddable":true,"href":"https:\/\/urbex.direct\/es\/wp-json\/wp\/v2\/media\/48148"}],"wp:attachment":[{"href":"https:\/\/urbex.direct\/es\/wp-json\/wp\/v2\/media?parent=37559"}],"wp:term":[{"taxonomy":"product_brand","embeddable":true,"href":"https:\/\/urbex.direct\/es\/wp-json\/wp\/v2\/product_brand?post=37559"},{"taxonomy":"product_cat","embeddable":true,"href":"https:\/\/urbex.direct\/es\/wp-json\/wp\/v2\/product_cat?post=37559"},{"taxonomy":"product_tag","embeddable":true,"href":"https:\/\/urbex.direct\/es\/wp-json\/wp\/v2\/product_tag?post=37559"}],"curies":[{"name":"wp","href":"https:\/\/api.w.org\/{rel}","templated":true}]}}