{"id":37428,"date":"2021-12-15T08:37:15","date_gmt":"2021-12-15T08:37:15","guid":{"rendered":"https:\/\/urbex.direct\/?post_type=product&#038;p=37428"},"modified":"2025-05-27T19:49:43","modified_gmt":"2025-05-27T18:49:43","slug":"location-map-fr-grand-est","status":"publish","type":"product","link":"https:\/\/urbex.direct\/es\/product\/location-map-fr-grand-est\/","title":{"rendered":"Urbex Map France, Grand Est (1 o 2 a\u00f1os de acceso)"},"content":{"rendered":"<p>Este mapa contiene los siguientes lugares:<\/p>\n\n\n\n<ul><li>Hotel Jaur\u00e8s<\/li><li>Maison de l'oncle Michel<\/li><li>Usine Phil<\/li><li>Ferme Frappant<\/li><li>Maison au Landau<\/li><li>Fuerte de Givet<\/li><li>Ferme de la Rose<\/li><li>Usina TG<\/li><li>Castillo Oniepronko<\/li><li>Castillo Jamais Le M\u00eame<\/li><li>Usine LF<\/li><li>Casa Buco<\/li><li>Cementerio de aviones<\/li><li>Ch\u00e2teau Bourgeois<\/li><li>Castillo de la Chaise<\/li><li>Tr\u00e9sor de Guerre<\/li><li>Usine Saint-Julien<\/li><li>F\u00e1brica de pies<\/li><li>Villa Tarcas<\/li><li>Veh\u00edculos perdidos<\/li><li>Antiguo aer\u00f3dromo<\/li><li>Usine Malfoy \/ La gran f\u00e1brica abandonada<\/li><li>Capilla de los Muertos \/ Chapelle des Morts<\/li><li>Chateau Hector \/ Castillo del Presidente&#039;s<\/li><li>Maisons Fiesta \/ Maison Jumelles<\/li><li>La collection de bagnoles<\/li><li>Maison d'Alekse\u00ef \/ Colecci\u00f3n de coches<\/li><li>Manoir petroucka \/ Maison Russia \/ Maison Poudine<\/li><li>Casa de los 90 \/ 90s Timecapsule<\/li><li>Discoteca Tipi<\/li><li>Casa PapiPapi<\/li><li>Le rep\u00e8re des Pirates \/ Cementerio de barcos<\/li><li>Restaurante de Castor<\/li><li>Maison moineaux<\/li><li>Teinturerie des Moines<\/li><li>Escuela 1934<\/li><li>Maison Alcohol Addict<\/li><li>Manoir de la Discorde<\/li><li>Escuela Par\u00eds Dakar<\/li><li>Manoir aux Canons \/ Maison Billard<\/li><li>Circuito R<\/li><li>Villa Matusalem<\/li><li>Bodega \/ F\u00e1brica y Castillo abandonado<\/li><li>Maison Aux Poupees<\/li><li>Garaje Bavarois<\/li><li>L&#039;a\u00e9roport oubli\u00e9<\/li><li>La Minoterie<\/li><li>Papeterie de C<\/li><li>Manoir du Philosophe<\/li><li>Villa Marianne<\/li><li>Hotel V\u00e9randa<\/li><li>Villa du Pont<\/li><li>Los trenes olvidados<\/li><li>Iglesia rosa<\/li><li>Casa Monospace<\/li><li>Casa Aurora<\/li><li>H\u00f4tel de pompiers<\/li><li>Capilla de Hind\u00fa<\/li><li>Castillo Ravinel<\/li><li>Sanatorio Simone Weber<\/li><li>Bunker Cr<\/li><li>Usine Scaf Oner 2.0<\/li><li>Pneus et cendres<\/li><li>Restaurante Chino<\/li><li>Casa Gonz\u00e1lez<\/li><li>Casa HangMan<\/li><li>Usine air liquide<\/li><li>Bolsa Maison<\/li><li>Casa Houpelle<\/li><li>Cocina Maison<\/li><li>Casa del escultor<\/li><li>Casa Casper<\/li><li>Maison Turquoise<\/li><li>Casa Binouze<\/li><li>Explosi\u00f3n del Fuerte B<\/li><li>El Gran Cuartel de la Paz<\/li><li>Le mauvais chenil<\/li><li>Alto horno ca\u00eddo \/ HFC<\/li><li>Oficina de Overgrown<\/li><li>Usine pluvieuse \/ Usine Rainy<\/li><li>Manoir du m\u00e9galomane<\/li><li>Fuerte de Frouard<\/li><li>Usine de Min\u00e9raux<\/li><li>Usine Gouvy<\/li><li>Casa Crocker<\/li><li>Granja de mierda<\/li><li>F\u00e1brica de papel<\/li><li>Fuerte de Dios<\/li><li>Capilla Pap\u00e9terie<\/li><li>Casa Benn<\/li><li>Mina Bunker<\/li><li>Bunker V<\/li><li>Bunker K<\/li><li>Trabajos El\u00e9ctricos<\/li><li>Travaux d'Aliens<\/li><li>Caserne d&#039; Ange<\/li><li>Maginotbunker Gros Ouvrage de Rochonvillers<\/li><li>HFX<\/li><li>Forteresse de Guerre<\/li><li>Campo de la Muerte<\/li><li>U Verlagerung Saar<\/li><li>Puits Simon<\/li><li>Ferme Edouard<\/li><li>Casa de la Pasi\u00f3n<\/li><li>Mina des Grimpeurs<\/li><li>Casino Royale<\/li><li>Estaci\u00f3n de Stroff<\/li><li>Base Militaire des Engins de Guerre<\/li><li>La piscine d'herbe<\/li><li>Casa Kaltbach<\/li><li>Hangar con veh\u00edculos<\/li><li>Chalet Vinyll<\/li><li>Centre Mobilisateur abandonn\u00e9<\/li><li>Gare HB<\/li><li>Caba\u00f1a del cazador<\/li><li>Maison pl\u00e2trage<\/li><li>Maison du Maquetiste<\/li><li>Piscina Fronti\u00e8re<\/li><li>Centro M\u00e9dico H<\/li><li>Casas de la Selva y la Liana \/ Les Maisons Savane et Peluche<\/li><li>Mansi\u00f3n Accrobranche \/ Casa en el \u00e1rbol<\/li><li>Manoir General<\/li><li>Villa Des Ours<\/li><li>Lock Hotel \/ Hotel del puerto<\/li><li>Los Barracones Largos<\/li><li>Usine Coloree \/ Aserradero W<\/li><li>Manoir des Anglais \/ La nueva mansi\u00f3n inglesa<\/li><li>La Petite Maison dans la Prairie<\/li><li>Maison Picture<\/li><li>Maison Fanatique des oiseaux<\/li><li>La salle de f\u00eates \/ Th\u00e9atre du chien<\/li><li>Le Tram jaune \/ El tranv\u00eda amarillo<\/li><li>Cimeti\u00e8re sur la colline \/ Cementerio en la colina<\/li><li>Maison Piscine<\/li><li>La casa del coleccionista de libros<\/li><li>Usine Robinot<\/li><li>Cl\u00ednica de las Fuentes<\/li><li>Hotel Hant\u00e9e d'Hippolyte<\/li><li>Castillos Ulrich<\/li><li>Iglesia de Montanha<\/li><li>Hotel de Luxe<\/li><li>Cl\u00ednica del Diablo<\/li><li>Hotel du Loup<\/li><li>Castillo G<\/li><li>Cigarrillo Maison<\/li><li>Mina B<\/li><li>Cimeti\u00e8re des L\u00e9gendes<\/li><li>Red Mother&#039;s Mansion<\/li><li>Usine FTech \/ Peque\u00f1a f\u00e1brica de Fecht<\/li><li>F\u00e1brica Cirva<\/li><li>Papeterie Riccobo<\/li><li>Villa Larue<\/li><li>Casa Durand<\/li><li>Castillo de D\u00e9m\u00e9nageur<\/li><li>Castillo de Fraises<\/li><li>Casa Jean-Marie<\/li><li>Casa Sat\u00e1nica<\/li><li>Mataderos<\/li><li>Villa Am\u00e9lie<\/li><li>Usine Blanchiment<\/li><li>Castillo de la Marquesa de Brinvilliers<\/li><li>Casa de vagones<\/li><li>Casa 72<\/li><li>Hotel Weidman<\/li><li>Castillo Muet<\/li><li>Filature D\u00e9meusur\u00e9e<\/li><li>Hotel William Bonin<\/li><li>Hotel Vasili Komaroff<\/li><li>Manoir La Vache<\/li><li>Chapelle B \/ Chapelle des Loups<\/li><li>Scierie Abandonn\u00e9e<\/li><li>Maison Intacte<\/li><li>Casa Vroom<\/li><li>Maison du Gutty<\/li><li>Casa Tisseuse<\/li><li>Le caf\u00e9 73 \/ Bistrot 1973<\/li><li>Casa de Pap\u00e1 Noel<\/li><\/ul>","protected":false},"excerpt":{"rendered":"<p>Este mapa urbex le ofrece todos los lugares de exploraci\u00f3n urbana (urbex) en<strong> Francia, <\/strong><strong>Gran Este<\/strong><strong>.<\/strong> Este mapa de lugares perdidos permanecer\u00e1 actualizado y accesible durante al menos 365 d\u00edas despu\u00e9s de la compra.<\/p>\n<p>This map has currently 177 of the most unique urban exploring locations in France, Grand Est and is accessible from anywhere with our easy to use map<strong>.<\/p>\n<p><\/strong><strong>Si ya tiene este paquete, puede acceder a \u00e9l a trav\u00e9s de <a href=\"\/es\/mi-cuenta-2\/area-de-miembros\/43905\/mi-contenido-de-afiliacion\/\">Mis mapas &gt; Ver.<\/a><\/strong><\/p>","protected":false},"featured_media":48147,"template":"","meta":[],"product_brand":[],"product_cat":[226,231,322,1135,1341],"product_tag":[],"class_list":{"0":"post-37428","1":"product","2":"type-product","3":"status-publish","4":"has-post-thumbnail","6":"product_cat-france","7":"product_cat-grand-est","8":"product_cat-location-packs","9":"product_cat-maps-france","10":"product_cat-maps-grand-est","12":"first","13":"instock","14":"taxable","15":"shipping-taxable","16":"purchasable","17":"product-type-variable"},"jetpack_sharing_enabled":true,"_links":{"self":[{"href":"https:\/\/urbex.direct\/es\/wp-json\/wp\/v2\/product\/37428","targetHints":{"allow":["GET"]}}],"collection":[{"href":"https:\/\/urbex.direct\/es\/wp-json\/wp\/v2\/product"}],"about":[{"href":"https:\/\/urbex.direct\/es\/wp-json\/wp\/v2\/types\/product"}],"wp:featuredmedia":[{"embeddable":true,"href":"https:\/\/urbex.direct\/es\/wp-json\/wp\/v2\/media\/48147"}],"wp:attachment":[{"href":"https:\/\/urbex.direct\/es\/wp-json\/wp\/v2\/media?parent=37428"}],"wp:term":[{"taxonomy":"product_brand","embeddable":true,"href":"https:\/\/urbex.direct\/es\/wp-json\/wp\/v2\/product_brand?post=37428"},{"taxonomy":"product_cat","embeddable":true,"href":"https:\/\/urbex.direct\/es\/wp-json\/wp\/v2\/product_cat?post=37428"},{"taxonomy":"product_tag","embeddable":true,"href":"https:\/\/urbex.direct\/es\/wp-json\/wp\/v2\/product_tag?post=37428"}],"curies":[{"name":"wp","href":"https:\/\/api.w.org\/{rel}","templated":true}]}}