{"id":37079,"date":"2021-12-07T18:24:57","date_gmt":"2021-12-07T18:24:57","guid":{"rendered":"https:\/\/urbex.direct\/?post_type=product&#038;p=37079"},"modified":"2025-05-27T19:52:27","modified_gmt":"2025-05-27T18:52:27","slug":"location-map-fr-hauts-de-france","status":"publish","type":"product","link":"https:\/\/urbex.direct\/es\/product\/location-map-fr-hauts-de-france\/","title":{"rendered":"Mapa Urbex Francia, Hauts-de-France (1 o 2 a\u00f1os de acceso)"},"content":{"rendered":"<p>Este mapa contiene los siguientes lugares:<\/p>\n\n\n\n<ul><li>Le champ de Voitures Abandonn\u00e9es<\/li><li>Chateau Crazy Angelais Chateau du camion bleu<\/li><li>Maison Renault \/ Maison Twingo<\/li><li>Maison Sucrerie<\/li><li>Casa Thierry<\/li><li>Boite de Nuit Imperial<\/li><li>Fuerte de Anis<\/li><li>Hirsbex<\/li><li>La gare de man\u0153uvre ronde \/ La estaci\u00f3n de maniobras redonda<\/li><li>L&#039;abbaye Incendi\u00e9e<\/li><li>Mansi\u00f3n Forestal<\/li><li>Maison du Trappeur \/ Maison Lucienne \/ Maison De La Fouine<\/li><li>Castillo Chasseur<\/li><li>Casa Syntropique<\/li><li>Casa Gregory<\/li><li>Bunker CS<\/li><li>Maison Outils<\/li><li>Maisons voleuse d'\u00e2me<\/li><li>Casa BB<\/li><li>Jab\u00f3n Maison<\/li><li>Maison de la confr\u00e9rie<\/li><li>Torre de Babel<\/li><li>Casa del Boucher<\/li><li>Tomb\u00e9e dans l'oublie<\/li><li>Maison Red Abuela<\/li><li>Manoir 1800<\/li><li>Casa Queue de Faisan<\/li><li>Usine Tropica<\/li><li>F\u00e1brica de patos<\/li><li>Villa Alphonse<\/li><li>Usine de Bi\u00e8res<\/li><li>Casa Leko<\/li><li>Usine de 1932<\/li><li>El\u00e9phant de la m\u00e9moire \/ Elefante perdido<\/li><li>Usine Standart S A<\/li><li>Cl\u00ednica de la Maternidad<\/li><li>Capilla La Barbe \/ Capilla de la Barba<\/li><li>Astillero ahumado<\/li><li>Chateau de l&#039;Empire \/ Castillo General Vandamme<\/li><li>Manoir Porsche<\/li><li>Ferme Aux Obus \/ Ferme Quality Street<\/li><li>Hospital G<\/li><li>Crucifijo Ferme<\/li><li>Cervecer\u00eda C<\/li><li>Avi\u00f3n Azul 2.0<\/li><li>Disco Silo<\/li><li>Usine Camus<\/li><li>Casa Horizonte<\/li><li>Maison Meunier<\/li><li>Castillo Frakacet<\/li><li>Casa Calmette<\/li><li>Cementerio de trenes \/ Trains d'un autre monde<\/li><li>Iglesia de la Desolaci\u00f3n<\/li><li>Discoteca antigua<\/li><li>Casa Mickey<\/li><li>Maison FlipFlop<\/li><li>Maison disparue<\/li><li>Entrep\u00f4t dans la for\u00eat<\/li><li>Casa Fleury<\/li><li>Casa Gestapo<\/li><li>Casa Volt<\/li><li>La antigua f\u00e1brica de trenes<\/li><li>Manoir Bourgeois<\/li><li>Ferme Nationale<\/li><li>Casa Salva<\/li><li>Casa del ferrocarril<\/li><li>Casa con problemas de construcci\u00f3n<\/li><li>Castillo de Douaniers<\/li><li>Fuerte M<\/li><li>Fuerte M 2<\/li><li>Fuerte M 3<\/li><li>Fuerte M 4<\/li><li>Centro Cultura<\/li><li>Garaje Fina<\/li><li>Casa del Pescador<\/li><li>Piscina Tournesol 4<\/li><li>Central H<\/li><li>Maison des chatons<\/li><li>Casa en el centro<\/li><li>Bolos en el espacio<\/li><li>Casa Cloch<\/li><li>Maison de fer<\/li><li>Entrepot d\u00e9labr\u00e9<\/li><li>La Casa Blanca de los Sue\u00f1os<\/li><li>Casa Atalaya<\/li><li>Casas torcidas<\/li><li>Ataque al tit\u00e1n<\/li><li>Maison fig\u00e9e dans le temps<\/li><li>Ferme Cibloy<\/li><li>Castillo de Monaca<\/li><li>Casa de los Libros<\/li><li>Castillo de Fruminet<\/li><li>Sanatorio Delirio Sanatorio Nestor Pirotte<\/li><li>Monast\u00e8re Mor<\/li><li>Manoir du Pharmacien<\/li><li>Castillo MM<\/li><li>Cimeti\u00e8re Profan\u00e9<\/li><li>Manoir aux milles livres<\/li><li>Castillo O<\/li><li>Ferme du Collectionneur<\/li><li>Maison Menthe<\/li><li>Manoir Da Vinci<\/li><li>\u00c9curie H<\/li><li>Castillo de Menillet<\/li><li>Ch\u00e2teau Piano<\/li><li>Chaufferie Prison<\/li><li>Administraci\u00f3n Penitenciaria<\/li><li>Champ de Tir<\/li><li>Piscine Eau Verte<\/li><li>Discoteca Fightclub<\/li><li>Chapelle Mello<\/li><li>Chapelle Messie<\/li><li>Villa Safari<\/li><li>Casa del Nudista<\/li><li>Maison machiavelique<\/li><li>Ferme du Moyen \u00c2ge<\/li><li>Ferme avec mini maison<\/li><li>Casa N-Zelande<\/li><li>Campamento nudista<\/li><li>El cementerio de coches<\/li><li>Usine Fondrax<\/li><li>Comit\u00e9 Jacob<\/li><li>Manoir Jacqueline<\/li><li>Maison De la Pointe<\/li><li>Grande maison avec anciennes voitures abandonn\u00e9es<\/li><li>Manoir B\u00e9b\u00e9<\/li><li>Casa de los a\u00f1os 70<\/li><li>Ferme de Champagne<\/li><li>Maison du Fumeur<\/li><li>Le manoir du Meurtre<\/li><li>El piano fant\u00e1stico<\/li><li>Car-Tune<\/li><li>Chateau de l&#039; Elan<\/li><li>Fiebre de la fibra<\/li><li>Se\u00f1or Grey<\/li><li>Casa de las Plantas<\/li><li>Manoir Grano<\/li><li>T\u00edo Donald<\/li><li>Chaqueta Maison<\/li><li>Ferme Leclerc<\/li><li>H\u00f4pital du B\u00e9b\u00e9 qui Pleure<\/li><li>Ferme Lam<\/li><li>Capilla del Rey<\/li><li>Maison du d\u00e9pressif<\/li><li>Manoir Pendulum<\/li><li>Maison Marionenettes<\/li><li>Villa Anglais<\/li><li>Maison Papillon Azul<\/li><li>Manoir de l&#039;Aristocrate \/ Ferme d&#039;Agatha<\/li><li>Manoir de Gotna<\/li><li>Ferme Paradise<\/li><li>Chateau Jonquille<\/li><li>Mina del Grimpeur<\/li><li>Casa Tacot<\/li><li>La Morgue de Dieu<\/li><li>La Ferme Paradis<\/li><li>Casa Gepetto<\/li><li>Manoir Resurrection<\/li><li>Voiture Tetris \/ Coches Tetris<\/li><li>Ferme Merlier<\/li><li>Casa Seimreh<\/li><li>Maison du Table<\/li><li>Restaurante Tipi<\/li><li>Usine Verte<\/li><li>Garde \u00e0 vue<\/li><li>Los antiguos edificios mineros<\/li><li>Casa Bies<\/li><li>Casa T\u00e1rtara<\/li><li>La casa de invierno<\/li><li>Manoir Jeu de Dames<\/li><li>Casa de la Naturaleza<\/li><li>Maison Groundkeeper<\/li><li>Los campos b\u00fanker<\/li><li>Ferme Cornet \/ Granja Van<\/li><li>Club Osmose<\/li><li>Ferme de l'oncle Joe<\/li><li>Cl\u00ednica de maternidad<\/li><li>La Vache Folle<\/li><li>Maison Arlette \/ Chez Artlette<\/li><li>Ferme Montiers<\/li><li>Manoir Malediction<\/li><li>Ferme Philo<\/li><li>Villa de la Plage<\/li><li>Castillo de la Biche<\/li><li>Manoir Orland<\/li><li>Ch\u00e2teau Martin P\u00eacheur<\/li><li>Chateau Colo<\/li><li>Usine Coop<\/li><li>Sucrerie B<\/li><li>Usine Feuille de Trefle<\/li><li>Escuela B<\/li><li>Usine DP<\/li><li>La Maison Effeuillage \/ La Habitaci\u00f3n<\/li><li>Concesi\u00f3n SAAB<\/li><li>Eglise de l'Alien (Ony con permiso)<\/li><li>Maison Damier<\/li><li>La Maison du Renard<\/li><li>Manoir Scolaire \/ Manoir Fire<\/li><li>Casa Valines<\/li><li>Piscina Tournesol 8<\/li><li>Playa de Usine<\/li><li>El gigante de hormig\u00f3n<\/li><li>Maison Accident de voiture \/ Casa del accidente de coche<\/li><li>La Otra Mansi\u00f3n Jumani<\/li><\/ul>","protected":false},"excerpt":{"rendered":"<p>Este mapa urbex le ofrece todos los lugares de exploraci\u00f3n urbana (urbex) en<strong> Francia, <\/strong><strong>Hauts-de-France<\/strong><strong>.<\/strong> Este mapa de lugares perdidos permanecer\u00e1 actualizado y accesible durante al menos 365 d\u00edas despu\u00e9s de la compra.<\/p>\n<p>Este mapa cuenta en la actualidad con 204 de los lugares de exploraci\u00f3n urbana m\u00e1s singulares de Francia, Hauts-de-France, y es accesible desde cualquier lugar con nuestro mapa f\u00e1cil de usar<strong>.<\/p>\n<p><\/strong><strong>Si ya tiene este paquete, puede acceder a \u00e9l a trav\u00e9s de <a href=\"\/es\/mi-cuenta-2\/area-de-miembros\/43905\/mi-contenido-de-afiliacion\/\">Mis mapas &gt; Ver.<\/a><\/strong><strong><\/p>\n<p><\/strong><a href=\"#tab-description\">Lista de todas las ubicaciones de Urbex en este mapa.<\/a><\/p>","protected":false},"featured_media":48141,"template":"","meta":[],"product_brand":[],"product_cat":[226,232,322,1135,1342],"product_tag":[323],"class_list":{"0":"post-37079","1":"product","2":"type-product","3":"status-publish","4":"has-post-thumbnail","6":"product_cat-france","7":"product_cat-hauts-de-france","8":"product_cat-location-packs","9":"product_cat-maps-france","10":"product_cat-maps-hauts-de-france","11":"product_tag-locationpack","13":"first","14":"instock","15":"taxable","16":"shipping-taxable","17":"purchasable","18":"product-type-variable"},"jetpack_sharing_enabled":true,"_links":{"self":[{"href":"https:\/\/urbex.direct\/es\/wp-json\/wp\/v2\/product\/37079","targetHints":{"allow":["GET"]}}],"collection":[{"href":"https:\/\/urbex.direct\/es\/wp-json\/wp\/v2\/product"}],"about":[{"href":"https:\/\/urbex.direct\/es\/wp-json\/wp\/v2\/types\/product"}],"wp:featuredmedia":[{"embeddable":true,"href":"https:\/\/urbex.direct\/es\/wp-json\/wp\/v2\/media\/48141"}],"wp:attachment":[{"href":"https:\/\/urbex.direct\/es\/wp-json\/wp\/v2\/media?parent=37079"}],"wp:term":[{"taxonomy":"product_brand","embeddable":true,"href":"https:\/\/urbex.direct\/es\/wp-json\/wp\/v2\/product_brand?post=37079"},{"taxonomy":"product_cat","embeddable":true,"href":"https:\/\/urbex.direct\/es\/wp-json\/wp\/v2\/product_cat?post=37079"},{"taxonomy":"product_tag","embeddable":true,"href":"https:\/\/urbex.direct\/es\/wp-json\/wp\/v2\/product_tag?post=37079"}],"curies":[{"name":"wp","href":"https:\/\/api.w.org\/{rel}","templated":true}]}}