{"id":36643,"date":"2021-11-24T22:03:25","date_gmt":"2021-11-24T22:03:25","guid":{"rendered":"https:\/\/urbex.direct\/?post_type=product&#038;p=36643"},"modified":"2025-05-27T20:00:34","modified_gmt":"2025-05-27T19:00:34","slug":"location-map-fr-occitanie","status":"publish","type":"product","link":"https:\/\/urbex.direct\/es\/product\/location-map-fr-occitanie\/","title":{"rendered":"Mapa Urbex Francia, Occitanie (1 o 2 a\u00f1os de acceso)"},"content":{"rendered":"<p>Este mapa contiene los siguientes lugares:<\/p>\n\n\n\n<ul><li>Resto Kowloon<\/li><li>Morgue del hospital<\/li><li>Restaurant le Bistrot \/ H\u00f4tel capitaine Haddock<\/li><li>Casa Museo\/ Casa Gendarmer\u00eda<\/li><li>Las minas de oro<\/li><li>Castillo Ecole<\/li><li>Castillo Valgros<\/li><li>Villa des Orangers<\/li><li>Voitures Rouill\u00e9es<\/li><li>Discoteca\nBon<\/li><li>Manoir RBNSD<\/li><li>Casa Champignon<\/li><li>Manoir Escalier<\/li><li>La Chapelle de L'ange au Violon<\/li><li>Spa Isis \/ Therme Isis<\/li><li>Ancienne Gare SML<\/li><li>Ruinas del b\u00fanker en las dunas<\/li><li>Hotel Eleven<\/li><li>Desguace de coches<\/li><li>Casa Bosch<\/li><li>Manoir vitrail<\/li><li>Casa Vide<\/li><li>Casas del Mundo<\/li><li>Castillo Horus<\/li><li>Anciennes serres \u00e0 raisins<\/li><li>Karting Perdue<\/li><li>Apartamentos Castellas<\/li><li>Hospital Erno Soto<\/li><li>Maison R<\/li><li>Maison Poup\u00e9es Voodoo<\/li><li>Casa de las Serpientes<\/li><li>Ch\u00e2teau Petit<\/li><li>Hopital Rochelle<\/li><li>Discoteca Oriental<\/li><li>Maison de la Mine<\/li><li>La colonia militar<\/li><li>Restaurante y Club D<\/li><li>Gare en for\u00eat \/ Estaci\u00f3n forestal<\/li><li>Le four \u00e0 chaux oubli\u00e9 \/ El horno de cal olvidado<\/li><li>Les anciens thermes dans la for\u00eat \/ Las antiguas termas del bosque<\/li><li>Castillo de Sauvage<\/li><li>Ruine Argen<\/li><li>Les 3 ruines ensemble \/ Las 3 ruinas juntas<\/li><li>Sanatorio Michel Peiry<\/li><li>Cueva Coop\u00e9ratie<\/li><li>Castillo Halabi<\/li><li>Pensi\u00f3n Joseph Vacher<\/li><li>Casa del Inventor<\/li><li>Casa Hant\u00e9e<\/li><li>Castillo BN<\/li><li>Usine x Depollution<\/li><li>Los pianos del campo<\/li><li>Usine Vieille Voitures<\/li><li>Centro de educaci\u00f3n<\/li><li>Maison RIP<\/li><li>Usine Hold<\/li><li>Rosa Redidence<\/li><li>Manoir de la tour<\/li><li>V\u00e9hicules de la police am\u00e9ricaine<\/li><li>Les ruines du moulin<\/li><li>Ciudad fantasma 34<\/li><li>Colonie Lod<\/li><li>Otra ciudad fantasma 34<\/li><li>Domaine Espa \/ Le domaine des Fusiliers<\/li><li>El viejo pueblo<\/li><li>Casa Croix<\/li><li>La casa de monta\u00f1a abandonada<\/li><li>Ruine de la for\u00eat<\/li><li>Hotel Tropical<\/li><li>Hotel KQPRS<\/li><li>Fuerte Am\u00e9lie<\/li><li>Hotel Alexandra<\/li><li>H\u00f4pital Thermal<\/li><li>Avi\u00f3n Falaise<\/li><li>Hotel Estamariu 66<\/li><li>La villa du Pr\u00eatre<\/li><li>Camping en for\u00eat<\/li><li>Gare mini\u00e8re 1<\/li><li>Gare mini\u00e8re 2<\/li><li>Gare mini\u00e8re 3<\/li><li>Ruine de Spa<\/li><li>Pueblo fantasma Vieux<\/li><li>Peque\u00f1o pueblo fantasma 66<\/li><li>La Laiterie<\/li><li>Hotel Delta<\/li><li>Usine Rivera<\/li><li>Piscine Grande<\/li><li>Usine Teint<\/li><li>Castillo Taureau<\/li><li>La 4L cach\u00e9e<\/li><li>La mine criminelle<\/li><li>Maison aux \u00e9cureuils<\/li><li>Manoir N<\/li><li>Castillo de Bouillac<\/li><li>El convento del arrepentimiento<\/li><li>For\u00eat \u00e9pave<\/li><li>Discoteca Papillon<\/li><li>Maison des chuchotements<\/li><li>Casa 1896<\/li><li>Maison en lisi\u00e8re de for\u00eat<\/li><li>Maison avec les \u00e9paves de voitures<\/li><li>Maison tristesse<\/li><li>El granero torcido<\/li><li>La Iglesia perdonada<\/li><li>La casa de campo no est\u00e1 a la vista<\/li><li>M\u00e9decine d'apr\u00e8s guerre<\/li><li>Camping Tob<\/li><li>Ruinas Agla<\/li><li>La maison au sel<\/li><li>Casa B<\/li><li>Garaje OH MY G<\/li><li>Ch\u00e2teau Marguerite \/ Ch\u00e2teau Joachim Toro<\/li><li>Clinique Wisteria Hos<\/li><li>Usine Hirondelles<\/li><li>La Serre du Chirurgien<\/li><li>Castillo del Coronel<\/li><li>Hospital del Castillo<\/li><li>Castillo Voiture<\/li><li>Usine Plus<\/li><li>Manoir du Sud<\/li><li>Restaurante Bateau Pirate \/ Le Bateau<\/li><li>La casa de las serpientes<\/li><li>Casa G<\/li><li>Le Ch\u00e2teau aux fen\u00eatres condamn\u00e9es<\/li><li>Coches Antiguos<\/li><li>Hotel des Soeurs Papins<\/li><li>Usine de Bruss<\/li><li>L'orphelinat Color\u00e9 \/ El orfanato de colores<\/li><li>Casa del Cazador \/ Maison des Chasseurs<\/li><li>Chalet CLF \/ Le Chalet du Biologiste<\/li><li>Manoir du capitaliste<\/li><li>Casino de la Montagne<\/li><li>Vieux et bien rouill\u00e9<\/li><li>Casa Astro<\/li><li>Maison Autoroute<\/li><li>Casa del Rey<\/li><li>Maison enfouie<\/li><li>Ornitorrinco<\/li><li>Casa Lofi<\/li><li>Casa TB<\/li><li>El bar<\/li><li>Casa Mari<\/li><li>Maison de la cirrhose<\/li><li>Casa Deglingo<\/li><li>Ruine du Prince<\/li><li>Le vieux Moulin<\/li><li>Le grill abandonn\u00e9<\/li><li>Viejo hangar<\/li><li>Usine de chaux<\/li><li>Usine des Libres<\/li><li>Colapso de la casa<\/li><li>Castillo Jacquy Haddouche \/ Chateau blancard<\/li><li>Maison Journaux \/ Chateau Baldaquin \/ Chateau Marie Noe<\/li><li>Gira Mr Gaston<\/li><li>Manoir Atenas<\/li><li>Capilla Pessebre<\/li><li>Maison qui\u00e8tude<\/li><li>Hotel Daisy de Melker<\/li><li>Domaine de la cobra<\/li><li>Disco Boom<\/li><li>Casa Bianch<\/li><li>La maison d'\u00e0 c\u00f4t\u00e9<\/li><li>Casa Razera<\/li><li>Beso de Usine<\/li><li>Iglesia del Pescado<\/li><li>Castillo Martial \/ Castillo Napole\u00f3n<\/li><li>Cubo Chateau<\/li><li>Manoir des bois<\/li><li>El campo de experiencias<\/li><li>Casa sin padres<\/li><li>H\u00f4tel des sourciers<\/li><li>Casa Maxou<\/li><li>Casa Stranger Things<\/li><li>Discoteca MyLord<\/li><li>T\u00e9l\u00e9ph\u00e9rique des Pyr\u00e9n\u00e9es<\/li><li>Manoir Madame B<\/li><li>Hotel Clo Clo<\/li><li>Temple franc ma\u00e7on<\/li><li>Convento Christine Malevre<\/li><li>Maison au palmier<\/li><li>Hotel Restaurante Virginia Occidental<\/li><li>Colonie De Caneilles<\/li><li>Casa Jumelles 1<\/li><li>Casa Jumelles 2<\/li><li>Usine TT<\/li><li>Maison Neste<\/li><li>Peque\u00f1a cl\u00ednica<\/li><li>Recogida de veh\u00edculos en el puente<\/li><li>Hotel de la M\u00fasica<\/li><li>Eglise P<\/li><li>Castillo de L\u00e9z<\/li><li>Castillo la B<\/li><li>Usine du Seigneur<\/li><li>Manoir de la Rivi\u00e8re<\/li><li>Usine Infierno<\/li><li>Usine Migro<\/li><li>Villa Cubac<\/li><li>Casa del Roucan<\/li><li>Le Lavoir a Charbon<\/li><li>Gendarmer\u00eda<\/li><li>Capilla Arlequ\u00edn<\/li><li>Casa Tri\u00e1ngulo<\/li><li>Restaurante Catal\u00e1n<\/li><li>Castillo de V\u00e9t\u00e9rinaire<\/li><li>L'ancienne caserne<\/li><li>Mineurs d'entrep\u00f4ts<\/li><li>Usine Naudy<\/li><li>Casa Bug<\/li><li>Casa Alzheimer<\/li><li>Usine Chatlana \/ Usine PZM<\/li><li>Castillo de Montpinier<\/li><li>Moulin sur la berge<\/li><li>Parque acu\u00e1tico des oiseaux<\/li><li>Tapas Bistro<\/li><li>Manoir Jade<\/li><\/ul>\n\n\n\n<p><\/p>","protected":false},"excerpt":{"rendered":"<p>Este mapa urbex le ofrece todos los lugares de exploraci\u00f3n urbana (urbex) en<strong> Francia, <\/strong><strong>Occitanie<\/strong><strong>.<\/strong> Este mapa de lugares perdidos permanecer\u00e1 actualizado y accesible durante al menos 365 d\u00edas despu\u00e9s de la compra.<\/p>\n<p>Este mapa tiene actualmente 215 de los lugares m\u00e1s singulares de exploraci\u00f3n urbana en Francia, Occitanie y es accesible desde cualquier lugar con nuestro mapa f\u00e1cil de usar<strong>.<\/p>\n<p><\/strong><strong>Si ya tiene este paquete, puede acceder a \u00e9l a trav\u00e9s de <a href=\"\/es\/mi-cuenta-2\/area-de-miembros\/43905\/mi-contenido-de-afiliacion\/\">Mis mapas &gt; Ver.<\/a><\/strong><strong><\/p>\n<p><\/strong><a href=\"#tab-description\">Lista de todas las ubicaciones de Urbex en este mapa.<\/a><\/p>","protected":false},"featured_media":48143,"template":"","meta":[],"product_brand":[],"product_cat":[226,322,1135,1346,236],"product_tag":[323],"class_list":{"0":"post-36643","1":"product","2":"type-product","3":"status-publish","4":"has-post-thumbnail","6":"product_cat-france","7":"product_cat-location-packs","8":"product_cat-maps-france","9":"product_cat-maps-occitanie","10":"product_cat-occitanie","11":"product_tag-locationpack","13":"first","14":"instock","15":"taxable","16":"shipping-taxable","17":"purchasable","18":"product-type-variable"},"jetpack_sharing_enabled":true,"_links":{"self":[{"href":"https:\/\/urbex.direct\/es\/wp-json\/wp\/v2\/product\/36643","targetHints":{"allow":["GET"]}}],"collection":[{"href":"https:\/\/urbex.direct\/es\/wp-json\/wp\/v2\/product"}],"about":[{"href":"https:\/\/urbex.direct\/es\/wp-json\/wp\/v2\/types\/product"}],"wp:featuredmedia":[{"embeddable":true,"href":"https:\/\/urbex.direct\/es\/wp-json\/wp\/v2\/media\/48143"}],"wp:attachment":[{"href":"https:\/\/urbex.direct\/es\/wp-json\/wp\/v2\/media?parent=36643"}],"wp:term":[{"taxonomy":"product_brand","embeddable":true,"href":"https:\/\/urbex.direct\/es\/wp-json\/wp\/v2\/product_brand?post=36643"},{"taxonomy":"product_cat","embeddable":true,"href":"https:\/\/urbex.direct\/es\/wp-json\/wp\/v2\/product_cat?post=36643"},{"taxonomy":"product_tag","embeddable":true,"href":"https:\/\/urbex.direct\/es\/wp-json\/wp\/v2\/product_tag?post=36643"}],"curies":[{"name":"wp","href":"https:\/\/api.w.org\/{rel}","templated":true}]}}