{"id":36610,"date":"2021-11-24T19:11:30","date_gmt":"2021-11-24T19:11:30","guid":{"rendered":"https:\/\/urbex.direct\/?post_type=product&#038;p=36610"},"modified":"2025-05-22T20:38:52","modified_gmt":"2025-05-22T19:38:52","slug":"location-map-auvergne-rhone-alpes","status":"publish","type":"product","link":"https:\/\/urbex.direct\/es\/product\/location-map-auvergne-rhone-alpes\/","title":{"rendered":"Mapa Urbex Francia, Auvernia-R\u00f3dano-Alpes (1 \u00f3 2 a\u00f1os de acceso)"},"content":{"rendered":"<p>Este mapa contiene los siguientes lugares:<\/p>\n\n\n\n<ul><li>Manoir aux fant\u00f4mes<\/li><li>Casa Bollirison<\/li><li>Castillo TH<\/li><li>Centro Multideporte<\/li><li>Sanatorio del Lago Gel\u00e9<\/li><li>Maison Jungle \/ Maison du sauvage<\/li><li>Chateau Bellevue<\/li><li>Hotel de la Faucille<\/li><li>La F\u00e1brica Mercantil \/ Usine Vulcain<\/li><li>Cimeti\u00e8re de train Mergeais<\/li><li>La f\u00e1brica desconocida \/ Yermo I<\/li><li>Castillo Bellesyri<\/li><li>Le manoir jouets<\/li><li>Discoteca Titanic \/ Discotheque aux Facettes<\/li><li>Chateau Blanc 2.0<\/li><li>Castillo de Bohas<\/li><li>Manoir Flipper \/ Mansi\u00f3n Pinball<\/li><li>Casa Panda<\/li><li>El garaje con restos<\/li><li>Manoir Horloge<\/li><li>Usine Mister Django<\/li><li>Casa Paucod<\/li><li>Les voitures du Kraken<\/li><li>Ch\u00e2teau Versanne<\/li><li>Castillo Bayrou \/ Castillo Formica<\/li><li>Chateau Symphonie<\/li><li>Manoir Mercedes<\/li><li>Retrato del castillo<\/li><li>Castillo Minuit<\/li><li>Piscina tropical<\/li><li>Hopitools<\/li><li>Usine Meldrague<\/li><li>Lotissement du D\u00e9sert \/ Casa AB<\/li><li>Chateau Paysan \/ Castillo Roffcho<\/li><li>Escuela La Vache \/ Escuela Napole\u00f3n<\/li><li>El Convento de los Expertos Couvent Des Experts<\/li><li>Ch\u00e2teau Cafards \/ El castillo de las cucarachas<\/li><li>Manoir Bobo<\/li><li>Ch\u00e2teau Chrysantheme \/ Manoir Archie<\/li><li>Castillo de Valtan<\/li><li>Hotel Arrondi<\/li><li>2 Fermes Pluvieuses<\/li><li>Hospital de guerre<\/li><li>Usine La Pas Lisse<\/li><li>Manoir Sainte Th\u00e9r\u00e8se<\/li><li>Maison Orange<\/li><li>Ferme de l'illettr\u00e9<\/li><li>La ferme contre tout<\/li><li>Casa Martine<\/li><li>Peque\u00f1a Capilla de los Viajeros<\/li><li>Granja Allemande<\/li><li>Usine The Last of Us<\/li><li>Cohete AP<\/li><li>Maison de retraite Mo\u00efse<\/li><li>Manoir de l&#039;Artisan<\/li><li>Piscina Daudau \/ Piscine Daudau<\/li><li>Casa Baleine<\/li><li>Ruine Du Moulin<\/li><li>El peluquero de Walt Disney<\/li><li>Ch\u00e2teau d&#039;\u00e9dra<\/li><li>Castillo Acad\u00e9mico<\/li><li>Hotel Terminus<\/li><li>Castillo de Hiboux<\/li><li>Castillo de Branzac<\/li><li>Club des Nymphes \/ Disco \u00e9l\u00e9phant<\/li><li>Universidad Uzi<\/li><li>Discoteca Freya<\/li><li>El tren del boogie \/ Trenes abandonados II<\/li><li>Motel M \/ Motel des Vignes<\/li><li>Usine Gary Ridgway<\/li><li>Manoir des Vignes<\/li><li>La f\u00e1brica Avrela \/ Usine Gangster<\/li><li>Barco Apocalipsis \/ Barco \u00d3xido<\/li><li>Ferme 1800<\/li><li>Manoir du Coureur \/ Manoir Renault<\/li><li>Bo\u00eete de Nuit 1862<\/li><li>La enfermera sexy<\/li><li>Hotel Parker<\/li><li>Usine Jourdan<\/li><li>Ancienne usine d&#039;\u00e9l\u00e9ctro-chimie<\/li><li>Colina ol\u00edmpica de saltos de esqu\u00ed abandonada \/ Grand Saut<\/li><li>Casa Angus<\/li><li>Convento Pierre Dufour<\/li><li>Cimenterie Hulk<\/li><li>Villa Hestia<\/li><li>Institut G\u00e9ographique Geographic Institut<\/li><li>Casa Le Port<\/li><li>Castillo Helix<\/li><li>Usine Siner<\/li><li>La parfumerie<\/li><li>Chateau Carre<\/li><li>Bosques energ\u00e9ticos<\/li><li>Casa Coraz\u00f3n<\/li><li>Hotel Perlinpinpin<\/li><li>Usine Belle Croix<\/li><li>Usine Ruby<\/li><li>Usine Hock<\/li><li>Villa Bob&#039;s Legs<\/li><li>Chateau des Allem<\/li><li>Usine 38<\/li><li>Usine Ladr\u00f3n<\/li><li>La brasserie dans les bois<\/li><li>Centrale Vintage<\/li><li>T\u00fanel fantasma<\/li><li>Ch\u00e2teau Versa Pique<\/li><li>Thermes Bleus<\/li><li>Castillo de F\u00e1bulas<\/li><li>Usine du Sable<\/li><li>Hopital du Cheval<\/li><li>Maison de la Mine<\/li><li>Casa Papy &amp; Mamie<\/li><li>Ciudad de vacaciones<\/li><li>Casa Vignoble<\/li><li>Casa Croix de Guerre<\/li><li>Manoir sauvage<\/li><li>Ch\u00e2teau au toit de verre<\/li><li>La presa \/ Le colosse d\u00e9chu<\/li><li>Usine Abasourdix<\/li><li>Malter\u00eda<\/li><li>Escuela de las maravillas<\/li><li>Albergue Onouris<\/li><li>Chateau Mercure<\/li><li>Usine OVR \/ La f\u00e1brica OVR<\/li><li>Garaje M \/ La casa del \u00e1rbol<\/li><li>Franc\u00e9s occidental<\/li><li>Les Thermes Verts \/ El balneario verde<\/li><li>Casa Martre<\/li><li>Les Thermes Rose<\/li><li>Discoteca El Lem<\/li><li>Castillo \u00c9xodo<\/li><li>Ch\u00e2teau Contorsionniste \/ Ch\u00e2teau Heracles \/ Ch\u00e2teau Cordiste<\/li><li>Hotel Capitole<\/li><li>Camp de Vacance La Roche<\/li><li>Les Bains Romains<\/li><li>H\u00f4tel Voiture Rouge \/ Hotel Rouge<\/li><li>Maison de repos Montagnarde<\/li><li>Piscina Percer<\/li><li>Escuela de Couteaux<\/li><li>Usine sur la montagne<\/li><li>Coutellerie et Papeterie<\/li><li>La ruine Industrie<\/li><li>Para\u00edso del esqu\u00ed<\/li><li>Garaje oculto<\/li><li>Maison du chauffeur<\/li><li>Maison Elfes des bois<\/li><li>Restaurante Bara<\/li><li>Maison R\u00e9novation rat\u00e9e<\/li><li>Hotel Gilbert<\/li><li>Iglesia Demi-Lune<\/li><li>Usine du Lion<\/li><li>Casa Belleroche<\/li><li>Petit de zone Industrielle<\/li><li>Lidl perdido<\/li><li>Manoir Immense<\/li><li>Grand Ancienne Maison de Retraite<\/li><li>Hotel du Monarque<\/li><li>Abandonar l&#039;\u00e9cole<\/li><li>V\u00e9randa de V\u00e9g\u00e9tation<\/li><li>Ancienne Maison de Retraite<\/li><li>Restaurante LR<\/li><li>Mini Maison<\/li><li>Maison D\u00e9pottiore<\/li><li>Vieille Petite Gare Abandonn\u00e9e<\/li><li>Grande Gare Abandonn\u00e9e<\/li><li>Maison Super Maman<\/li><li>Castillo Acide<\/li><li>La f\u00e1brica de coches<\/li><li>Grand garage sans toit<\/li><li>La \u00faltima batalla \/ Le Dernier Combat<\/li><li>Villa Mourir<\/li><li>Casa de la Rep\u00fablica<\/li><li>Casa Ouadjet<\/li><li>Estaci\u00f3n de radio DD<\/li><li>Casa Brouette<\/li><li>Trenes de R\u00f3dano<\/li><li>Thermes Multicolor<\/li><li>Mina Canal<\/li><li>Castillo de Brumeux<\/li><li>Cimenterie Jacob \/ F\u00e1brica de cemento Jacob<\/li><li>Telef\u00e9rico alpino<\/li><li>Hotel BS<\/li><li>Mansi\u00f3n Ozan Selamet<\/li><li>Villa Parteyi<\/li><li>Hospital de los Alpes<\/li><li>La Verdadera Villa<\/li><li>Ministro Hotel HS<\/li><li>Maison Interstellar \/ Casa Torre<\/li><li>H\u00f4pital la ligne verte \/ Hospital de la l\u00ednea verde<\/li><li>Centro de ocio<\/li><li>Sala de exposiciones<\/li><\/ul>","protected":false},"excerpt":{"rendered":"<p>Este mapa urbex le ofrece todos los lugares de exploraci\u00f3n urbana (urbex) en<strong> Francia, Auvergne-Rh\u00f4ne-Alpes.<\/strong> Este mapa de lugares perdidos permanecer\u00e1 actualizado y accesible durante al menos 365 d\u00edas despu\u00e9s de la compra.<\/p>\n<p>This map has currently 190 of the most unique urban exploring locations in France, Auvergne-Rh\u00f4ne-Alps and is accessible from anywhere with our easy to use map<strong>.<\/p>\n<p><\/strong><strong>Si ya tiene este paquete, puede acceder a \u00e9l a trav\u00e9s de <a href=\"\/es\/mi-cuenta-2\/area-de-miembros\/43905\/mi-contenido-de-afiliacion\/\">Mis mapas &gt; Ver.<\/a><\/strong><strong><\/p>\n<p><\/strong><a href=\"#tab-description\">Lista de todas las ubicaciones de Urbex en este mapa.<\/a><\/p>","protected":false},"featured_media":48139,"template":"","meta":[],"product_brand":[],"product_cat":[227,226,322,1336,1135],"product_tag":[323],"class_list":{"0":"post-36610","1":"product","2":"type-product","3":"status-publish","4":"has-post-thumbnail","6":"product_cat-auvergne-rhone-alps","7":"product_cat-france","8":"product_cat-location-packs","9":"product_cat-maps-auvergne-rhone-alps","10":"product_cat-maps-france","11":"product_tag-locationpack","13":"first","14":"instock","15":"taxable","16":"shipping-taxable","17":"purchasable","18":"product-type-variable"},"jetpack_sharing_enabled":true,"_links":{"self":[{"href":"https:\/\/urbex.direct\/es\/wp-json\/wp\/v2\/product\/36610","targetHints":{"allow":["GET"]}}],"collection":[{"href":"https:\/\/urbex.direct\/es\/wp-json\/wp\/v2\/product"}],"about":[{"href":"https:\/\/urbex.direct\/es\/wp-json\/wp\/v2\/types\/product"}],"wp:featuredmedia":[{"embeddable":true,"href":"https:\/\/urbex.direct\/es\/wp-json\/wp\/v2\/media\/48139"}],"wp:attachment":[{"href":"https:\/\/urbex.direct\/es\/wp-json\/wp\/v2\/media?parent=36610"}],"wp:term":[{"taxonomy":"product_brand","embeddable":true,"href":"https:\/\/urbex.direct\/es\/wp-json\/wp\/v2\/product_brand?post=36610"},{"taxonomy":"product_cat","embeddable":true,"href":"https:\/\/urbex.direct\/es\/wp-json\/wp\/v2\/product_cat?post=36610"},{"taxonomy":"product_tag","embeddable":true,"href":"https:\/\/urbex.direct\/es\/wp-json\/wp\/v2\/product_tag?post=36610"}],"curies":[{"name":"wp","href":"https:\/\/api.w.org\/{rel}","templated":true}]}}