{"id":34508,"date":"2021-11-03T08:04:09","date_gmt":"2021-11-03T08:04:09","guid":{"rendered":"https:\/\/urbex.direct\/product\/autodromo-tm\/"},"modified":"2024-08-22T08:46:31","modified_gmt":"2024-08-22T07:46:31","slug":"autodromo-tm","status":"publish","type":"product","link":"https:\/\/urbex.direct\/es\/product\/autodromo-tm\/","title":{"rendered":"Aut\u00f3dromo TM"},"content":{"rendered":"<p>Comentarios 08-2024 Este hip\u00f3dromo es muy conocido entre los exploradores de Catalu\u00f1a. Por desgracia, el lugar est\u00e1 vigilado, e incluso hay gente que vive dentro. Los propietarios est\u00e1n cansados de que la gente entre ilegalmente en el recinto, por lo que est\u00e1n tomando medidas legales. Adem\u00e1s, el lugar se puede visitar legalmente, ya que se puede alquilar y se utiliza para rodajes y reuniones. Por lo tanto, est\u00e1n intentando limpiar el lugar de \"exploradores urbex\". Se podr\u00eda considerar este lugar como (RIP) ya que es pr\u00e1cticamente imposible entrar sin el permiso de los propietarios (y no permiten la entrada a ning\u00fan particular).\u00a0<\/p>","protected":false},"excerpt":{"rendered":"<p>Sin acceso<\/p>","protected":false},"featured_media":58032,"template":"","meta":[],"product_brand":[],"product_cat":[288,282],"product_tag":[44],"class_list":{"0":"post-34508","1":"product","2":"type-product","3":"status-publish","4":"has-post-thumbnail","6":"product_cat-catalonia","7":"product_cat-spain","8":"product_tag-geenurbex","10":"first","11":"outofstock","12":"downloadable","13":"taxable","14":"shipping-taxable","15":"purchasable","16":"product-type-simple"},"jetpack_sharing_enabled":true,"_links":{"self":[{"href":"https:\/\/urbex.direct\/es\/wp-json\/wp\/v2\/product\/34508","targetHints":{"allow":["GET"]}}],"collection":[{"href":"https:\/\/urbex.direct\/es\/wp-json\/wp\/v2\/product"}],"about":[{"href":"https:\/\/urbex.direct\/es\/wp-json\/wp\/v2\/types\/product"}],"wp:featuredmedia":[{"embeddable":true,"href":"https:\/\/urbex.direct\/es\/wp-json\/wp\/v2\/media\/58032"}],"wp:attachment":[{"href":"https:\/\/urbex.direct\/es\/wp-json\/wp\/v2\/media?parent=34508"}],"wp:term":[{"taxonomy":"product_brand","embeddable":true,"href":"https:\/\/urbex.direct\/es\/wp-json\/wp\/v2\/product_brand?post=34508"},{"taxonomy":"product_cat","embeddable":true,"href":"https:\/\/urbex.direct\/es\/wp-json\/wp\/v2\/product_cat?post=34508"},{"taxonomy":"product_tag","embeddable":true,"href":"https:\/\/urbex.direct\/es\/wp-json\/wp\/v2\/product_tag?post=34508"}],"curies":[{"name":"wp","href":"https:\/\/api.w.org\/{rel}","templated":true}]}}