{"id":260,"date":"2021-03-02T15:16:51","date_gmt":"2021-03-02T15:16:51","guid":{"rendered":"https:\/\/urbex.direct\/product\/heavy-metal\/"},"modified":"2026-02-01T19:48:10","modified_gmt":"2026-02-01T19:48:10","slug":"heavy-metal","status":"publish","type":"product","link":"https:\/\/urbex.direct\/es\/product\/heavy-metal\/","title":{"rendered":"Heavy Metal \/ Cockerill Sambre Chertal"},"content":{"rendered":"","protected":false},"excerpt":{"rendered":"<p>\u00a1La demolici\u00f3n ha comenzado!<\/p>\n<p>Heavy Metal, ooit een metaal fabriek in de rook van Luik maar door de crisis van 2008 in zwaar weer terechtgekomen en desde 2011 zijn de deuren gesloten. Esta inmensa ubicaci\u00f3n nos ha proporcionado mucho placer. Aqu\u00ed todo es grande, m\u00e1s grande o m\u00e1s grande.<\/p>","protected":false},"featured_media":60638,"template":"","meta":[],"product_brand":[],"product_cat":[197,201],"product_tag":[41,44],"class_list":{"0":"post-260","1":"product","2":"type-product","3":"status-publish","4":"has-post-thumbnail","6":"product_cat-belgium","7":"product_cat-liege","8":"product_tag-coordinaten","9":"product_tag-geenurbex","11":"first","12":"outofstock","13":"downloadable","14":"taxable","15":"shipping-taxable","16":"purchasable","17":"product-type-simple"},"jetpack_sharing_enabled":true,"_links":{"self":[{"href":"https:\/\/urbex.direct\/es\/wp-json\/wp\/v2\/product\/260","targetHints":{"allow":["GET"]}}],"collection":[{"href":"https:\/\/urbex.direct\/es\/wp-json\/wp\/v2\/product"}],"about":[{"href":"https:\/\/urbex.direct\/es\/wp-json\/wp\/v2\/types\/product"}],"wp:featuredmedia":[{"embeddable":true,"href":"https:\/\/urbex.direct\/es\/wp-json\/wp\/v2\/media\/60638"}],"wp:attachment":[{"href":"https:\/\/urbex.direct\/es\/wp-json\/wp\/v2\/media?parent=260"}],"wp:term":[{"taxonomy":"product_brand","embeddable":true,"href":"https:\/\/urbex.direct\/es\/wp-json\/wp\/v2\/product_brand?post=260"},{"taxonomy":"product_cat","embeddable":true,"href":"https:\/\/urbex.direct\/es\/wp-json\/wp\/v2\/product_cat?post=260"},{"taxonomy":"product_tag","embeddable":true,"href":"https:\/\/urbex.direct\/es\/wp-json\/wp\/v2\/product_tag?post=260"}],"curies":[{"name":"wp","href":"https:\/\/api.w.org\/{rel}","templated":true}]}}