{"id":18746,"date":"2021-08-29T14:09:06","date_gmt":"2021-08-29T13:09:06","guid":{"rendered":"https:\/\/urbex.direct\/product\/hotel-de-los-horrores\/"},"modified":"2024-08-22T08:39:43","modified_gmt":"2024-08-22T07:39:43","slug":"hotel-de-los-horrores","status":"publish","type":"product","link":"https:\/\/urbex.direct\/es\/product\/hotel-de-los-horrores\/","title":{"rendered":"Hotel de los horrores"},"content":{"rendered":"","protected":false},"excerpt":{"rendered":"<p>Opini\u00f3n 08\/2024: La \u00faltima vez que entramos nos encontramos con el due\u00f1o del lugar (una persona bastante agresiva). Este sitio abandonado se encuentra dentro de una zona residencial que est\u00e1 pasando por serios problemas legales, por lo que es bastante peligroso entrar. Los propios vecinos vigilan constantemente el edificio.<\/p>","protected":false},"featured_media":18744,"template":"","meta":[],"product_brand":[],"product_cat":[288,282],"product_tag":[],"class_list":{"0":"post-18746","1":"product","2":"type-product","3":"status-publish","4":"has-post-thumbnail","6":"product_cat-catalonia","7":"product_cat-spain","9":"first","10":"instock","11":"downloadable","12":"taxable","13":"shipping-taxable","14":"purchasable","15":"product-type-simple"},"jetpack_sharing_enabled":true,"_links":{"self":[{"href":"https:\/\/urbex.direct\/es\/wp-json\/wp\/v2\/product\/18746","targetHints":{"allow":["GET"]}}],"collection":[{"href":"https:\/\/urbex.direct\/es\/wp-json\/wp\/v2\/product"}],"about":[{"href":"https:\/\/urbex.direct\/es\/wp-json\/wp\/v2\/types\/product"}],"wp:featuredmedia":[{"embeddable":true,"href":"https:\/\/urbex.direct\/es\/wp-json\/wp\/v2\/media\/18744"}],"wp:attachment":[{"href":"https:\/\/urbex.direct\/es\/wp-json\/wp\/v2\/media?parent=18746"}],"wp:term":[{"taxonomy":"product_brand","embeddable":true,"href":"https:\/\/urbex.direct\/es\/wp-json\/wp\/v2\/product_brand?post=18746"},{"taxonomy":"product_cat","embeddable":true,"href":"https:\/\/urbex.direct\/es\/wp-json\/wp\/v2\/product_cat?post=18746"},{"taxonomy":"product_tag","embeddable":true,"href":"https:\/\/urbex.direct\/es\/wp-json\/wp\/v2\/product_tag?post=18746"}],"curies":[{"name":"wp","href":"https:\/\/api.w.org\/{rel}","templated":true}]}}