{"id":14649,"date":"2021-07-03T16:22:08","date_gmt":"2021-07-03T15:22:08","guid":{"rendered":"https:\/\/urbex.direct\/?post_type=product&#038;p=14649"},"modified":"2025-05-16T23:36:20","modified_gmt":"2025-05-16T22:36:20","slug":"mapa-de-localizacion-sitio","status":"publish","type":"product","link":"https:\/\/urbex.direct\/es\/product\/location-map-be-liege\/","title":{"rendered":"Urbex Map B\u00e9lgica: Lieja (1 o 2 a\u00f1os de acceso)"},"content":{"rendered":"<p>Este mapa contiene los siguientes lugares: <ul><li>Agnus Dei<\/li><li>Usine CHR<\/li><li>Epaves du baron<\/li><li>Iglesia de Cristo Azul<\/li><li>Bunker CDF<\/li><li>Charbonnage du Renard<\/li><li>Castillo de la Monta\u00f1a<\/li><li>Castillo Elise<\/li><li>Castillo de Louva<\/li><li>Chateau Robe Rouge<\/li><li>Castillo Montagne<\/li><li>Sala de control L<\/li><li>Sala de control S<\/li><li>Eglise S<\/li><li>F\u00e1brica S<\/li><li>Ferme du Sergeant<\/li><li>Garaje inundado<\/li><li>Fuerte de la Chartreuse<\/li><li>Het Trein Seinhuis \/ La cabina de se\u00f1alizaci\u00f3n del tren<\/li><li>HFB<\/li><li>Cantera de Indiana Jones<\/li><li>Peque\u00f1a casa verde<\/li><li>Camping solitario<\/li><li>Mig perdido<\/li><li>Tenis perdido<\/li><li>Maison aux Chapeaux<\/li><li>Casa Boveroth<\/li><li>Maison de la Dessinatrice<\/li><li>Casa del Banquero<\/li><li>Casa de B\u00fbcheron<\/li><li>Casa Mafiusso<\/li><li>Maison Mini<\/li><li>R\u00edo Maison<\/li><li>Casa Sualem<\/li><li>Casa Tuur<\/li><li>Manoir Limo<\/li><li>Monasterio Antoinette<\/li><li>Antigua gasolinera<\/li><li>Antiguo CS de hierro<\/li><li>Pinokkio \/ La f\u00e1brica de piedra caliza<\/li><li>Prisi\u00f3n H11<\/li><li>Racing Hotel F<\/li><li>Amor por radar<\/li><li>Carrera en el tejado<\/li><li>Ruine A<\/li><li>Ruinas del castillo de&#039;Ambleve<\/li><li>Schooltje R<\/li><li>Estaci\u00f3n Montzen<\/li><li>Usine Truffaut<\/li><li>Usine Vieille Montagne<\/li><li>Villa Mistral<\/li><li>Villa Recteur Dubuisson<\/li><li>Lugar de trabajo de Woodpacker<\/li><li>F\u00e1brica de lana<\/li><li>Locomotora de taller<\/li><li>Bosque BMW<\/li><li>Maquinilla de afeitar Usine<\/li><li>Casa Alfa Romeo<\/li><li>T\u00fanel de la 2\u00aa Guerra Mundial<\/li><li>Ej\u00e9rcito de coches<\/li><li>Energie Centrale JC \/ Central el\u00e9ctrica JC<\/li><li>Coches de choque<\/li><li>Iglesia de los maniqu\u00edes<\/li><li>Casa Maria Rossa<\/li><li>La Escuela del Grafiti<\/li><li>La Morgue 2.0<\/li><li>Le Chinois<\/li><li>Maison de la chaussure verte<\/li><li>Gare Fantome \/ Spooktreinen<\/li><li>Ata\u00fad Morgeu<\/li><li>Chateau SS<\/li><li>Four \u00e0 Chaux H<\/li><li>Iglesia de Medicina<\/li><li>Castillo Vincent<\/li><li>Casa de mu\u00f1ecas Maison<\/li><li>Piscina Primus<\/li><li>Uso HSL<\/li><li>Autob\u00fas Dame Blanche<\/li><li>Coche Pantser<\/li><li>Casa Burning Man<\/li><li>Cantera de Blue Lake<\/li><li>Hasard Cheratte \/ Charbonnage du Hasard<\/li><li>Piscine Kayak<\/li><li>El cobertizo Jeep<\/li><li>Maison Pink Teddy<\/li><li>Granja con problemas<\/li><li>La ruina de la capilla de los colores<\/li><li>Descenso de los Enfers<\/li><li>Garaje Illu<\/li><li>Garaje ahogado<\/li><li>Escuela Fouarage<\/li><li>Casa Loax<\/li><li>Casa Anouchka<\/li><li>El Templo Verde<\/li><li>Santo Silencio<\/li><li>Maison de repos D ]<\/li><li>Casa del arquitecto<\/li><li>H\u00f4tel de la b<\/li><\/ul><\/p>","protected":false},"excerpt":{"rendered":"<p>Este mapa urbex le ofrece todos los lugares de exploraci\u00f3n urbana (urbex) en<strong> B\u00e9lgica, Lieja.<\/strong> <\/p>\n<p>Este mapa de lugares perdidos permanecer\u00e1 actualizado y accesible durante al menos 365 d\u00edas despu\u00e9s de la compra. Este mapa cuenta actualmente con 98 de los lugares de exploraci\u00f3n urbana m\u00e1s singulares de B\u00e9lgica: Lieja y es accesible desde cualquier lugar con nuestro mapa f\u00e1cil de usar<strong>. <\/p>\n<p><\/strong><strong>Si ya tiene este paquete, puede acceder a \u00e9l a trav\u00e9s de <a href=\"\/es\/mi-cuenta-2\/area-de-miembros\/43905\/mi-contenido-de-afiliacion\/\">Mis mapas &gt; Ver.<\/a><\/strong> <\/p>\n<p><a href=\"#tab-description\">Lista de todas las ubicaciones de Urbex en este mapa.<\/a><\/p>","protected":false},"featured_media":48128,"template":"","meta":[],"product_brand":[],"product_cat":[197,201,322,1134],"product_tag":[323],"class_list":{"0":"post-14649","1":"product","2":"type-product","3":"status-publish","4":"has-post-thumbnail","6":"product_cat-belgium","7":"product_cat-liege","8":"product_cat-location-packs","9":"product_cat-maps-belgium","10":"product_tag-locationpack","12":"first","13":"instock","14":"taxable","15":"shipping-taxable","16":"purchasable","17":"product-type-variable"},"jetpack_sharing_enabled":true,"_links":{"self":[{"href":"https:\/\/urbex.direct\/es\/wp-json\/wp\/v2\/product\/14649","targetHints":{"allow":["GET"]}}],"collection":[{"href":"https:\/\/urbex.direct\/es\/wp-json\/wp\/v2\/product"}],"about":[{"href":"https:\/\/urbex.direct\/es\/wp-json\/wp\/v2\/types\/product"}],"wp:featuredmedia":[{"embeddable":true,"href":"https:\/\/urbex.direct\/es\/wp-json\/wp\/v2\/media\/48128"}],"wp:attachment":[{"href":"https:\/\/urbex.direct\/es\/wp-json\/wp\/v2\/media?parent=14649"}],"wp:term":[{"taxonomy":"product_brand","embeddable":true,"href":"https:\/\/urbex.direct\/es\/wp-json\/wp\/v2\/product_brand?post=14649"},{"taxonomy":"product_cat","embeddable":true,"href":"https:\/\/urbex.direct\/es\/wp-json\/wp\/v2\/product_cat?post=14649"},{"taxonomy":"product_tag","embeddable":true,"href":"https:\/\/urbex.direct\/es\/wp-json\/wp\/v2\/product_tag?post=14649"}],"curies":[{"name":"wp","href":"https:\/\/api.w.org\/{rel}","templated":true}]}}