{"id":14648,"date":"2021-07-03T16:19:30","date_gmt":"2021-07-03T15:19:30","guid":{"rendered":"https:\/\/urbex.direct\/?post_type=product&#038;p=14648"},"modified":"2025-05-16T23:36:26","modified_gmt":"2025-05-16T22:36:26","slug":"location-map-be-antwerp","status":"publish","type":"product","link":"https:\/\/urbex.direct\/es\/product\/location-map-be-antwerp\/","title":{"rendered":"Urbex Map B\u00e9lgica: Amberes (1 o 2 a\u00f1os de acceso)"},"content":{"rendered":"<p>Este mapa contiene los siguientes lugares:<ul><li>Casa Duivenkot<\/li><li>Maison Heroine<\/li><li>Cite Du Dragon<\/li><li>De Oude Pastorie<\/li><li>Fai da Te<\/li><li>Granja Pothoek<\/li><li>Kasteel 't Goorhof<\/li><li>Maison 1,8 Million<\/li><li>Maison Antenne \/ Villa Rummikub<\/li><li>Casa FNG<\/li><li>Casa Hannelore<\/li><li>Casa Jacqueline<\/li><li>Casa Neerbuul<\/li><li>Casa Pieni Puu<\/li><li>Casa Raj<\/li><li>Casa Torget<\/li><li>El \u00faltimo remanente<\/li><li>Usine Gribu \/ Karting perdido<\/li><li>Villa Cabrestante<\/li><li>Villa Dreambaby<\/li><li>Villa Stolp<\/li><li>Villa Malanska<\/li><li>Casa Palieter<\/li><li>Sauna<\/li><li>Brewey perdido<\/li><li>Granero 13<\/li><li>Casa Watson<\/li><li>Amor de escarabajo<\/li><li>Maison Jaune<\/li><li>Hotel Taupe<\/li><li>Casa Polbez<\/li><li>Skytech Helic\u00f3pteros<\/li><li>Castillo DB<\/li><li>Castillo G<\/li><li>Maison Heidelberg \/ Imprenta perdida<\/li><li>Mercedes perdido<\/li><li>Naufragio I<\/li><li>Naufragio II<\/li><li>Chalet Ara\u00f1as blancas<\/li><li>Refugio de animales perdidos<\/li><li>Kazerne T<\/li><li>Casa Stoet<\/li><li>Escolar<\/li><li>Filatura Rob\u00f3tica<\/li><li>Le Pigeonnier<\/li><li>El Silo<\/li><li>Maison Gramophone<\/li><li>Fuerte Seis<\/li><li>El Grill Bar<\/li><li>Casa MO<\/li><li>El matadero militar<\/li><li>Casita de p\u00e1jaros<\/li><li>Iglesia de los restos<\/li><li>Fuerte S<\/li><li>Eglise SB \/ Kapel SB<\/li><li>Monasterio L<\/li><li>Comida de fuego<\/li><li>Giro intemporal<\/li><li>Fuerte B<\/li><li>De bunkers in het bos \/ Los b\u00fankeres del bosque<\/li><li>El \u00faltimo plato<\/li><li>La casa en el bosque<\/li><li>Granja Long<\/li><li>Ferme Retour vers le Pass\u00e9<\/li><li>Casa oculta en el bosque<\/li><li>Casa Ardilla<\/li><li>Decadencia Monasterio M<\/li><li>Maison Classico<\/li><li>Casa Laboratorio<\/li><\/ul><\/p>","protected":false},"excerpt":{"rendered":"<p>Este mapa urbex le ofrece todos los lugares de exploraci\u00f3n urbana (urbex) en<strong> B\u00e9lgica, Amberes.<\/strong> Este mapa de lugares perdidos permanecer\u00e1 actualizado y accesible durante al menos 365 d\u00edas despu\u00e9s de la compra.<\/p>\n<p>This map has currently 69 of the most unique urban exploring locations in Belgium: Antwerp and is accessible from anywhere with our easy to use map<strong>.<\/p>\n<p><\/strong><strong>Si ya tiene este paquete, puede acceder a \u00e9l a trav\u00e9s de <a href=\"\/es\/mi-cuenta-2\/area-de-miembros\/43905\/mi-contenido-de-afiliacion\/\">Mis mapas &gt; Ver.<\/a><\/strong><strong><\/p>\n<p><\/strong><a href=\"#tab-description\">Lista de todas las ubicaciones de Urbex en este mapa.<\/a><\/p>","protected":false},"featured_media":48134,"template":"","meta":[],"product_brand":[],"product_cat":[198,197,322,1134],"product_tag":[323],"class_list":{"0":"post-14648","1":"product","2":"type-product","3":"status-publish","4":"has-post-thumbnail","6":"product_cat-antwerp","7":"product_cat-belgium","8":"product_cat-location-packs","9":"product_cat-maps-belgium","10":"product_tag-locationpack","12":"first","13":"instock","14":"taxable","15":"shipping-taxable","16":"purchasable","17":"product-type-variable"},"jetpack_sharing_enabled":true,"_links":{"self":[{"href":"https:\/\/urbex.direct\/es\/wp-json\/wp\/v2\/product\/14648","targetHints":{"allow":["GET"]}}],"collection":[{"href":"https:\/\/urbex.direct\/es\/wp-json\/wp\/v2\/product"}],"about":[{"href":"https:\/\/urbex.direct\/es\/wp-json\/wp\/v2\/types\/product"}],"wp:featuredmedia":[{"embeddable":true,"href":"https:\/\/urbex.direct\/es\/wp-json\/wp\/v2\/media\/48134"}],"wp:attachment":[{"href":"https:\/\/urbex.direct\/es\/wp-json\/wp\/v2\/media?parent=14648"}],"wp:term":[{"taxonomy":"product_brand","embeddable":true,"href":"https:\/\/urbex.direct\/es\/wp-json\/wp\/v2\/product_brand?post=14648"},{"taxonomy":"product_cat","embeddable":true,"href":"https:\/\/urbex.direct\/es\/wp-json\/wp\/v2\/product_cat?post=14648"},{"taxonomy":"product_tag","embeddable":true,"href":"https:\/\/urbex.direct\/es\/wp-json\/wp\/v2\/product_tag?post=14648"}],"curies":[{"name":"wp","href":"https:\/\/api.w.org\/{rel}","templated":true}]}}