{"id":14647,"date":"2021-07-03T16:17:21","date_gmt":"2021-07-03T15:17:21","guid":{"rendered":"https:\/\/urbex.direct\/?post_type=product&#038;p=14647"},"modified":"2025-05-15T17:31:07","modified_gmt":"2025-05-15T16:31:07","slug":"location-map-be-east-flanders","status":"publish","type":"product","link":"https:\/\/urbex.direct\/es\/product\/location-map-be-east-flanders\/","title":{"rendered":"Urbex Map B\u00e9lgica: Flandes Oriental (1 o 2 a\u00f1os de acceso)"},"content":{"rendered":"<p>Este mapa contiene los siguientes lugares: <ul><li>Casa Ducky<\/li><li>Usine Graffiti Skelet<\/li><li>Chateau Mouton<\/li><li>Granja GB<\/li><li>Granja Musta<\/li><li>Ferme Serenade<\/li><li>Ferme Zapach<\/li><li>Fijar la l\u00ednea<\/li><li>Gasta La Vista<\/li><li>Hermitrage<\/li><li>Maison avec Voisin Habit\u00c3\u00a9<\/li><li>Casa Bitti<\/li><li>Casa Cheresha<\/li><li>Casa Coche<\/li><li>Casa Follet<\/li><li>Casa Gilbert<\/li><li>Maison H\u00c3\u00aatre Rouge<\/li><li>Casa Landa<\/li><li>Casa Lovel<\/li><li>Maison Montagne d' Argile<\/li><li>Casa Panema<\/li><li>Maison Poste Fronti\u00c3\u00a8re<\/li><li>Casa Ruscello<\/li><li>Maison Sable<\/li><li>Casa Schimmelpenninck<\/li><li>Casa Suicidio<\/li><li>Casa Trandafiri<\/li><li>Usine Justicia<\/li><li>Usine Serat<\/li><li>Zweeds Paviljoen<\/li><li>Maison Dog<\/li><li>Casa Garfield<\/li><li>Casa SL<\/li><li>Casa Cuq<\/li><li>Granja Perdida K<\/li><li>Casa Polder<\/li><li>Granja Bieti<\/li><li>Manoir Flame<\/li><li>Villa 19<\/li><li>K Villa<\/li><li>Granjas fronterizas<\/li><li>Manoir E<\/li><li>Maison Blafeture Vert<\/li><li>Casa de la iglesia<\/li><li>Usine Pint<\/li><li>Avi\u00f3n transatl\u00e1ntico<\/li><li>Villa TinTin<\/li><li>Castillo Oldtimer \/ Manoir Rolls Royce<\/li><li>Se acab\u00f3 el juego<\/li><li>Tren de la decadencia<\/li><li>Centro de educaci\u00f3n<\/li><li>Maison Mold<\/li><li>Casa Bush<\/li><li>Caf\u00e9 Doc<\/li><li>Perdidos en la aduana<\/li><li>Casa Toupet<\/li><li>Tuber\u00eda Usine<\/li><li>Eglise Nach \/ Klooster E<\/li><li>Barry The RedNeck<\/li><li>Maison Catwoman<\/li><li>Maison Orange<\/li><li>Manoir Lustre<\/li><li>Ferme queue de billard<\/li><li>La Capilla de las Hadas<\/li><li>Casa Kata<\/li><li>La Villa en la Frontera<\/li><li>Ferme AS<\/li><li>El Puente Viejo en el bosque<\/li><li>Fuerte SM<\/li><li>Familia Maison Wooden<\/li><li>Ferme Mercedes<\/li><li>Casa H<\/li><li>Escuela LK<\/li><li>Usine de textile<\/li><li>Caballero de Burdeos<\/li><li>Casa Manos Sangrientas<\/li><li>Sal\u00f3n del director<\/li><li>Maison Net<\/li><li>Pr\u00e1ctica de f\u00fatbol \/ A bout de souffle<\/li><li>Casa Brokken<\/li><li>Calle de los Bomberos<\/li><li>Casa Maizena<\/li><li>Villa Murder<\/li><li>La doble f\u00e1brica<\/li><li>Ferme 306<\/li><li>Ecos del comercio<\/li><li>Graffiti Halls G<\/li><li>Het huis met de grote serre \/ La casa con el gran invernadero<\/li><li>Salones azules<\/li><li>Casa del \u00d3ptico<\/li><li>Caba\u00f1a mohosa<\/li><li>Casa Cactus<\/li><li>Casa Para\u00edso<\/li><li>El viejo florista<\/li><li>Ferme Arcade<\/li><li>Maison Checkers<\/li><li>Casa de Anvers<\/li><li>Cartel de la Casa<\/li><li>Casa Elixir<\/li><li>Ferme Pikuur<\/li><li>Castillo V<\/li><li>Casa del Trabajo a Caballo<\/li><li>Maison Broderie<\/li><li>Maison Chappe<\/li><li>Red Dust<\/li><li>Snake Pool<\/li><\/ul><\/p>","protected":false},"excerpt":{"rendered":"<p>Este mapa urbex le ofrece todos los lugares de exploraci\u00f3n urbana (urbex) en<strong> B\u00e9lgica, Flandes Oriental.<\/strong> Este mapa de lugares perdidos permanecer\u00e1 actualizado y accesible durante al menos 365 d\u00edas despu\u00e9s de la compra.<\/p>\n<p>This map has currently 106 of the most unique urban exploring locations in Belgium: East Flanders and is accessible from anywhere with our easy to use map<strong>.<\/p>\n<p><\/strong><strong>Si ya tiene este paquete, puede acceder a \u00e9l a trav\u00e9s de <a href=\"\/es\/mi-cuenta-2\/area-de-miembros\/43905\/mi-contenido-de-afiliacion\/\">Mis mapas &gt; Ver.<\/a><\/strong><strong><\/p>\n<p><\/strong><a href=\"#tab-description\">Lista de todas las ubicaciones de Urbex en este mapa.<\/a><\/p>","protected":false},"featured_media":48135,"template":"","meta":[],"product_brand":[],"product_cat":[197,204,322,1134],"product_tag":[323],"class_list":{"0":"post-14647","1":"product","2":"type-product","3":"status-publish","4":"has-post-thumbnail","6":"product_cat-belgium","7":"product_cat-east-flanders","8":"product_cat-location-packs","9":"product_cat-maps-belgium","10":"product_tag-locationpack","12":"first","13":"instock","14":"taxable","15":"shipping-taxable","16":"purchasable","17":"product-type-variable","18":"has-default-attributes"},"jetpack_sharing_enabled":true,"_links":{"self":[{"href":"https:\/\/urbex.direct\/es\/wp-json\/wp\/v2\/product\/14647","targetHints":{"allow":["GET"]}}],"collection":[{"href":"https:\/\/urbex.direct\/es\/wp-json\/wp\/v2\/product"}],"about":[{"href":"https:\/\/urbex.direct\/es\/wp-json\/wp\/v2\/types\/product"}],"wp:featuredmedia":[{"embeddable":true,"href":"https:\/\/urbex.direct\/es\/wp-json\/wp\/v2\/media\/48135"}],"wp:attachment":[{"href":"https:\/\/urbex.direct\/es\/wp-json\/wp\/v2\/media?parent=14647"}],"wp:term":[{"taxonomy":"product_brand","embeddable":true,"href":"https:\/\/urbex.direct\/es\/wp-json\/wp\/v2\/product_brand?post=14647"},{"taxonomy":"product_cat","embeddable":true,"href":"https:\/\/urbex.direct\/es\/wp-json\/wp\/v2\/product_cat?post=14647"},{"taxonomy":"product_tag","embeddable":true,"href":"https:\/\/urbex.direct\/es\/wp-json\/wp\/v2\/product_tag?post=14647"}],"curies":[{"name":"wp","href":"https:\/\/api.w.org\/{rel}","templated":true}]}}