{"id":14646,"date":"2021-07-03T16:12:49","date_gmt":"2021-07-03T15:12:49","guid":{"rendered":"https:\/\/urbex.direct\/?post_type=product&#038;p=14646"},"modified":"2025-05-16T23:36:33","modified_gmt":"2025-05-16T22:36:33","slug":"location-map-be-flemish-brabant","status":"publish","type":"product","link":"https:\/\/urbex.direct\/es\/product\/location-map-be-flemish-brabant\/","title":{"rendered":"Urbex Map B\u00e9lgica: Brabante Flamenco (1 \u00f3 2 a\u00f1os de acceso)"},"content":{"rendered":"<p>Este mapa contiene los siguientes lugares: <ul><li>Confiter\u00eda<\/li><li>Villa oculta<\/li><li>Casa Benjamin<\/li><li>Bloso Hofstade<\/li><li>Casa Lagoa<\/li><li>Granja Johny Walker<\/li><li>Huize Sarens<\/li><li>Castillo de Wip<\/li><li>La Forte Colline<\/li><li>Casa Aa<\/li><li>Casa Aurora<\/li><li>Casa Cardo<\/li><li>Maison Croquette<\/li><li>Maison Decay<\/li><li>Maison Deli<\/li><li>Casa de la Provenza<\/li><li>Casa Greg<\/li><li>Casa Linde<\/li><li>Maison Papier Peint<\/li><li>Casa Pel\u00edcano<\/li><li>Casa Rafael<\/li><li>Casa Suzy<\/li><li>Casa Vagevuur<\/li><li>Casa Zinnia<\/li><li>Casa del Moho 2<\/li><li>Hotel Nouvelle Londo<\/li><li>Shutter Island<\/li><li>El doble de Shutter Island<\/li><li>Chalet del pantano<\/li><li>Granja de tapioca<\/li><li>Villa Ginette<\/li><li>Villa Maria Joanna<\/li><li>La Casa Blanca<\/li><li>Gymnase de la sorci\u00e8re<\/li><li>Villa U<\/li><li>Villa Steen<\/li><li>Aviones de combate<\/li><li>Tomb Raider<\/li><li>Casa Santa<\/li><li>Villa Haista<\/li><li>Villa Erdo<\/li><li>Casa Pitoeshk<\/li><li>Casa Salie<\/li><li>Casa Baptista<\/li><li>Coches amarillos<\/li><li>Apuestas Jean<\/li><li>Granja T \/ Ferme Dianthus<\/li><li>L'\u00e9cole aux Cordes<\/li><li>Casa Tribal<\/li><li>Usine Graffiti<\/li><li>Piscine Marcel<\/li><li>Maison Audi \/ Maison Saray<\/li><li>Granja de ovejas negras \/ Maison mouton noir<\/li><li>Locomotora \/ La traviesa verde<\/li><li>Club XXX<\/li><li>Casa Vil<\/li><li>Plano Pentat\u00f3n<\/li><li>Jungle Bus 2.0<\/li><li>Usine Melange<\/li><li>Hospital Militar<\/li><li>Academia de vuelo \/ Escuela de pilotos<\/li><li>Granja Pricedogs<\/li><li>Comida voladora<\/li><li>El Whiskey Bar<\/li><li>Ferme Bingo \/ Granja del Bingo<\/li><li>Ferme Lessive \/ D\u00eda de lavander\u00eda 2.0<\/li><li>Usine de papier<\/li><li>Casa Tom y Jerry<\/li><li>Casa Viuda Negra<\/li><li>La cantina del rugby<\/li><li>Banda de Jes\u00fas<\/li><li>Maison Filou \/ Casa Solitaria<\/li><li>Casa Lobo Aullador<\/li><li>Church Never Finished \/ \u00c9glise jamais termin\u00e9e<\/li><li>El Chalet Retro \/ Chalet Hunter<\/li><li>No es una cervecer\u00eda<\/li><li>Casa de Jager<\/li><li>Casa Bramble<\/li><li>Hotel Oval<\/li><\/ul><\/p>","protected":false},"excerpt":{"rendered":"<p>Este mapa urbex le ofrece todos los lugares de exploraci\u00f3n urbana (urbex) en<strong> B\u00e9lgica, Brabante Flamenco.<\/strong> Este mapa de lugares perdidos permanecer\u00e1 actualizado y accesible durante al menos 365 d\u00edas despu\u00e9s de la compra.<\/p>\n<p>This map has currently 79 of the most unique urban exploring locations in Belgium: Flemish Brabant and is accessible from anywhere with our easy to use map<strong>.<\/p>\n<p><\/strong><strong>Si ya tiene este paquete, puede acceder a \u00e9l a trav\u00e9s de <a href=\"\/es\/mi-cuenta-2\/area-de-miembros\/43905\/mi-contenido-de-afiliacion\/\">Mis mapas &gt; Ver.<\/a><\/strong><strong><\/p>\n<p><\/strong><a href=\"#tab-description\">Lista de todas las ubicaciones de Urbex en este mapa.<\/a><\/p>","protected":false},"featured_media":48137,"template":"","meta":[],"product_brand":[],"product_cat":[197,205,322,1134],"product_tag":[323],"class_list":{"0":"post-14646","1":"product","2":"type-product","3":"status-publish","4":"has-post-thumbnail","6":"product_cat-belgium","7":"product_cat-flemish-brabant","8":"product_cat-location-packs","9":"product_cat-maps-belgium","10":"product_tag-locationpack","12":"first","13":"instock","14":"taxable","15":"shipping-taxable","16":"purchasable","17":"product-type-variable"},"jetpack_sharing_enabled":true,"_links":{"self":[{"href":"https:\/\/urbex.direct\/es\/wp-json\/wp\/v2\/product\/14646","targetHints":{"allow":["GET"]}}],"collection":[{"href":"https:\/\/urbex.direct\/es\/wp-json\/wp\/v2\/product"}],"about":[{"href":"https:\/\/urbex.direct\/es\/wp-json\/wp\/v2\/types\/product"}],"wp:featuredmedia":[{"embeddable":true,"href":"https:\/\/urbex.direct\/es\/wp-json\/wp\/v2\/media\/48137"}],"wp:attachment":[{"href":"https:\/\/urbex.direct\/es\/wp-json\/wp\/v2\/media?parent=14646"}],"wp:term":[{"taxonomy":"product_brand","embeddable":true,"href":"https:\/\/urbex.direct\/es\/wp-json\/wp\/v2\/product_brand?post=14646"},{"taxonomy":"product_cat","embeddable":true,"href":"https:\/\/urbex.direct\/es\/wp-json\/wp\/v2\/product_cat?post=14646"},{"taxonomy":"product_tag","embeddable":true,"href":"https:\/\/urbex.direct\/es\/wp-json\/wp\/v2\/product_tag?post=14646"}],"curies":[{"name":"wp","href":"https:\/\/api.w.org\/{rel}","templated":true}]}}