{"id":14645,"date":"2021-07-03T16:08:21","date_gmt":"2021-07-03T15:08:21","guid":{"rendered":"https:\/\/urbex.direct\/?post_type=product&#038;p=14645"},"modified":"2025-05-16T23:36:45","modified_gmt":"2025-05-16T22:36:45","slug":"ubicacion-mapa-ser-hainaut","status":"publish","type":"product","link":"https:\/\/urbex.direct\/es\/product\/location-map-be-hainaut\/","title":{"rendered":"Urbex Mapa B\u00e9lgica: Hainaut (Acceso 1 \u00f3 2 a\u00f1os)"},"content":{"rendered":"<p>Este mapa contiene los siguientes lugares: <ul><li>Ferme Minerva<\/li><li>Tiempo de pel\u00edculas<\/li><li>Big Red 2.0 \/ Turbina IM<\/li><li>Au Pain Perdu<\/li><li>Barraca X<\/li><li>Briquetterie d'Ere<\/li><li>Carlo Beton<\/li><li>Carriere Norte<\/li><li>Charbonnage du Gouffre<\/li><li>Chateau de la Morliere\/ Chateau des Muscles<\/li><li>Iglesia de Raven<\/li><li>Cockerie Marchienne<\/li><li>Torre de agua Cockerie<\/li><li>Iglesia de Belvedaire<\/li><li>Garaje Margoulin \/ Garaje Renault<\/li><li>Cementerio SL<\/li><li>Hospital Dorcas<\/li><li>Interbeton<\/li><li>Casa Bastin<\/li><li>Casa Chat<\/li><li>Casa Damasco<\/li><li>Maison Scrabble<\/li><li>Manoir aux Marionnettes<\/li><li>Piscina Mosq<\/li><li>Puente de Allain<\/li><li>Central el\u00e9ctrica C2<\/li><li>Remise Monceau<\/li><li>Resto Hubert<\/li><li>Nave C<\/li><li>Soufflet-Leblond<\/li><li>Saint-Ghislain<\/li><li>Los t\u00faneles del Canal<\/li><li>L\u00ednea AGC<\/li><li>Usine Bobins Rouges<\/li><li>Usine Chimique Belgique<\/li><li>Usine Gustav Boel<\/li><li>Usine Perrin<\/li><li>Usine Verre Vert<\/li><li>Villa F<\/li><li>Villa Lion Nouvelle<\/li><li>Wetdogs<\/li><li>Tu mina es m\u00eda<\/li><li>Charbonnage FT<\/li><li>Nains Jaune<\/li><li>Luvtrucks \/ Patriotas Perdidos<\/li><li>Villa Leopold<\/li><li>Usine Jaguar<\/li><li>Establo perdido<\/li><li>La Guerra de las Galaxias<\/li><li>Casa Diana<\/li><li>Usine Xyloborus<\/li><li>Club Libertino<\/li><li>Asiento verde Lounge<\/li><li>Mina Blue Lagoon<\/li><li>Maison Du D\u00e9funt Oubli\u00e9<\/li><li>Capilla del MG<\/li><li>Club quemado\/Resto<\/li><li>Salas vac\u00edas<\/li><li>Maison Volvo<\/li><li>Casa de Escher<\/li><li>F\u00e1brica de botellas G<\/li><li>Tranv\u00edas perdidos<\/li><li>5 Ford's<\/li><li>Despachador de trenes<\/li><li>Fronderie J<\/li><li>Discoteca sagrada<\/li><li>Potterie Chopin<\/li><li>Speedy Bastos<\/li><li>Lost Spa y Welness<\/li><li>Casa del Agua<\/li><li>El viejo jard\u00edn de coches<\/li><li>Puente del tren viejo 2.0<\/li><li>L'Eglise Azul<\/li><li>Morgue<\/li><li>Filature Accidental<\/li><li>Casa Gr\u00e9goire<\/li><li>Chateau Burro<\/li><li>Ventanas moradas<\/li><li>Chateau Halloween<\/li><li>Le Domaine Oubli\u00e9<\/li><li>Chateau de Beaumonde \/ Manoir Banquette \/ Manoir Bench<\/li><li>Colapso de la piscina<\/li><li>Caravana Maison<\/li><li>Casa del Ron<\/li><li>El cobertizo blanco<\/li><li>Central el\u00e9ctrica azul<\/li><li>Tienda de antig\u00fcedades<\/li><li>Casa Aristochat<\/li><li>Le Petit Martinet<\/li><li>Casa del circo<\/li><li>Maison TV<\/li><li>Castillo Tristesse<\/li><li>Antiguo Club O<\/li><li>Villa Man<\/li><li>La Morgue 3.0 \/ Petite Morgue T<\/li><li>Ecole Cha<\/li><li>Casa Coches Olvidados<\/li><li>Charbonnage du Lev<\/li><li>R\u00edo Four \u00e0 Chaux<\/li><li>F\u00e1brica forestal \/ Usine for\u00eat<\/li><li>Casa Moviemaker<\/li><li>La calle olvidada<\/li><li>Las antiguas torres mineras<\/li><li>Carriere G<\/li><li>Usine Shelt \/ La f\u00e1brica de la vuelta a la naturaleza<\/li><li>Manoir Amityville<\/li><li>Otra f\u00e1brica de acero<\/li><li>La Oficina Dorada<\/li><li>Cervecer\u00eda JS<\/li><li>Casa Benviers<\/li><li>Se acab\u00f3 la escuela<\/li><li>Traviesa amarilla<\/li><li>2 Gas\u00f3metros desbordados<\/li><li>Casa Chopper<\/li><li>El tren negro<\/li><li>Manoir Cles<\/li><li>Casa Esv\u00e1stica<\/li><li>Coche oxidado Serre<\/li><li>Villa Fusils \/ Gunhouse<\/li><li>Ferme Ruin<\/li><li>Labo Sindical<\/li><li>Villa Etoile<\/li><li>Auberge du Foret<\/li><li>Ferme Brul\u00e9<\/li><li>Ecole Color\u00e9<\/li><li>Usine Blade Runner<\/li><li>Bar \u00e0 chaises rouges \/ Red Chair Bar<\/li><li>Maison Begin<\/li><\/ul><\/p>","protected":false},"excerpt":{"rendered":"<p>Este mapa urbex le ofrece todos los lugares de exploraci\u00f3n urbana (urbex) en<strong> B\u00e9lgica, Hainaut.<\/strong> Este mapa de lugares perdidos permanecer\u00e1 actualizado y accesible durante al menos 365 d\u00edas despu\u00e9s de la compra. <\/p>\n<p>This map has currently 128 of the most unique urban exploring locations in Belgium: Hainaut and is accessible from anywhere with our easy to use map<strong>. <\/p>\n<p><\/strong><strong>Si ya tiene este paquete, puede acceder a \u00e9l a trav\u00e9s de <a href=\"\/es\/mi-cuenta-2\/area-de-miembros\/43905\/mi-contenido-de-afiliacion\/\">Mis mapas &gt; Ver.<\/a><\/strong> <\/p>\n<p><a href=\"#tab-description\">Lista de todas las ubicaciones de Urbex en este mapa.<\/a><\/p>","protected":false},"featured_media":48127,"template":"","meta":[],"product_brand":[],"product_cat":[197,199,322,1134],"product_tag":[323],"class_list":{"0":"post-14645","1":"product","2":"type-product","3":"status-publish","4":"has-post-thumbnail","6":"product_cat-belgium","7":"product_cat-hainaut","8":"product_cat-location-packs","9":"product_cat-maps-belgium","10":"product_tag-locationpack","12":"first","13":"instock","14":"taxable","15":"shipping-taxable","16":"purchasable","17":"product-type-variable"},"jetpack_sharing_enabled":true,"_links":{"self":[{"href":"https:\/\/urbex.direct\/es\/wp-json\/wp\/v2\/product\/14645","targetHints":{"allow":["GET"]}}],"collection":[{"href":"https:\/\/urbex.direct\/es\/wp-json\/wp\/v2\/product"}],"about":[{"href":"https:\/\/urbex.direct\/es\/wp-json\/wp\/v2\/types\/product"}],"wp:featuredmedia":[{"embeddable":true,"href":"https:\/\/urbex.direct\/es\/wp-json\/wp\/v2\/media\/48127"}],"wp:attachment":[{"href":"https:\/\/urbex.direct\/es\/wp-json\/wp\/v2\/media?parent=14645"}],"wp:term":[{"taxonomy":"product_brand","embeddable":true,"href":"https:\/\/urbex.direct\/es\/wp-json\/wp\/v2\/product_brand?post=14645"},{"taxonomy":"product_cat","embeddable":true,"href":"https:\/\/urbex.direct\/es\/wp-json\/wp\/v2\/product_cat?post=14645"},{"taxonomy":"product_tag","embeddable":true,"href":"https:\/\/urbex.direct\/es\/wp-json\/wp\/v2\/product_tag?post=14645"}],"curies":[{"name":"wp","href":"https:\/\/api.w.org\/{rel}","templated":true}]}}