{"id":14644,"date":"2021-07-03T16:05:14","date_gmt":"2021-07-03T15:05:14","guid":{"rendered":"https:\/\/urbex.direct\/?post_type=product&#038;p=14644"},"modified":"2025-05-16T23:37:14","modified_gmt":"2025-05-16T22:37:14","slug":"location-map-be-limburg","status":"publish","type":"product","link":"https:\/\/urbex.direct\/es\/product\/location-map-be-limburg\/","title":{"rendered":"Urbex Map B\u00e9lgica: Limburgo (1 \u00f3 2 a\u00f1os de acceso)"},"content":{"rendered":"<p>Este mapa contiene los siguientes lugares: <ul><li>Castillo Rochendael<\/li><li>Coches de choque<\/li><li>Ferme Framtida<\/li><li>Garaje Buga<\/li><li>Greenplace<\/li><li>Gaviotas Perdidas - \u00a1Entrenamiento!<\/li><li>Casa BK33<\/li><li>Maison Verte<\/li><li>Casa F\u00e9lix Le Chat<\/li><li>Casa Genzer<\/li><li>Casa Putih<\/li><li>Casa Relekwie<\/li><li>Casa Reunus<\/li><li>Casa Simone<\/li><li>Casa Vuori<\/li><li>Casa Welles<\/li><li>Mi casa mariposa<\/li><li>Viejo puente del tren<\/li><li>Ruine Raktuves<\/li><li>Scholteshof \/ Restaurante S<\/li><li>La granja de los \u00e1ngeles<\/li><li>Casa Thierie<\/li><li>Casa Clercx<\/li><li>Bola de baile<\/li><li>Granja K<\/li><li>El autob\u00fas negro<\/li><li>Doctor Samurai<\/li><li>Bunker peque\u00f1o<\/li><li>Ruina oculta<\/li><li>Casa Harry Potter<\/li><li>Casa Moriarthi<\/li><li>Watertoren Nr 23 \/ Torre de agua Nr 23<\/li><li>Jard\u00edn de los veh\u00edculos perdidos<\/li><li>Mercedes jungla<\/li><li>Cementerio de los locos \/ Krankzinnigen Begraafplaats<\/li><li>Jeep perdido<\/li><li>Minenfriador<\/li><li>Ecole H<\/li><li>Cafe K \/ Las Vegas perdidas 2.0<\/li><li>Gelatina Usine<\/li><li>Charrette Fun\u00e9raire<\/li><li>Casa Scooby Doo<\/li><li>Iglesia de la Esv\u00e1stica<\/li><li>Rusthuis H \/ Maison de Retraite H<\/li><li>El coche bajo el \u00e1rbol<\/li><li>Villa Rich \/ Villa Paul<\/li><li>Piscina Cygnes<\/li><li>Tienda de Papel Pintado<\/li><li>Espejo Manoir<\/li><li>Maison Pintura mural<\/li><li>Club de f\u00fatbol abandonado<\/li><li>Granja Negra<\/li><li>Casa Misionera<\/li><li>Casa Tracteur<\/li><li>El nuevo dentista<\/li><li>Casa Faesen<\/li><li>Cementerio de excavadoras<\/li><li>Usine Sap<\/li><li>Buques de navegaci\u00f3n interior \/ Bateaux de navigation int\u00e9rieure<\/li><li>Maison Fire and Decay<\/li><li>Chateau Blue Curtains<\/li><\/ul><\/p>","protected":false},"excerpt":{"rendered":"<p>Este mapa urbex le ofrece todos los lugares de exploraci\u00f3n urbana (urbex) en<strong> B\u00e9lgica, Limburg <\/strong>\u00a0<\/p>\n<p>Este mapa de lugares perdidos permanecer\u00e1 actualizado y accesible durante al menos 365 d\u00edas despu\u00e9s de la compra. <\/p>\n<p>This map has currently 61 of the most unique urban exploring locations in Belgium: Limburg and is accessible from anywhere with our easy to use map<strong>. <\/p>\n<p><\/strong><strong>Si ya tiene este paquete, puede acceder a \u00e9l a trav\u00e9s de <a href=\"\/es\/mi-cuenta-2\/area-de-miembros\/43905\/mi-contenido-de-afiliacion\/\">Mis mapas &gt; Ver.<\/a><\/strong> <\/p>\n<p><a href=\"#tab-description\">Lista de todas las ubicaciones de Urbex en este mapa.<\/a><\/p>","protected":false},"featured_media":48138,"template":"","meta":[],"product_brand":[],"product_cat":[197,200,322,1134],"product_tag":[323],"class_list":{"0":"post-14644","1":"product","2":"type-product","3":"status-publish","4":"has-post-thumbnail","6":"product_cat-belgium","7":"product_cat-limburg-be","8":"product_cat-location-packs","9":"product_cat-maps-belgium","10":"product_tag-locationpack","12":"first","13":"instock","14":"taxable","15":"shipping-taxable","16":"purchasable","17":"product-type-variable"},"jetpack_sharing_enabled":true,"_links":{"self":[{"href":"https:\/\/urbex.direct\/es\/wp-json\/wp\/v2\/product\/14644","targetHints":{"allow":["GET"]}}],"collection":[{"href":"https:\/\/urbex.direct\/es\/wp-json\/wp\/v2\/product"}],"about":[{"href":"https:\/\/urbex.direct\/es\/wp-json\/wp\/v2\/types\/product"}],"wp:featuredmedia":[{"embeddable":true,"href":"https:\/\/urbex.direct\/es\/wp-json\/wp\/v2\/media\/48138"}],"wp:attachment":[{"href":"https:\/\/urbex.direct\/es\/wp-json\/wp\/v2\/media?parent=14644"}],"wp:term":[{"taxonomy":"product_brand","embeddable":true,"href":"https:\/\/urbex.direct\/es\/wp-json\/wp\/v2\/product_brand?post=14644"},{"taxonomy":"product_cat","embeddable":true,"href":"https:\/\/urbex.direct\/es\/wp-json\/wp\/v2\/product_cat?post=14644"},{"taxonomy":"product_tag","embeddable":true,"href":"https:\/\/urbex.direct\/es\/wp-json\/wp\/v2\/product_tag?post=14644"}],"curies":[{"name":"wp","href":"https:\/\/api.w.org\/{rel}","templated":true}]}}