{"id":14643,"date":"2021-07-03T16:00:30","date_gmt":"2021-07-03T15:00:30","guid":{"rendered":"https:\/\/urbex.direct\/?post_type=product&#038;p=14643"},"modified":"2025-05-16T23:37:19","modified_gmt":"2025-05-16T22:37:19","slug":"ubicacion-mapa-ser-namur","status":"publish","type":"product","link":"https:\/\/urbex.direct\/es\/product\/location-map-be-namur\/","title":{"rendered":"Urbex Map B\u00e9lgica: Namur (1 o 2 a\u00f1os de acceso)"},"content":{"rendered":"<p>Este mapa contiene los siguientes lugares: <ul><li>Maison en lisi\u00e8re de for\u00eat<\/li><li>Caf\u00e9 Bird<\/li><li>Hangar Du Baron<\/li><li>Castillo Blanchisserie<\/li><li>Iglesia SV<\/li><li>Estaci\u00f3n terrestre<\/li><li>Instituteur Chasseur Artista<\/li><li>Casa Colombine<\/li><li>Estaci\u00f3n Real<\/li><li>Usine Lucky Luke<\/li><li>Usine PRB<\/li><li>Casa Warisoulx<\/li><li>Trenes de la 2\u00aa Guerra Mundial<\/li><li>Capilla de las Orties<\/li><li>Cementerio de Volkswagen \/ La Foret aux Volkswagen Coccinelle<\/li><li>Sillas de \u00e1rbol<\/li><li>Fuerte C<\/li><li>Maison Chapeau Buse<\/li><li>Pensi\u00f3n de la Cascade<\/li><li>Tren de vapor<\/li><li>Usine Biker<\/li><li>Puerto Perdido<\/li><li>Manoir de la Par<\/li><li>L&#039;ancienne \u00e9cole des enfants<\/li><li>Coches de colecci\u00f3n<\/li><li>Four \u00e0 chaux<\/li><li>Casa de Cartas \/ Maison Tarot<\/li><li>Ardoiserie de b<\/li><li>Edificio abandonado<\/li><li>Usine des Articles M\u00e9nagers<\/li><li>Sillas Maison<\/li><li>Ruinas del Gran Castillo<\/li><li>Fuerte espeluznante S<\/li><li>Piscine Bonsoir \/ Piscine Ivoire<\/li><li>El granero de la decadencia<\/li><li>Castillo Miele<\/li><li>Capilla de la Decadencia<\/li><li>Parrilla desordenada<\/li><li>Barco olvidado<\/li><li>Acampar en el bosque<\/li><li>Ferme Inter<\/li><li>Green Car House<\/li><li>Ruine T<\/li><li>Refugio para trenes nazis \/ V\u00edas fantasma<\/li><li>Pub Bleu<\/li><li>Ecole Plastic<\/li><\/ul><\/p>","protected":false},"excerpt":{"rendered":"<p>Este mapa urbex le ofrece todos los lugares de exploraci\u00f3n urbana (urbex) en<strong> B\u00e9lgica, Namur.<\/strong> Este mapa de lugares perdidos permanecer\u00e1 actualizado y accesible durante al menos 365 d\u00edas despu\u00e9s de la compra. <\/p>\n<p>This map has currently 46 of the most unique urban exploring locations in Belgium: Namur and is accessible from anywhere with our easy to use map<strong>. <\/p>\n<p><\/strong><strong>Si ya tiene este paquete, puede acceder a \u00e9l a trav\u00e9s de <a href=\"\/es\/mi-cuenta-2\/area-de-miembros\/43905\/mi-contenido-de-afiliacion\/\">Mis mapas &gt; Ver.<\/a><\/strong> <\/p>\n<p><a href=\"#tab-description\">Lista de todas las ubicaciones de Urbex en este mapa.<\/a><\/p>","protected":false},"featured_media":48136,"template":"","meta":[],"product_brand":[],"product_cat":[197,322,1134,203],"product_tag":[323],"class_list":{"0":"post-14643","1":"product","2":"type-product","3":"status-publish","4":"has-post-thumbnail","6":"product_cat-belgium","7":"product_cat-location-packs","8":"product_cat-maps-belgium","9":"product_cat-namur","10":"product_tag-locationpack","12":"first","13":"instock","14":"taxable","15":"shipping-taxable","16":"purchasable","17":"product-type-variable"},"jetpack_sharing_enabled":true,"_links":{"self":[{"href":"https:\/\/urbex.direct\/es\/wp-json\/wp\/v2\/product\/14643","targetHints":{"allow":["GET"]}}],"collection":[{"href":"https:\/\/urbex.direct\/es\/wp-json\/wp\/v2\/product"}],"about":[{"href":"https:\/\/urbex.direct\/es\/wp-json\/wp\/v2\/types\/product"}],"wp:featuredmedia":[{"embeddable":true,"href":"https:\/\/urbex.direct\/es\/wp-json\/wp\/v2\/media\/48136"}],"wp:attachment":[{"href":"https:\/\/urbex.direct\/es\/wp-json\/wp\/v2\/media?parent=14643"}],"wp:term":[{"taxonomy":"product_brand","embeddable":true,"href":"https:\/\/urbex.direct\/es\/wp-json\/wp\/v2\/product_brand?post=14643"},{"taxonomy":"product_cat","embeddable":true,"href":"https:\/\/urbex.direct\/es\/wp-json\/wp\/v2\/product_cat?post=14643"},{"taxonomy":"product_tag","embeddable":true,"href":"https:\/\/urbex.direct\/es\/wp-json\/wp\/v2\/product_tag?post=14643"}],"curies":[{"name":"wp","href":"https:\/\/api.w.org\/{rel}","templated":true}]}}