{"id":14638,"date":"2021-07-03T15:38:22","date_gmt":"2021-07-03T14:38:22","guid":{"rendered":"https:\/\/urbex.direct\/?post_type=product&#038;p=14638"},"modified":"2025-06-17T20:21:09","modified_gmt":"2025-06-17T19:21:09","slug":"location-map-belgium-all-regions","status":"publish","type":"product","link":"https:\/\/urbex.direct\/es\/product\/location-map-belgium-all-regions\/","title":{"rendered":"Urbex Map B\u00e9lgica: Todas las regiones (1 o 2 a\u00f1os de acceso)"},"content":{"rendered":"<h1 class=\"wp-block-heading\">Navegue por los sitios de exploraci\u00f3n urbana de B\u00e9lgica<\/h1>\n\n\n\n<p>\u00bfEs usted un aventurero de coraz\u00f3n? \u00bfSiempre est\u00e1 buscando experiencias \u00fanicas que satisfagan sus ansias de aventura? No busque m\u00e1s: nuestro Urbex Location Map B\u00e9lgica, con todos los lugares ocultos de exploraci\u00f3n urbana de todo el pa\u00eds, incluidas las actualizaciones, y f\u00e1cilmente navegable en su tel\u00e9fono, tableta o PC.<\/p>\n\n\n\n<h2 class=\"wp-block-heading\">Descubra joyas urbanas ocultas en B\u00e9lgica<\/h2>\n\n\n\n<p>Con nuestro mapa de ubicaciones Urbex, podr\u00e1 explorar el fascinante mundo de la exploraci\u00f3n urbana en B\u00e9lgica, desde los inquietantes y decadentes edificios abandonados, f\u00e1bricas y emplazamientos industriales, hasta los t\u00faneles subterr\u00e1neos ocultos y los lugares hist\u00f3ricos olvidados. Nuestro mapa incluye todos los lugares dif\u00edciles de encontrar y a los que no se puede acceder por medios tradicionales, lo que le permitir\u00e1 satisfacer su esp\u00edritu aventurero y explorar lugares que ni siquiera sab\u00eda que exist\u00edan.<\/p>\n\n\n\n<h2 class=\"wp-block-heading\">D\u00e9 rienda suelta a su explorador interior con nuestro mapa de ubicaci\u00f3n de Urbex<\/h2>\n\n\n\n<p>Nuestro mapa de ubicaciones Urbex es imprescindible para cualquier explorador urbano, tanto si es un profesional experimentado como si acaba de empezar. Con todas las ubicaciones en un solo lugar, podr\u00e1s planificar f\u00e1cilmente tu pr\u00f3xima aventura y descubrir nuevos lugares que explorar. Tanto si buscas un subid\u00f3n de adrenalina como si simplemente quieres experimentar la emoci\u00f3n de descubrir joyas ocultas, nuestro Urbex Location Map es la herramienta perfecta para ti.<\/p>\n\n\n\n<h2 class=\"wp-block-heading\">Descubra como nunca los lugares urbanos abandonados de B\u00e9lgica<\/h2>\n\n\n\n<p>Nuestro mapa de ubicaciones Urbex le lleva de viaje por el mundo oculto y olvidado de la exploraci\u00f3n urbana. Desde las f\u00e1bricas abandonadas y los pol\u00edgonos industriales, hasta los hospitales en ruinas y los castillos olvidados, nuestro mapa le permite experimentar estos lugares como nunca antes. Con actualizaciones peri\u00f3dicas y una navegaci\u00f3n sencilla, podr\u00e1 explorar estos lugares con confianza, sabiendo que dispone de la informaci\u00f3n m\u00e1s actualizada al alcance de la mano.<\/p>","protected":false},"excerpt":{"rendered":"<p>Este mapa urbex le ofrece todos los lugares de exploraci\u00f3n urbana (urbex) en<strong> B\u00e9lgica, Todas las regiones.<\/strong> Este mapa de lugares perdidos permanecer\u00e1 actualizado y accesible durante al menos 365 d\u00edas despu\u00e9s de la compra.<\/p>\n<p class=\"p1\">This map has currently 717 of the most unique urban exploring locations in Belgium: All Regions and is accessible from anywhere with our easy to use map<strong>.<\/p>\n<p><\/strong><strong>Si ya tiene este paquete, puede acceder a \u00e9l a trav\u00e9s de <a href=\"\/es\/mi-cuenta-2\/area-de-miembros\/43905\/mi-contenido-de-afiliacion\/\">Mis mapas &gt; Ver.<\/a><\/strong><\/p>","protected":false},"featured_media":48133,"template":"","meta":[],"product_brand":[],"product_cat":[198,197,204,205,199,201,200,322,202,1134,203,206,207],"product_tag":[323],"class_list":{"0":"post-14638","1":"product","2":"type-product","3":"status-publish","4":"has-post-thumbnail","6":"product_cat-antwerp","7":"product_cat-belgium","8":"product_cat-east-flanders","9":"product_cat-flemish-brabant","10":"product_cat-hainaut","11":"product_cat-liege","12":"product_cat-limburg-be","13":"product_cat-location-packs","14":"product_cat-luxembourg-be","15":"product_cat-maps-belgium","16":"product_cat-namur","17":"product_cat-walloon-brabant","18":"product_cat-west-flanders","19":"product_tag-locationpack","21":"first","22":"instock","23":"taxable","24":"shipping-taxable","25":"purchasable","26":"product-type-variable"},"jetpack_sharing_enabled":true,"_links":{"self":[{"href":"https:\/\/urbex.direct\/es\/wp-json\/wp\/v2\/product\/14638","targetHints":{"allow":["GET"]}}],"collection":[{"href":"https:\/\/urbex.direct\/es\/wp-json\/wp\/v2\/product"}],"about":[{"href":"https:\/\/urbex.direct\/es\/wp-json\/wp\/v2\/types\/product"}],"wp:featuredmedia":[{"embeddable":true,"href":"https:\/\/urbex.direct\/es\/wp-json\/wp\/v2\/media\/48133"}],"wp:attachment":[{"href":"https:\/\/urbex.direct\/es\/wp-json\/wp\/v2\/media?parent=14638"}],"wp:term":[{"taxonomy":"product_brand","embeddable":true,"href":"https:\/\/urbex.direct\/es\/wp-json\/wp\/v2\/product_brand?post=14638"},{"taxonomy":"product_cat","embeddable":true,"href":"https:\/\/urbex.direct\/es\/wp-json\/wp\/v2\/product_cat?post=14638"},{"taxonomy":"product_tag","embeddable":true,"href":"https:\/\/urbex.direct\/es\/wp-json\/wp\/v2\/product_tag?post=14638"}],"curies":[{"name":"wp","href":"https:\/\/api.w.org\/{rel}","templated":true}]}}