{"id":5714,"date":"2021-03-03T15:06:17","date_gmt":"2021-03-03T15:06:17","guid":{"rendered":"https:\/\/urbex.direct\/?page_id=5714"},"modified":"2022-06-26T19:59:57","modified_gmt":"2022-06-26T18:59:57","slug":"faq","status":"publish","type":"page","link":"https:\/\/urbex.direct\/es\/faq\/","title":{"rendered":"Preguntas m\u00e1s frecuentes"},"content":{"rendered":"<div data-elementor-type=\"wp-post\" data-elementor-id=\"5714\" class=\"elementor elementor-5714\" data-elementor-post-type=\"page\">\n\t\t\t\t\t\t<section class=\"elementor-section elementor-top-section elementor-element elementor-element-d7d8b56 elementor-section-boxed elementor-section-height-default elementor-section-height-default\" data-id=\"d7d8b56\" data-element_type=\"section\" data-settings=\"{&quot;background_background&quot;:&quot;classic&quot;}\">\n\t\t\t\t\t\t\t<div class=\"elementor-background-overlay\"><\/div>\n\t\t\t\t\t\t\t<div class=\"elementor-container elementor-column-gap-default\">\n\t\t\t\t\t<div class=\"elementor-column elementor-col-100 elementor-top-column elementor-element elementor-element-fd69444\" data-id=\"fd69444\" data-element_type=\"column\">\n\t\t\t<div class=\"elementor-widget-wrap elementor-element-populated\">\n\t\t\t\t\t\t<div class=\"elementor-element elementor-element-abcc2f2 elementor-widget elementor-widget-heading\" data-id=\"abcc2f2\" data-element_type=\"widget\" data-widget_type=\"heading.default\">\n\t\t\t\t<div class=\"elementor-widget-container\">\n\t\t\t\t\t<h1 class=\"elementor-heading-title elementor-size-default\">Preguntas frecuentes<\/h1>\t\t\t\t<\/div>\n\t\t\t\t<\/div>\n\t\t\t\t\t<\/div>\n\t\t<\/div>\n\t\t\t\t\t<\/div>\n\t\t<\/section>\n\t\t\t\t<section class=\"elementor-section elementor-top-section elementor-element elementor-element-0749e79 elementor-section-boxed elementor-section-height-default elementor-section-height-default\" data-id=\"0749e79\" data-element_type=\"section\">\n\t\t\t\t\t\t<div class=\"elementor-container elementor-column-gap-default\">\n\t\t\t\t\t<div class=\"elementor-column elementor-col-100 elementor-top-column elementor-element elementor-element-b13e86e\" data-id=\"b13e86e\" data-element_type=\"column\">\n\t\t\t<div class=\"elementor-widget-wrap elementor-element-populated\">\n\t\t\t\t\t\t<div class=\"elementor-element elementor-element-5a5753d elementor-widget elementor-widget-spacer\" data-id=\"5a5753d\" data-element_type=\"widget\" data-widget_type=\"spacer.default\">\n\t\t\t\t<div class=\"elementor-widget-container\">\n\t\t\t\t\t\t\t<div class=\"elementor-spacer\">\n\t\t\t<div class=\"elementor-spacer-inner\"><\/div>\n\t\t<\/div>\n\t\t\t\t\t\t<\/div>\n\t\t\t\t<\/div>\n\t\t\t\t\t<\/div>\n\t\t<\/div>\n\t\t\t\t\t<\/div>\n\t\t<\/section>\n\t\t\t\t<section class=\"elementor-section elementor-top-section elementor-element elementor-element-0ce9217 elementor-section-boxed elementor-section-height-default elementor-section-height-default\" data-id=\"0ce9217\" data-element_type=\"section\">\n\t\t\t\t\t\t<div class=\"elementor-container elementor-column-gap-default\">\n\t\t\t\t\t<div class=\"elementor-column elementor-col-100 elementor-top-column elementor-element elementor-element-c70982d\" data-id=\"c70982d\" data-element_type=\"column\">\n\t\t\t<div class=\"elementor-widget-wrap elementor-element-populated\">\n\t\t\t\t\t\t<div class=\"elementor-element elementor-element-42b7a98 elementor-widget elementor-widget-shortcode\" data-id=\"42b7a98\" data-element_type=\"widget\" data-widget_type=\"shortcode.default\">\n\t\t\t\t<div class=\"elementor-widget-container\">\n\t\t\t\t\t\t\t<div class=\"elementor-shortcode\"><style>#sp-ea-43122 .spcollapsing { height: 0; overflow: hidden; transition-property: height;transition-duration: 300ms;}#sp-ea-43122.sp-easy-accordion>.sp-ea-single {margin-bottom: 10px; border: 1px solid #e2e2e2; }#sp-ea-43122.sp-easy-accordion>.sp-ea-single>.ea-header a {color: #444;}#sp-ea-43122.sp-easy-accordion>.sp-ea-single>.sp-collapse>.ea-body {background: #fff; color: #444;}#sp-ea-43122.sp-easy-accordion>.sp-ea-single {background: #eee;}#sp-ea-43122.sp-easy-accordion>.sp-ea-single>.ea-header a .ea-expand-icon { float: left; color: #444;font-size: 16px;}<\/style><div id=\"sp_easy_accordion-1758515176\"><div id=\"sp-ea-43122\" class=\"sp-ea-one sp-easy-accordion\" data-ea-active=\"ea-click\" data-ea-mode=\"vertical\" data-preloader=\"\" data-scroll-active-item=\"\" data-offset-to-scroll=\"0\"><div class=\"ea-card sp-ea-single\"><h3 class=\"ea-header\"><a class=\"collapsed\" id=\"ea-header-431220\" role=\"button\" data-sptoggle=\"spcollapse\" data-sptarget=\"#collapse431220\" aria-controls=\"collapse431220\" href=\"#\" aria-expanded=\"false\" tabindex=\"0\"><i aria-hidden=\"true\" role=\"presentation\" class=\"ea-expand-icon eap-icon-ea-expand-plus\"><\/i> \u00bfNecesito permiso para visitar un lugar?<\/a><\/h3><div class=\"sp-collapse spcollapse spcollapse\" id=\"collapse431220\" data-parent=\"#sp-ea-43122\" role=\"region\" aria-labelledby=\"ea-header-431220\"> <div class=\"ea-body\"><p>Lamentablemente, no proporcionamos ubicaciones con permiso. S\u00f3lo proporcionamos la direcci\u00f3n y el resto depende de usted. Tenga en cuenta que los lugares pueden ser propiedad de personas y siempre debe obtener el permiso del propietario leg\u00edtimo.<\/p><p>S\u00f3lo somos una \"libreta de direcciones\" para lugares de exploraci\u00f3n urbana.<\/p><\/div><\/div><\/div><div class=\"ea-card sp-ea-single\"><h3 class=\"ea-header\"><a class=\"collapsed\" id=\"ea-header-431221\" role=\"button\" data-sptoggle=\"spcollapse\" data-sptarget=\"#collapse431221\" aria-controls=\"collapse431221\" href=\"#\" aria-expanded=\"false\" tabindex=\"0\"><i aria-hidden=\"true\" role=\"presentation\" class=\"ea-expand-icon eap-icon-ea-expand-plus\"><\/i> \u00bfEl pago es seguro?<\/a><\/h3><div class=\"sp-collapse spcollapse spcollapse\" id=\"collapse431221\" data-parent=\"#sp-ea-43122\" role=\"region\" aria-labelledby=\"ea-header-431221\"> <div class=\"ea-body\"><p>\u00a1La respuesta corta es s\u00ed!<\/p><p>Site Web Unsere Ist Durch Ein SSL -zertifikat Gesichert. Nach dem auschecken werden sie dans unseren vertrauensw\u00fcrdigen zahlungsabwickler mollie weitergeleitet.<\/p><p>Los m\u00e9todos de pago que aceptamos son:<\/p><ul><li>iDeal<\/li><li>Creditcard (Visa, MasterCard, American Express, Maestro, Postepay, Cartes Bancaires)<\/li><li>Apple Pay<\/li><li>Bancontact<\/li><li>SOFORT Banca<\/li><li>Giropay<\/li><li>Przelewy24<\/li><li>Bot\u00f3n de pago KBC\/CBC<\/li><li>Red Belfius Direct<\/li><li>EPS<\/li><\/ul><\/div><\/div><\/div><div class=\"ea-card sp-ea-single\"><h3 class=\"ea-header\"><a class=\"collapsed\" id=\"ea-header-431222\" role=\"button\" data-sptoggle=\"spcollapse\" data-sptarget=\"#collapse431222\" aria-controls=\"collapse431222\" href=\"#\" aria-expanded=\"false\" tabindex=\"0\"><i aria-hidden=\"true\" role=\"presentation\" class=\"ea-expand-icon eap-icon-ea-expand-plus\"><\/i> Cuando recibo mi mapa<\/a><\/h3><div class=\"sp-collapse spcollapse spcollapse\" id=\"collapse431222\" data-parent=\"#sp-ea-43122\" role=\"region\" aria-labelledby=\"ea-header-431222\"> <div class=\"ea-body\"><p>Obtiene acces al mapa inmediatamente despu\u00e9s de su pago. Puede ver el mapa en cualquier momento desde su computadora, computadora port\u00e1til, tableta o tel\u00e9fono a trav\u00e9s de <a href=\"\/es\/mi-cuenta-2\/\" target=\"_blank\" rel=\"noopener\">Mi cuenta<\/a> y <a href=\"\/es\/mi-cuenta-2\/memberships\/\" target=\"_blank\" rel=\"noopener\">Mis Mapas<\/a>.<\/p><p>Si tiene alg\u00fan problema para acceder al mapa, siempre puede comunicarse con nuestro soporte 24\/7 a trav\u00e9s del chat en la esquina inferior.<\/p><\/div><\/div><\/div><div class=\"ea-card sp-ea-single\"><h3 class=\"ea-header\"><a class=\"collapsed\" id=\"ea-header-431223\" role=\"button\" data-sptoggle=\"spcollapse\" data-sptarget=\"#collapse431223\" aria-controls=\"collapse431223\" href=\"#\" aria-expanded=\"false\" tabindex=\"0\"><i aria-hidden=\"true\" role=\"presentation\" class=\"ea-expand-icon eap-icon-ea-expand-plus\"><\/i> \u00bfCu\u00e1ndo recibo mis coordenadas?<\/a><\/h3><div class=\"sp-collapse spcollapse spcollapse\" id=\"collapse431223\" data-parent=\"#sp-ea-43122\" role=\"region\" aria-labelledby=\"ea-header-431223\"> <div class=\"ea-body\"><p>Obtiene acces a las coordenadas inmediatamente despu\u00e9s de su pago. Puede descargarlos en la p\u00e1gina \"Gracias\", los obtiene en su correo electr\u00f3nico despu\u00e9s de unos minutos y puede acceder a ellos debajo <a href=\"\/es\/mi-cuenta-2\/\" target=\"_blank\" rel=\"noopener\">Mi cuenta.<\/a><\/p><p>Las coordenadas se presentan dentro de un archivo .txt. Puede copiar y pegar esos n\u00fameros en su aplicaci\u00f3n de navegaci\u00f3n de su elecci\u00f3n.<\/p><p>Si tiene alg\u00fan problema para acceder a las coordenadas, siempre puede comunicarse con nuestro soporte 24\/7 a trav\u00e9s del chat en la esquina inferior.<\/p><\/div><\/div><\/div><div class=\"ea-card sp-ea-single\"><h3 class=\"ea-header\"><a class=\"collapsed\" id=\"ea-header-431224\" role=\"button\" data-sptoggle=\"spcollapse\" data-sptarget=\"#collapse431224\" aria-controls=\"collapse431224\" href=\"#\" aria-expanded=\"false\" tabindex=\"0\"><i aria-hidden=\"true\" role=\"presentation\" class=\"ea-expand-icon eap-icon-ea-expand-plus\"><\/i> Todo sobre mapas<\/a><\/h3><div class=\"sp-collapse spcollapse spcollapse\" id=\"collapse431224\" data-parent=\"#sp-ea-43122\" role=\"region\" aria-labelledby=\"ea-header-431224\"> <div class=\"ea-body\"><p>Obtiene acces al mapa inmediatamente despu\u00e9s de su pago. Puede ver el mapa en cualquier momento desde su computadora, computadora port\u00e1til, tableta o tel\u00e9fono a trav\u00e9s de <a href=\"\/es\/mi-cuenta-2\/\" target=\"_blank\" rel=\"noopener\">Mi cuenta<\/a> y <a href=\"\/es\/mi-cuenta-2\/memberships\/\" target=\"_blank\" rel=\"noopener\">Mis Mapas<\/a>.<\/p><p>Nuestros mapas se presentan en un mapa intuitivo donde puede encontrar f\u00e1cilmente su ubicaci\u00f3n y buscar y navegar hasta las ubicaciones abandonadas con Google Maps o Apple Maps. Tambi\u00e9n tiene la opci\u00f3n de ver y copiar las coordenadas directamente para usar en el sistema de navegaci\u00f3n de su autom\u00f3vil.<\/p><p>\u00bfC\u00f3mo se ve el mapa? Esto depende de la regi\u00f3n, pero este es un ejemplo para B\u00e9lgica.<\/p><p><img fetchpriority=\"high\" decoding=\"async\" class=\"alignnone size-medium wp-image-43153\" src=\"https:\/\/urbex.direct\/wp-content\/uploads\/2022\/06\/2022-06-26-20_38_52-Belgie-alle-provincies-Makkelijk-Urbex-300x225.png\" alt=\"\" width=\"300\" height=\"225\" srcset=\"https:\/\/urbex.direct\/wp-content\/uploads\/2022\/06\/2022-06-26-20_38_52-Belgie-alle-provincies-Makkelijk-Urbex-300x225.png 300w, https:\/\/urbex.direct\/wp-content\/uploads\/2022\/06\/2022-06-26-20_38_52-Belgie-alle-provincies-Makkelijk-Urbex-150x113.png 150w, https:\/\/urbex.direct\/wp-content\/uploads\/2022\/06\/2022-06-26-20_38_52-Belgie-alle-provincies-Makkelijk-Urbex-16x12.png 16w, https:\/\/urbex.direct\/wp-content\/uploads\/2022\/06\/2022-06-26-20_38_52-Belgie-alle-provincies-Makkelijk-Urbex-600x451.png 600w, https:\/\/urbex.direct\/wp-content\/uploads\/2022\/06\/2022-06-26-20_38_52-Belgie-alle-provincies-Makkelijk-Urbex.png 763w\" sizes=\"(max-width: 300px) 100vw, 300px\" \/><\/p><p>Si tiene alg\u00fan problema para acceder al mapa, siempre puede comunicarse con nuestro soporte 24\/7 a trav\u00e9s del chat en la esquina inferior.<\/p><\/div><\/div><\/div><div class=\"ea-card sp-ea-single\"><h3 class=\"ea-header\"><a class=\"collapsed\" id=\"ea-header-431225\" role=\"button\" data-sptoggle=\"spcollapse\" data-sptarget=\"#collapse431225\" aria-controls=\"collapse431225\" href=\"#\" aria-expanded=\"false\" tabindex=\"0\"><i aria-hidden=\"true\" role=\"presentation\" class=\"ea-expand-icon eap-icon-ea-expand-plus\"><\/i> Todo sobre coordenadas<\/a><\/h3><div class=\"sp-collapse spcollapse spcollapse\" id=\"collapse431225\" data-parent=\"#sp-ea-43122\" role=\"region\" aria-labelledby=\"ea-header-431225\"> <div class=\"ea-body\"><p>Obtiene acces a las coordenadas inmediatamente despu\u00e9s de su pago. Puede descargarlos en la p\u00e1gina \"Gracias\", los obtiene en su correo electr\u00f3nico despu\u00e9s de unos minutos y puede acceder a ellos debajo <a href=\"\/es\/mi-cuenta-2\/\" target=\"_blank\" rel=\"noopener\">Mi cuenta.<\/a><\/p><p>Las coordenadas se presentan dentro de un archivo .txt. Puede copiar y pegar esos n\u00fameros en su aplicaci\u00f3n de navegaci\u00f3n de su elecci\u00f3n.<\/p><p>Un archivo de coordenadas se ve as\u00ed:<\/p><p><img decoding=\"async\" class=\"alignnone size-medium wp-image-43159\" src=\"https:\/\/urbex.direct\/wp-content\/uploads\/2022\/06\/2022-06-26-20_43_03-Edit-Accordion-Group-FAQ-\u2039-Urbex-Direct-\u2014-WordPress-300x161.png\" alt=\"\" width=\"300\" height=\"161\" srcset=\"https:\/\/urbex.direct\/wp-content\/uploads\/2022\/06\/2022-06-26-20_43_03-Edit-Accordion-Group-FAQ-\u2039-Urbex-Direct-\u2014-WordPress-300x161.png 300w, https:\/\/urbex.direct\/wp-content\/uploads\/2022\/06\/2022-06-26-20_43_03-Edit-Accordion-Group-FAQ-\u2039-Urbex-Direct-\u2014-WordPress-150x80.png 150w, https:\/\/urbex.direct\/wp-content\/uploads\/2022\/06\/2022-06-26-20_43_03-Edit-Accordion-Group-FAQ-\u2039-Urbex-Direct-\u2014-WordPress-18x10.png 18w, https:\/\/urbex.direct\/wp-content\/uploads\/2022\/06\/2022-06-26-20_43_03-Edit-Accordion-Group-FAQ-\u2039-Urbex-Direct-\u2014-WordPress.png 371w\" sizes=\"(max-width: 300px) 100vw, 300px\" \/><\/p><p>La navegaci\u00f3n se puede hacer as\u00ed:<\/p><p><img decoding=\"async\" class=\"alignnone size-medium wp-image-43160\" src=\"https:\/\/urbex.direct\/wp-content\/uploads\/2022\/06\/2022-06-26-20_43_44-57\u00b00433.3_N-2\u00b04711.4_E-Google-Maps-265x300.png\" alt=\"\" width=\"265\" height=\"300\" srcset=\"https:\/\/urbex.direct\/wp-content\/uploads\/2022\/06\/2022-06-26-20_43_44-57\u00b00433.3_N-2\u00b04711.4_E-Google-Maps-265x300.png 265w, https:\/\/urbex.direct\/wp-content\/uploads\/2022\/06\/2022-06-26-20_43_44-57\u00b00433.3_N-2\u00b04711.4_E-Google-Maps-150x170.png 150w, https:\/\/urbex.direct\/wp-content\/uploads\/2022\/06\/2022-06-26-20_43_44-57\u00b00433.3_N-2\u00b04711.4_E-Google-Maps-11x12.png 11w, https:\/\/urbex.direct\/wp-content\/uploads\/2022\/06\/2022-06-26-20_43_44-57\u00b00433.3_N-2\u00b04711.4_E-Google-Maps.png 384w\" sizes=\"(max-width: 265px) 100vw, 265px\" \/><\/p><p>Si tiene alg\u00fan problema para acceder a las coordenadas, siempre puede comunicarse con nuestro soporte 24\/7 a trav\u00e9s del chat en la esquina inferior.<\/p><\/div><\/div><\/div><div class=\"ea-card sp-ea-single\"><h3 class=\"ea-header\"><a class=\"collapsed\" id=\"ea-header-431226\" role=\"button\" data-sptoggle=\"spcollapse\" data-sptarget=\"#collapse431226\" aria-controls=\"collapse431226\" href=\"#\" aria-expanded=\"false\" tabindex=\"0\"><i aria-hidden=\"true\" role=\"presentation\" class=\"ea-expand-icon eap-icon-ea-expand-plus\"><\/i> \u00bfPodemos intercambiar ubicaciones?<\/a><\/h3><div class=\"sp-collapse spcollapse spcollapse\" id=\"collapse431226\" data-parent=\"#sp-ea-43122\" role=\"region\" aria-labelledby=\"ea-header-431226\"> <div class=\"ea-body\"><p>\u00a1S\u00ed, por favor!<\/p><p>Para que nuestra base de datos de exploraciones sea a\u00fan m\u00e1s grande de lo que ya es, queremos colaborar con usted.<\/p><p>\u00bfTiene una ubicaci\u00f3n que a\u00fan no est\u00e1 en nuestra base de datos? Complete el formulario del\u00a0<a href=\"https:\/\/urbex.direct\/es\/swap-locations\/\">Ubicaciones de intercambio<\/a>\u00a0p\u00e1gina y recibir\u00e1 una ubicaci\u00f3n gratuita de su elecci\u00f3n.<\/p><\/div><\/div><\/div><div class=\"ea-card sp-ea-single\"><h3 class=\"ea-header\"><a class=\"collapsed\" id=\"ea-header-431227\" role=\"button\" data-sptoggle=\"spcollapse\" data-sptarget=\"#collapse431227\" aria-controls=\"collapse431227\" href=\"#\" aria-expanded=\"false\" tabindex=\"0\"><i aria-hidden=\"true\" role=\"presentation\" class=\"ea-expand-icon eap-icon-ea-expand-plus\"><\/i> Puedo obtener un reembolso<\/a><\/h3><div class=\"sp-collapse spcollapse spcollapse\" id=\"collapse431227\" data-parent=\"#sp-ea-43122\" role=\"region\" aria-labelledby=\"ea-header-431227\"> <div class=\"ea-body\"><p>H\u00e1ganos saber si no es accesible una ubicaci\u00f3n porque ha sido renovada o ha sido demolida. H\u00e1ganos saber a trav\u00e9s del chat con alguna prueba de Foto e intercambiaremos una nueva ubicaci\u00f3n con usted (de su elecci\u00f3n).<\/p><p>Desafortunadamente, con cualquier otra raz\u00f3n que no podamos darle una nueva ubicaci\u00f3n.<\/p><\/div><\/div><\/div><div class=\"ea-card sp-ea-single\"><h3 class=\"ea-header\"><a class=\"collapsed\" id=\"ea-header-431228\" role=\"button\" data-sptoggle=\"spcollapse\" data-sptarget=\"#collapse431228\" aria-controls=\"collapse431228\" href=\"#\" aria-expanded=\"false\" tabindex=\"0\"><i aria-hidden=\"true\" role=\"presentation\" class=\"ea-expand-icon eap-icon-ea-expand-plus\"><\/i> Acerca de Urbex Direct<\/a><\/h3><div class=\"sp-collapse spcollapse spcollapse\" id=\"collapse431228\" data-parent=\"#sp-ea-43122\" role=\"region\" aria-labelledby=\"ea-header-431228\"> <div class=\"ea-body\"><p>Urbex Direct ha sido creado para exploradores por exploradores. Tenemos varios a\u00f1os de experiencia internacional de exploraci\u00f3n urbana y queremos compartir nuestro conocimiento con personas con ideas afines.<\/p><p>Urbex Direct es una empresa registrada con la C\u00e1mara de Comercio en los Pa\u00edses Bajos y las autoridades fiscales.<\/p><\/div><\/div><\/div><div class=\"ea-card sp-ea-single\"><h3 class=\"ea-header\"><a class=\"collapsed\" id=\"ea-header-431229\" role=\"button\" data-sptoggle=\"spcollapse\" data-sptarget=\"#collapse431229\" aria-controls=\"collapse431229\" href=\"#\" aria-expanded=\"false\" tabindex=\"0\"><i aria-hidden=\"true\" role=\"presentation\" class=\"ea-expand-icon eap-icon-ea-expand-plus\"><\/i> \u00bfTengo permiso para visitar ...?<\/a><\/h3><div class=\"sp-collapse spcollapse spcollapse\" id=\"collapse431229\" data-parent=\"#sp-ea-43122\" role=\"region\" aria-labelledby=\"ea-header-431229\"> <div class=\"ea-body\"><p>Depende. Puede ver y tomar fotos de una ubicaci\u00f3n de exploraci\u00f3n urbana desde la carretera p\u00fablica sin obtener permiso. Si desea ingresar a una ubicaci\u00f3n, le recomendamos que obtenga permiso del propietario. No proporcionamos esta informaci\u00f3n la mayor\u00eda de las veces.<\/p><\/div><\/div><\/div><div class=\"ea-card sp-ea-single\"><h3 class=\"ea-header\"><a class=\"collapsed\" id=\"ea-header-4312210\" role=\"button\" data-sptoggle=\"spcollapse\" data-sptarget=\"#collapse4312210\" aria-controls=\"collapse4312210\" href=\"#\" aria-expanded=\"false\" tabindex=\"0\"><i aria-hidden=\"true\" role=\"presentation\" class=\"ea-expand-icon eap-icon-ea-expand-plus\"><\/i> Soy propietario de esta ubicaci\u00f3n y quiero que se quite<\/a><\/h3><div class=\"sp-collapse spcollapse spcollapse\" id=\"collapse4312210\" data-parent=\"#sp-ea-43122\" role=\"region\" aria-labelledby=\"ea-header-4312210\"> <div class=\"ea-body\"><p>\u00a1Encantado de conocerlo! P\u00f3ngase en contacto con nosotros a trav\u00e9s del chat en la esquina inferior con pruebas y nos complace comunicarnos con nuestros recientes exploradores de que no deben visitar su ubicaci\u00f3n porque no est\u00e1 abandonado.<\/p><\/div><\/div><\/div><div class=\"ea-card sp-ea-single\"><h3 class=\"ea-header\"><a class=\"collapsed\" id=\"ea-header-4312211\" role=\"button\" data-sptoggle=\"spcollapse\" data-sptarget=\"#collapse4312211\" aria-controls=\"collapse4312211\" href=\"#\" aria-expanded=\"false\" tabindex=\"0\"><i aria-hidden=\"true\" role=\"presentation\" class=\"ea-expand-icon eap-icon-ea-expand-plus\"><\/i> No puedo encontrar esta ubicaci\u00f3n, \u00bfla tienes?<\/a><\/h3><div class=\"sp-collapse spcollapse spcollapse\" id=\"collapse4312211\" data-parent=\"#sp-ea-43122\" role=\"region\" aria-labelledby=\"ea-header-4312211\"> <div class=\"ea-body\"><p>\u00a1S\u00ed!<\/p><p>Tenemos casi todas las ubicaciones, por favor danos los detalles (nombre, im\u00e1genes, URL de otros intercambios de ubicaci\u00f3n o videos).<\/p><\/div><\/div><\/div><\/div><\/div><\/div>\n\t\t\t\t\t\t<\/div>\n\t\t\t\t<\/div>\n\t\t\t\t\t<\/div>\n\t\t<\/div>\n\t\t\t\t\t<\/div>\n\t\t<\/section>\n\t\t\t\t<\/div>","protected":false},"excerpt":{"rendered":"<p>\u00bfQui\u00e9nes somos? Nuestra misi\u00f3n Haga clic en el bot\u00f3n Editar para cambiar este texto. Lorem ipsum dolor sit amet, adipiscing elit. Haga clic en el bot\u00f3n de edici\u00f3n para cambiar este texto. Lorem ipsum dolor sit amet, consectetur adipiscing elit. Ut elit tellus, luctus nec ullamcorper mattis, pulvinar dapibus leo. Experiencias extraordinarias Haga clic en el bot\u00f3n Editar para cambiar este texto. Lorem ipsum ...<\/p>\n<p class=\"read-more\"> <a class=\"\" href=\"https:\/\/websitedemos.net\/outdoor-adventure-02\/about\/\"> <span class=\"screen-reader-text\">Acerca de<\/span> Leer M\u00e1s \"<\/a><\/p>","protected":false},"author":1,"featured_media":0,"parent":0,"menu_order":0,"comment_status":"closed","ping_status":"closed","template":"elementor_header_footer","meta":{"footnotes":""},"class_list":["post-5714","page","type-page","status-publish","hentry"],"jetpack_sharing_enabled":true,"_links":{"self":[{"href":"https:\/\/urbex.direct\/es\/wp-json\/wp\/v2\/pages\/5714","targetHints":{"allow":["GET"]}}],"collection":[{"href":"https:\/\/urbex.direct\/es\/wp-json\/wp\/v2\/pages"}],"about":[{"href":"https:\/\/urbex.direct\/es\/wp-json\/wp\/v2\/types\/page"}],"author":[{"embeddable":true,"href":"https:\/\/urbex.direct\/es\/wp-json\/wp\/v2\/users\/1"}],"replies":[{"embeddable":true,"href":"https:\/\/urbex.direct\/es\/wp-json\/wp\/v2\/comments?post=5714"}],"version-history":[{"count":0,"href":"https:\/\/urbex.direct\/es\/wp-json\/wp\/v2\/pages\/5714\/revisions"}],"wp:attachment":[{"href":"https:\/\/urbex.direct\/es\/wp-json\/wp\/v2\/media?parent=5714"}],"curies":[{"name":"wp","href":"https:\/\/api.w.org\/{rel}","templated":true}]}}