{"id":15789,"date":"2021-08-21T20:04:59","date_gmt":"2021-08-21T19:04:59","guid":{"rendered":"https:\/\/urbex.direct\/refund_returns\/"},"modified":"2021-08-21T20:04:59","modified_gmt":"2021-08-21T19:04:59","slug":"devoluciones_devolucion","status":"publish","type":"page","link":"https:\/\/urbex.direct\/es\/refund_returns\/","title":{"rendered":"Pol\u00edtica de devoluciones y reembolsos"},"content":{"rendered":"<p><b>Esta es una p\u00e1gina de muestra.<\/b><\/p>\n\n\n\n<h3>Visi\u00f3n general<\/h3>\n\n\n\n<p>Nuestra pol\u00edtica de reembolsos y devoluciones dura 30 d\u00edas. Si han pasado 30 d\u00edas desde tu compra, no podemos ofrecerte un reembolso o cambio completo.<\/p>\n\n\n\n<p>Para poder realizar una devoluci\u00f3n, el art\u00edculo debe estar sin usar y en las mismas condiciones en las que lo recibi\u00f3. Tambi\u00e9n debe estar en su embalaje original.<\/p>\n\n\n\n<p>Varios tipos de mercanc\u00edas est\u00e1n exentos de devoluci\u00f3n. Los productos perecederos, como alimentos, flores, peri\u00f3dicos o revistas, no pueden devolverse. Tampoco aceptamos productos que sean art\u00edculos \u00edntimos o sanitarios, materiales peligrosos o l\u00edquidos o gases inflamables.<\/p>\n\n\n\n<p>Art\u00edculos adicionales no retornables:<\/p>\n\n\n\n<ul class=\"wp-block-list\">\n<li>Tarjetas regalo<\/li>\n<li>Programas descargables<\/li>\n<li>Algunos art\u00edculos de salud y cuidado personal<\/li>\n<\/ul>\n\n\n\n<p>Para completar su devoluci\u00f3n, necesitamos un recibo o prueba de compra.<\/p>\n\n\n\n<p>Por favor, no devuelva su compra al fabricante.<\/p>\n\n\n\n<p>Hay determinadas situaciones en las que s\u00f3lo se conceden devoluciones parciales:<\/p>\n\n\n\n<ul class=\"wp-block-list\">\n<li>Libro con signos evidentes de uso<\/li>\n<li>CD, DVD, cinta VHS, software, videojuego, cinta de casete o disco de vinilo que haya sido abierto.<\/li>\n<li>Cualquier art\u00edculo que no se encuentre en su estado original, est\u00e9 da\u00f1ado o le falten piezas por motivos que no se deban a un error nuestro.<\/li>\n<li>Cualquier art\u00edculo que se devuelva m\u00e1s de 30 d\u00edas despu\u00e9s de la entrega<\/li>\n<\/ul>\n\n\n\n<h2>Reembolsos<\/h2>\n\n\n\n<p>Una vez recibida e inspeccionada su devoluci\u00f3n, le enviaremos un correo electr\u00f3nico para notificarle que hemos recibido su art\u00edculo devuelto. Tambi\u00e9n le notificaremos la aprobaci\u00f3n o el rechazo de su devoluci\u00f3n.<\/p>\n\n\n\n<p>Si se aprueba, se procesar\u00e1 el reembolso y se aplicar\u00e1 autom\u00e1ticamente un cr\u00e9dito a su tarjeta de cr\u00e9dito o m\u00e9todo de pago original en un plazo determinado de d\u00edas.<\/p>\n\n\n\n<b>Reembolsos atrasados o no efectuados<\/b>\n\n\n\n<p>Si a\u00fan no ha recibido el reembolso, compruebe primero de nuevo su cuenta bancaria.<\/p>\n\n\n\n<p>A continuaci\u00f3n, p\u00f3ngase en contacto con la entidad emisora de su tarjeta de cr\u00e9dito, ya que el reembolso puede tardar alg\u00fan tiempo en hacerse efectivo oficialmente.<\/p>\n\n\n\n<p>A continuaci\u00f3n, p\u00f3ngase en contacto con su banco. A menudo transcurre alg\u00fan tiempo antes de que se contabilice el reembolso.<\/p>\n\n\n\n<p>Si ha hecho todo esto y a\u00fan no ha recibido el reembolso, p\u00f3ngase en contacto con nosotros en la {direcci\u00f3n de correo electr\u00f3nico}.<\/p>\n\n\n\n<b>Art\u00edculos en venta<\/b>\n\n\n\n<p>S\u00f3lo se reembolsar\u00e1n los art\u00edculos de precio normal. Los art\u00edculos en oferta no se pueden reembolsar.<\/p>\n\n\n\n<h2>Intercambios<\/h2>\n\n\n\n<p>S\u00f3lo cambiamos art\u00edculos si est\u00e1n defectuosos o da\u00f1ados. Si necesitas cambiarlo por el mismo art\u00edculo, env\u00edanos un correo electr\u00f3nico a {email address} y env\u00eda tu art\u00edculo a: {direcci\u00f3n f\u00edsica}.<\/p>\n\n\n\n<h2>Regalos<\/h2>\n\n\n\n<p>Si el art\u00edculo estaba marcado como regalo cuando se compr\u00f3 y se le envi\u00f3 directamente, recibir\u00e1 un cr\u00e9dito de regalo por el valor de su devoluci\u00f3n. Una vez recibido el art\u00edculo devuelto, se le enviar\u00e1 por correo un cheque regalo.<\/p>\n\n\n\n<p>Si el art\u00edculo no estaba marcado como regalo en el momento de la compra, o si la persona que hizo el regalo se envi\u00f3 el pedido a s\u00ed misma para d\u00e1rtelo a ti m\u00e1s tarde, enviaremos un reembolso a la persona que hizo el regalo y ella se enterar\u00e1 de tu devoluci\u00f3n.<\/p>\n\n\n\n<h2>Devoluciones<\/h2>\n\n\n\n<p>Para devolver su producto, debe enviarlo por correo a {direcci\u00f3n f\u00edsica}.<\/p>\n\n\n\n<p>Los gastos de env\u00edo de la devoluci\u00f3n correr\u00e1n por su cuenta. Los gastos de env\u00edo no son reembolsables. Si recibe un reembolso, el coste del env\u00edo de devoluci\u00f3n se deducir\u00e1 de su reembolso.<\/p>\n\n\n\n<p>Dependiendo de d\u00f3nde viva, el tiempo que puede tardar en llegarle el producto intercambiado puede variar.<\/p>\n\n\n\n<p>Si va a devolver art\u00edculos m\u00e1s caros, puede considerar utilizar un servicio de env\u00edo con seguimiento o contratar un seguro de env\u00edo. No garantizamos que recibamos el art\u00edculo devuelto.<\/p>\n\n\n\n<h2>\u00bfNecesita ayuda?<\/h2>\n\n\n\n<p>P\u00f3ngase en contacto con nosotros en {email} para cuestiones relacionadas con reembolsos y devoluciones.<\/p>","protected":false},"excerpt":{"rendered":"<p>This is a sample page. Overview Our refund and returns policy lasts 30 days. If 30 days have passed since your purchase, we can\u2019t offer you a full refund or exchange. To be eligible for a return, your item must be unused and in the same condition that you received it. It must also be [&hellip;]<\/p>\n","protected":false},"author":1,"featured_media":0,"parent":0,"menu_order":0,"comment_status":"closed","ping_status":"closed","template":"","meta":{"footnotes":""},"class_list":["post-15789","page","type-page","status-publish","hentry"],"jetpack_sharing_enabled":true,"_links":{"self":[{"href":"https:\/\/urbex.direct\/es\/wp-json\/wp\/v2\/pages\/15789","targetHints":{"allow":["GET"]}}],"collection":[{"href":"https:\/\/urbex.direct\/es\/wp-json\/wp\/v2\/pages"}],"about":[{"href":"https:\/\/urbex.direct\/es\/wp-json\/wp\/v2\/types\/page"}],"author":[{"embeddable":true,"href":"https:\/\/urbex.direct\/es\/wp-json\/wp\/v2\/users\/1"}],"replies":[{"embeddable":true,"href":"https:\/\/urbex.direct\/es\/wp-json\/wp\/v2\/comments?post=15789"}],"version-history":[{"count":0,"href":"https:\/\/urbex.direct\/es\/wp-json\/wp\/v2\/pages\/15789\/revisions"}],"wp:attachment":[{"href":"https:\/\/urbex.direct\/es\/wp-json\/wp\/v2\/media?parent=15789"}],"curies":[{"name":"wp","href":"https:\/\/api.w.org\/{rel}","templated":true}]}}