{"id":62125,"date":"2025-03-17T20:45:44","date_gmt":"2025-03-17T20:45:44","guid":{"rendered":"https:\/\/urbex.direct\/?post_type=product&#038;p=62125"},"modified":"2025-03-18T19:50:43","modified_gmt":"2025-03-18T19:50:43","slug":"geisterjagdkarte-3-0","status":"publish","type":"product","link":"https:\/\/urbex.direct\/de\/product\/ghost-hunting-map-3-0\/","title":{"rendered":"Geisterjagd-Karte 3.0"},"content":{"rendered":"","protected":false},"excerpt":{"rendered":"<p data-start=\"56\" data-end=\"173\"><strong data-start=\"56\" data-end=\"167\">Der ultimative F\u00fchrer zu paranormalen Orten in Belgien, den Niederlanden und Deutschland<\/strong> \ud83d\udc7b\ud83d\uddfa\ufe0f<\/p>\n<p data-start=\"175\" data-end=\"468\">Bereit f\u00fcr ein neues paranormales Abenteuer? <strong data-start=\"213\" data-end=\"238\">Geisterjagd-Karte 3.0<\/strong> ist da, und es ist die vollst\u00e4ndigste und detaillierteste Karte, die Sie je finden werden! Diese einmalige Karte f\u00fchrt Sie zu den <strong data-start=\"355\" data-end=\"398\">die unheimlichsten und geheimnisvollsten Orte<\/strong> \u00fcber Belgien, die Niederlande und die Grenzgebiete Deutschlands. \ud83c\udf0d\u2728<\/p>\n<p data-start=\"470\" data-end=\"790\">Mit \u00fcber <strong data-start=\"480\" data-end=\"507\">70+ paranormale Hotspots<\/strong>k\u00f6nnen Sie sich auf eine Reise zu Orten begeben, die sorgf\u00e4ltig von <strong data-start=\"586\" data-end=\"616\">professionelle Geisterj\u00e4ger<\/strong> und passionierte Hobbyforscher gleicherma\u00dfen. Diese Karte wurde von einem Team von Paranormalit\u00e4tsforschern fachm\u00e4nnisch erstellt, um sicherzustellen, dass Sie nur die faszinierendsten und gruseligsten Orte besuchen! \ud83d\udc40\ud83d\udd0d<\/p>\n<h3 data-start=\"792\" data-end=\"823\">Warum ist diese Karte so besonders?<\/h3>\n<ul data-start=\"824\" data-end=\"1061\">\n<li data-start=\"824\" data-end=\"889\"><strong data-start=\"826\" data-end=\"846\">31 neue Standorte<\/strong>\u00a0die Sie nicht verpassen sollten!<\/li>\n<li data-start=\"890\" data-end=\"996\"><strong data-start=\"892\" data-end=\"908\">42 Standorte<\/strong> aus fr\u00fcheren Ausgaben (V1 und V2) wurden wieder hinzugef\u00fcgt, damit Sie nichts verpassen. \ud83d\udd04<\/li>\n<\/ul>\n<p data-start=\"1063\" data-end=\"1202\">Also, worauf warten Sie noch? Schnapp dir deine Ausr\u00fcstung, bring deine Freunde mit und begib dich an Orte, an denen Geschichte und \u00dcbernat\u00fcrliches aufeinandertreffen. \ud83d\udc80\ud83c\udf2b\ufe0f<\/p>\n<p data-start=\"1204\" data-end=\"1281\"><strong data-start=\"1204\" data-end=\"1229\">Geisterjagd-Karte 3.0<\/strong> ist ein Muss f\u00fcr jeden ernsthaften Geisterj\u00e4ger!<\/p>","protected":false},"featured_media":62142,"template":"","meta":[],"product_brand":[],"product_cat":[322,1134,1136],"product_tag":[834,323],"class_list":{"0":"post-62125","1":"product","2":"type-product","3":"status-publish","4":"has-post-thumbnail","6":"product_cat-location-packs","7":"product_cat-maps-belgium","8":"product_cat-maps-the-netherlands","9":"product_tag-excellence","10":"product_tag-locationpack","12":"first","13":"instock","14":"taxable","15":"shipping-taxable","16":"purchasable","17":"product-type-simple"},"jetpack_sharing_enabled":true,"_links":{"self":[{"href":"https:\/\/urbex.direct\/de\/wp-json\/wp\/v2\/product\/62125","targetHints":{"allow":["GET"]}}],"collection":[{"href":"https:\/\/urbex.direct\/de\/wp-json\/wp\/v2\/product"}],"about":[{"href":"https:\/\/urbex.direct\/de\/wp-json\/wp\/v2\/types\/product"}],"wp:featuredmedia":[{"embeddable":true,"href":"https:\/\/urbex.direct\/de\/wp-json\/wp\/v2\/media\/62142"}],"wp:attachment":[{"href":"https:\/\/urbex.direct\/de\/wp-json\/wp\/v2\/media?parent=62125"}],"wp:term":[{"taxonomy":"product_brand","embeddable":true,"href":"https:\/\/urbex.direct\/de\/wp-json\/wp\/v2\/product_brand?post=62125"},{"taxonomy":"product_cat","embeddable":true,"href":"https:\/\/urbex.direct\/de\/wp-json\/wp\/v2\/product_cat?post=62125"},{"taxonomy":"product_tag","embeddable":true,"href":"https:\/\/urbex.direct\/de\/wp-json\/wp\/v2\/product_tag?post=62125"}],"curies":[{"name":"wp","href":"https:\/\/api.w.org\/{rel}","templated":true}]}}