{"id":61824,"date":"2025-03-09T19:15:15","date_gmt":"2025-03-09T19:15:15","guid":{"rendered":"https:\/\/urbex.direct\/?post_type=product&#038;p=61824"},"modified":"2025-05-22T20:32:16","modified_gmt":"2025-05-22T19:32:16","slug":"urbex-map-vereinigtes-konigreich-alle-regionen-1-jahr-zugang","status":"publish","type":"product","link":"https:\/\/urbex.direct\/de\/product\/urbex-map-united-kingdom-all-regions-1-year-access\/","title":{"rendered":"Urbex Map Vereinigtes K\u00f6nigreich und Irland Alle Regionen (1 oder 2 Jahre Zugang)"},"content":{"rendered":"<p>Diese Karte enth\u00e4lt die folgenden Orte: <ul><li>Freeman-Villa<\/li><li>Hulme Hippodrom<\/li><li>Willkommen im Paradise Hotel<\/li><li>Haus des Kalten Krieges<\/li><li>Boeing-Absturzstelle<\/li><li>Zug Workshop im Wald<\/li><li>Lodge Schule<\/li><li>Das Jumanji-Theater<\/li><li>Das verlassene Haus<\/li><li>Die gro\u00dfen 5<\/li><li>NHS-Asyl<\/li><li>Fort Cliffe<\/li><li>Verrostetes U-Boot<\/li><li>Artilleristenhaus<\/li><li>Das Friedhofshaus<\/li><li>Burghof<\/li><li>Der Hobbit Ameisenhaus<\/li><li>Unvollendete Geisterstadt<\/li><li>Kaltes Piramidenbecken<\/li><li>Kirche Wilhelm 45<\/li><li>Schiffswrack DB<\/li><li>Uperflow-Haus<\/li><li>Unterirdischer Tempel<\/li><li>Das Haus des Goldenen Tempels<\/li><li>Der gro\u00dfe T\u00f6pferschuppen<\/li><li>Die Crossing Factory<\/li><li>Die vergessene Kohlenmine<\/li><li>Loxley-Kapelle<\/li><li>Werkzeugfabrik<\/li><li>Das Marine-Lagerhaus<\/li><li>Verlorene Universit\u00e4t<\/li><li>Sexy Farm<\/li><li>Burg Cambusnethan<\/li><li>Schloss Loudoun<\/li><li>Das Gartloch-Krankenhaus<\/li><li>Ragdoll Hotel<\/li><li>Das Schloss auf der Klippe<\/li><li>Eine weitere Burgruine<\/li><li>Die Dal Ruine<\/li><li>Der Torpedo-Hafen<\/li><li>Kupfermine Elba<\/li><li>Schloss TTL<\/li><li>GH-Radarstation<\/li><li>Das kleine Haus neben dem Gleis<\/li><li>Die Munitionsfabrik<\/li><li>Die Munitionsfabrik 2<\/li><li>Allasons Herrenhaus<\/li><li>Kraftwerk Wald<\/li><li>Hinterhof Fabrik<\/li><li>Milit\u00e4risches Lagerhaus<\/li><li>Flugkontrollturm<\/li><li>East Fortune Hospital<\/li><li>Repr\u00e4sentantenhaus<\/li><li>Verbranntes Krankenhaus<\/li><li>Die erstaunliche Herrenhausruine<\/li><li>Krankenhaus Burgruine<\/li><li>Die \u00dcberreste einer Burg<\/li><li>Das alte verlassene Priesterseminar<\/li><li>Lakenhaus<\/li><li>Baron Hill Herrenhaus<\/li><li>Kapelle Salem<\/li><li>Das Checkpoint-Haus<\/li><li>Der Busbahnhof<\/li><li>Haus des Autosammlers<\/li><li>Maison rund um die Welt<\/li><li>Haus des Vergessens<\/li><li>Friedhof und Kirchenruine<\/li><li>Das leere Schloss<\/li><li>Burg Gwyn<\/li><li>Der \u00d6lh\u00e4ndler<\/li><li>Kirche im Dschungel<\/li><li>Little Italy M\u00e4rchenhaftes Dorf<\/li><li>Brik-Werke<\/li><li>Haus der unheimlichen Ritzel<\/li><li>Engelskaserne<\/li><li>Resident Evil-Villa<\/li><li>M\u00fchle \"Gefroren in der Zeit<\/li><li>Tornado-Farm<\/li><li>Das Schloss des Soldaten<\/li><li>Verlorenes Haus der Liebe<\/li><li>Glaube Haus<\/li><li>Burg St. Georg<\/li><li>Autisten-Asyl<\/li><li>Pool Asylum<\/li><li>Der Film Lighthouse<\/li><li>Haus der Klaviere<\/li><li>Das Haus der Witwe<\/li><li>Veteranenfarm<\/li><li>Hell Hospital<\/li><li>Tyrone Haus<\/li><li>Nivea Kirche<\/li><li>Burgruine Efeu<\/li><li>Burgruine G<\/li><li>Die gro\u00dfe \u00fcberwucherte Kirche<\/li><li>Burgruine Agha<\/li><li>Moosiges Schloss Kerry<\/li><li>Festung Colloseum<\/li><li>Kolloseum Fort 2<\/li><li>Die Farm auf der Klippe<\/li><li>Das alte Stellwerk<\/li><li>Die Kirchenruine mit einigen Gr\u00e4bern<\/li><li>Clif Watchtower<\/li><li>Die alten Kupferminensch\u00e4chte<\/li><li>Wei\u00dfes Autohaus im Strauch<\/li><li>Unfertige Villa's<\/li><li>Ersatzhaus<\/li><li>Malcolm-Fabrik<\/li><li>Alte Burg Droma<\/li><li>Schloss Celtic Echoes<\/li><li>Verbrannte Fabrik und Villa<\/li><li>Die zerbrochene Br\u00fccke<\/li><li>Stille T\u00fcrme von \u00c9ire<\/li><li>Schwache Farm<\/li><li>Die Werkstatt der Natur<\/li><li>Eine weitere Ruine der Kupfermine<\/li><li>Herbsthaus<\/li><li>Der Schlosspark<\/li><li>Das Herrenhaus des Politikers<\/li><li>Das vergessene Herrenhaus<\/li><li>Seit 10 Jahren verloren Haus<\/li><li>Das Schiffswrack am Strand<\/li><li>Die verlorene Kirche in den H\u00fcgeln<\/li><li>Gr\u00e4ber im Verwesungsgeb\u00e4ude<\/li><li>Gem\u00e4lde Pub<\/li><li>Fort auf dem Gipfel<\/li><li>Das Schloss bleibt auf dem Felsen<\/li><li>Haus Cardo<\/li><li>Schloss Gr\u00fcndach<\/li><li>Zur\u00fcck zur Natur<\/li><li>Der Friedhof und die Ruinen<\/li><li>Kraftwerk Waterside<\/li><li>Das vergessene Flusshaus<\/li><li>Unerledigte Aufgaben<\/li><li>Verlorene Industriehallen<\/li><li>Die kleine Kirchenruine<\/li><li>Haus Bally [Haus[<\/li><\/ul><\/p>","protected":false},"excerpt":{"rendered":"<p>Auf dieser urbex-Karte finden Sie alle Standorte der urbanen Erkundung (urbex) in <strong>Vereinigtes K\u00f6nigreich und Irland, Alle Regionen<\/strong><strong>.<\/strong> <\/p>\n<p>Diese Karte der verlorenen Orte wird mindestens 365 Tage nach dem Kauf aktualisiert und zug\u00e4nglich bleiben. <\/p>\n<p>Diese Karte enth\u00e4lt derzeit 136 der einzigartigsten st\u00e4dtischen Erkundungsorte in Irland und ist mit unserer einfach zu bedienenden Karte von \u00fcberall aus zug\u00e4nglich<strong>. <\/p>\n<p><\/strong><strong>Wenn Sie dieses Paket bereits besitzen, k\u00f6nnen Sie es \u00fcber <\/strong><a href=\"\/de\/mein-account\/mitgliederbereich\/43905\/inhalt-meiner-mitgliedschaft\/\"><strong>Meine Karten &gt; Ansicht.<\/strong><\/a> <\/p>\n<p><a href=\"#tab-description\">Liste aller Urbex-Standorte auf dieser Karte.<\/a><\/p>","protected":false},"featured_media":61828,"template":"","meta":[],"product_brand":[],"product_cat":[242,322,1401,293],"product_tag":[],"class_list":{"0":"post-61824","1":"product","2":"type-product","3":"status-publish","4":"has-post-thumbnail","6":"product_cat-ireland","7":"product_cat-location-packs","8":"product_cat-maps-united-kingdom","9":"product_cat-united-kingdom","11":"first","12":"instock","13":"taxable","14":"shipping-taxable","15":"purchasable","16":"product-type-variable"},"jetpack_sharing_enabled":true,"_links":{"self":[{"href":"https:\/\/urbex.direct\/de\/wp-json\/wp\/v2\/product\/61824","targetHints":{"allow":["GET"]}}],"collection":[{"href":"https:\/\/urbex.direct\/de\/wp-json\/wp\/v2\/product"}],"about":[{"href":"https:\/\/urbex.direct\/de\/wp-json\/wp\/v2\/types\/product"}],"wp:featuredmedia":[{"embeddable":true,"href":"https:\/\/urbex.direct\/de\/wp-json\/wp\/v2\/media\/61828"}],"wp:attachment":[{"href":"https:\/\/urbex.direct\/de\/wp-json\/wp\/v2\/media?parent=61824"}],"wp:term":[{"taxonomy":"product_brand","embeddable":true,"href":"https:\/\/urbex.direct\/de\/wp-json\/wp\/v2\/product_brand?post=61824"},{"taxonomy":"product_cat","embeddable":true,"href":"https:\/\/urbex.direct\/de\/wp-json\/wp\/v2\/product_cat?post=61824"},{"taxonomy":"product_tag","embeddable":true,"href":"https:\/\/urbex.direct\/de\/wp-json\/wp\/v2\/product_tag?post=61824"}],"curies":[{"name":"wp","href":"https:\/\/api.w.org\/{rel}","templated":true}]}}