{"id":58422,"date":"2024-09-10T20:01:55","date_gmt":"2024-09-10T19:01:55","guid":{"rendered":"https:\/\/urbex.direct\/?post_type=product&#038;p=58422"},"modified":"2025-05-17T00:06:26","modified_gmt":"2025-05-16T23:06:26","slug":"urbex-karte-portugal-alle-regionen-1-jahr-zugang","status":"publish","type":"product","link":"https:\/\/urbex.direct\/de\/product\/urbex-map-portugal-all-regions-1-year-access\/","title":{"rendered":"Urbex Map Portugal Alle Regionen (1 oder 2 Jahre Zugang)"},"content":{"rendered":"<p>Diese Karte enth\u00e4lt die folgenden Orte: <ul><li>Fazenda Silvares<\/li><li>Villa Sacoor<\/li><li>Dreams Palace \/ Dreams Villa<\/li><li>Castelo da DC<\/li><li>Casa Bonita<\/li><li>Gespensterkloster \/ Mosteiro Assombrado<\/li><li>Herrenhaus Rosa<\/li><li>Die dachlose Scheune \/ O Celeiro Sem Teto<\/li><li>Die versteckte Scheune<\/li><li>Haus Ronaldo<\/li><li>Verlorenes Abrissbudget<\/li><li>Das vergessene Strandhaus \/ A casa de praia esquecida<\/li><li>Ruinen in Papel<\/li><li>Palacio Fonte da Pipa<\/li><li>Fazenda sem Telhado<\/li><li>Verlorener Aquapark 2<\/li><li>Hotel Golfinho<\/li><li>Strand Ruine<\/li><li>Lagergel\u00e4nde<\/li><li>Convento am Strand<\/li><li>Kloster Sao Francisco<\/li><li>Celeiro com vista<\/li><li>Fazenda 125 \/ Bauernhof 125<\/li><li>2 Fazendas da Rep\u00fablica \/ 2 Bauernh\u00f6fe der Republik<\/li><li>Ru\u00edna Musical<\/li><li>Die friedlichen Ruinen<\/li><li>A f\u00e1brica vermelha \/ Die rote Fabrik<\/li><li>O grande pavilh\u00e3o de ca\u00e7a \/ Das gro\u00dfe Jagdhaus<\/li><li>Hotel Maze Runner<\/li><li>Palacio L<\/li><li>Alte Schiffe<\/li><li>En\u00f3logo Portugu\u00eas<\/li><li>Asyl Mai<\/li><li>Casa pequena sem telhado \/ Kleines Haus ohne Dach<\/li><li>Aqualand<\/li><li>Konvent FDM<\/li><li>Dr. Mena Villa<\/li><li>Haus Anha<\/li><li>Kapelle Celeste<\/li><li>Vivenda Guimar\u00e3es<\/li><li>Quinta do Minhoto<\/li><li>Haus Eusibio<\/li><li>Haus Tavio<\/li><li>Haus Sophia<\/li><li>A antiga institui\u00e7\u00e3o psiqui\u00e1trica \/ Die alte psychiatrische Anstalt<\/li><li>Casa Perdita<\/li><li>\u00dcberwucherte Nachbarn<\/li><li>Quinta com Capela \/ Bauernhof mit Kapelle<\/li><li>O Segredo da Colina \/ Das Geheimnis des H\u00fcgels<\/li><li>As capelas rochosas<\/li><li>Hotel mit Blick auf das Meer\/ Hotel mit Meerblick<\/li><li>Schiefe Fenster \/ Janelas Tortas<\/li><li>Casa Jesus<\/li><li>Ru\u00edna Dupla<\/li><li>Das Weinfest<\/li><li>Haus mit Blick auf das Meer<\/li><li>F\u00e1brica S\u00e3o<\/li><li>Hotel da Foz<\/li><li>Die alte katholische Schule<\/li><li>Herrenhaus Abigael<\/li><li>Farm Nirgendwo<\/li><li>Wald im Haus<\/li><li>Motel auf dem H\u00fcgel<\/li><li>Cripta<\/li><li>Seminar T<\/li><li>Casa Chelo<\/li><li>Arruinar Palmeira<\/li><li>Sanat\u00f3rio de Valongo<\/li><li>Villa L\u00f6wenherz<\/li><li>Krypte mit S\u00e4rgen<\/li><li>Herrenhaus oz brasilianisch \/ Mans\u00e3o das Pinturas<\/li><li>Casa Azul<\/li><li>Dominikanische Villa<\/li><li>Maison Manuelina Da Foz<\/li><li>RAF-Park<\/li><li>Haus Nes<\/li><li>Fuedo CA<\/li><li>Antiga F\u00e1brica<\/li><li>Universidade Abandonada<\/li><li>Quinta das \u00c1guias<\/li><li>Tanques de Armazenamento<\/li><li>Escola Afonso Domingues<\/li><li>Panor\u00e2mico de Monsanto<\/li><li>Labor f\u00fcr Pathologie<\/li><li>Krankenhaus Barro<\/li><li>Therme Sizandro<\/li><li>O galp\u00e3o de carros \/ Die Autoscheune<\/li><li>Casa Do violino<\/li><li>Casa Colomb<\/li><li>Casa Isac<\/li><li>Palacia Farro<\/li><li>Casas Blue Gates<\/li><li>Haus Joao<\/li><li>Cidade Fantasma AB<\/li><li>Casa Amarela<\/li><li>Casa de campo em colapso<\/li><li>F\u00e1brica e Campo Esportivo<\/li><li>As ru\u00ednas da igreja de 30 anos \/ Die 30 Jahre alten Kirchenruinen<\/li><li>Asilo e Ru\u00edna<\/li><li>Haus Santa Rita<\/li><li>Sanat\u00f3rio AG<\/li><li>Ferme Carro Branco \/ Ferme Wei\u00dfes Auto<\/li><li>Eine Bolas-Fabrik<\/li><li>A fazenda no vazio \/ Der Bauernhof in der Mitte von Nirgendwo<\/li><li>A f\u00e1brica no rio \/ Die Fabrik am Fluss<\/li><li>Casa Soluto<\/li><li>A bela fachada \/ Die sch\u00f6ne Fassade<\/li><li>Garagem de Carro Abandonada \/ Verlassene Autogarage<\/li><li>Resort inacabado \/ Unfertiges Resort<\/li><li>Teatro Avenida<\/li><li>Palast-M\u00e4rchen \/ Palacio Conde De Sucena<\/li><li>Haus CDS<\/li><li>Usine Coima<\/li><li>Casa Azul \/ Maison Victoria<\/li><li>Herrenhaus des Professors<\/li><li>Casa Da Silva<\/li><li>Das graue Herrenhaus<\/li><li>Die rosa Kunstvilla<\/li><li>Discoteca Gr\u00fcner H\u00fcgel<\/li><li>Hotel P<\/li><li>Gr\u00fcnes Hotel \/ Hotel Verde<\/li><li>Casa Gargarine<\/li><li>Boate Sternennacht<\/li><li>O para\u00edso de slides Inacabado<\/li><li>Sanatorium du Caramulo<\/li><li>Palacio Ruine<\/li><li>Casa Lo<\/li><li>Antigo Hotel Av<\/li><li>Das Klavierhaus<\/li><li>Casa Isma \/ Haus Isma<\/li><li>\u00dcberwachsener Zugbegleiter<\/li><li>Herbst-Thermalb\u00e4der<\/li><li>Der alte Kurpalast<\/li><li>Schwimmbad in Sichtweite des Flugzeugs<\/li><li>Wellenbrecher Resort<\/li><li>Fischfarm Meeresblick<\/li><li>Hotel MP<\/li><li>Forte da Baleia<\/li><li>Quinta da pianista<\/li><li>Vila das duas colunas<\/li><li>Villa ALV<\/li><li>Hospital Infantil \/ Kinderkrankenhaus<\/li><li>Palais des Sculptures<\/li><li>Tr\u00eas vilas<\/li><li>Schloss Oblivion<\/li><li>Casa BA \/ Villa Rosa<\/li><li>Keramische Fabrik<\/li><li>Coselhas Fabrik<\/li><li>Mosteiro di V<\/li><li>Disco Lamarosa<\/li><li>A F\u00e1brica de Papel<\/li><li>Fehlende Rutschen Pool<\/li><li>Palast Salazar<\/li><li>Haus des neuen Lebens \/ Casa Nova Vida<\/li><li>O antigo armaz\u00e9m \/ Das alte Lagerhaus<\/li><li>Junkie-Haus \/ Casa do Junkie<\/li><li>Fabrica PO<\/li><li>Termas Aguas<\/li><li>Casa Real<\/li><li>Aquaparc \/ Trockenrutsche<\/li><li>Ruinen MDH<\/li><li>Die kleine H\u00fctte<\/li><li>Schiffswrack Beja<\/li><li>Cappela V<\/li><li>Konvent MFD<\/li><li>Usine Villa Nr.<\/li><li>Igreja Matt<\/li><\/ul><\/p>","protected":false},"excerpt":{"rendered":"<p>Auf dieser urbex-Karte finden Sie alle Standorte der urbanen Erkundung (urbex) in <strong>Portugal, Alle Regionen<\/strong><strong>.<\/strong> Diese Karte der verlorenen Orte wird mindestens 365 Tage nach dem Kauf aktualisiert und zug\u00e4nglich bleiben.<\/p>\n<p>This map has currently 167 of the most unique urban exploring locations in Portugal and is accessible from anywhere with our easy to use map<strong>. <\/p>\n<p><\/strong><strong>Wenn Sie dieses Paket bereits besitzen, k\u00f6nnen Sie es \u00fcber <\/strong><a href=\"\/de\/mein-account\/mitgliederbereich\/43905\/inhalt-meiner-mitgliedschaft\/\"><strong>Meine Karten &gt; Ansicht.<\/strong><\/a> <\/p>\n<p><a href=\"#tab-description\">Liste aller Urbex-Standorte auf dieser Karte.<\/a><\/p>","protected":false},"featured_media":58433,"template":"","meta":[],"product_brand":[],"product_cat":[322,1376,325],"product_tag":[],"class_list":{"0":"post-58422","1":"product","2":"type-product","3":"status-publish","4":"has-post-thumbnail","6":"product_cat-location-packs","7":"product_cat-maps-portugal","8":"product_cat-portugal","10":"first","11":"instock","12":"taxable","13":"shipping-taxable","14":"purchasable","15":"product-type-variable"},"jetpack_sharing_enabled":true,"_links":{"self":[{"href":"https:\/\/urbex.direct\/de\/wp-json\/wp\/v2\/product\/58422","targetHints":{"allow":["GET"]}}],"collection":[{"href":"https:\/\/urbex.direct\/de\/wp-json\/wp\/v2\/product"}],"about":[{"href":"https:\/\/urbex.direct\/de\/wp-json\/wp\/v2\/types\/product"}],"wp:featuredmedia":[{"embeddable":true,"href":"https:\/\/urbex.direct\/de\/wp-json\/wp\/v2\/media\/58433"}],"wp:attachment":[{"href":"https:\/\/urbex.direct\/de\/wp-json\/wp\/v2\/media?parent=58422"}],"wp:term":[{"taxonomy":"product_brand","embeddable":true,"href":"https:\/\/urbex.direct\/de\/wp-json\/wp\/v2\/product_brand?post=58422"},{"taxonomy":"product_cat","embeddable":true,"href":"https:\/\/urbex.direct\/de\/wp-json\/wp\/v2\/product_cat?post=58422"},{"taxonomy":"product_tag","embeddable":true,"href":"https:\/\/urbex.direct\/de\/wp-json\/wp\/v2\/product_tag?post=58422"}],"curies":[{"name":"wp","href":"https:\/\/api.w.org\/{rel}","templated":true}]}}