{"id":58200,"date":"2024-09-09T09:44:00","date_gmt":"2024-09-09T08:44:00","guid":{"rendered":"https:\/\/urbex.direct\/product\/a-antiga-instituicao-psiquiatrica-the-old-psychiatric-institution\/"},"modified":"2024-09-04T22:02:41","modified_gmt":"2024-09-04T21:02:41","slug":"a-antiga-instituicao-psiquiatrica-the-old-psychiatric-institution","status":"publish","type":"product","link":"https:\/\/urbex.direct\/de\/product\/a-antiga-instituicao-psiquiatrica-the-old-psychiatric-institution\/","title":{"rendered":"A antiga institui\u00e7\u00e3o psiqui\u00e1trica \/ Die alte psychiatrische Anstalt"},"content":{"rendered":"","protected":false},"excerpt":{"rendered":"","protected":false},"featured_media":58199,"template":"","meta":[],"product_brand":[],"product_cat":[325,328],"product_tag":[],"class_list":{"0":"post-58200","1":"product","2":"type-product","3":"status-publish","4":"has-post-thumbnail","6":"product_cat-portugal","7":"product_cat-viana-do-castelo","9":"first","10":"instock","11":"downloadable","12":"taxable","13":"shipping-taxable","14":"purchasable","15":"product-type-simple"},"jetpack_sharing_enabled":true,"_links":{"self":[{"href":"https:\/\/urbex.direct\/de\/wp-json\/wp\/v2\/product\/58200","targetHints":{"allow":["GET"]}}],"collection":[{"href":"https:\/\/urbex.direct\/de\/wp-json\/wp\/v2\/product"}],"about":[{"href":"https:\/\/urbex.direct\/de\/wp-json\/wp\/v2\/types\/product"}],"wp:featuredmedia":[{"embeddable":true,"href":"https:\/\/urbex.direct\/de\/wp-json\/wp\/v2\/media\/58199"}],"wp:attachment":[{"href":"https:\/\/urbex.direct\/de\/wp-json\/wp\/v2\/media?parent=58200"}],"wp:term":[{"taxonomy":"product_brand","embeddable":true,"href":"https:\/\/urbex.direct\/de\/wp-json\/wp\/v2\/product_brand?post=58200"},{"taxonomy":"product_cat","embeddable":true,"href":"https:\/\/urbex.direct\/de\/wp-json\/wp\/v2\/product_cat?post=58200"},{"taxonomy":"product_tag","embeddable":true,"href":"https:\/\/urbex.direct\/de\/wp-json\/wp\/v2\/product_tag?post=58200"}],"curies":[{"name":"wp","href":"https:\/\/api.w.org\/{rel}","templated":true}]}}