{"id":57995,"date":"2024-08-20T16:07:19","date_gmt":"2024-08-20T15:07:19","guid":{"rendered":"https:\/\/urbex.direct\/?post_type=product&#038;p=57995"},"modified":"2024-08-20T16:14:18","modified_gmt":"2024-08-20T15:14:18","slug":"urbex-karte-frankreich-okzitanien-herault-34-1-jahr-zugang","status":"publish","type":"product","link":"https:\/\/urbex.direct\/de\/product\/urbex-map-france-occitanie-herault-34-1-year-access\/","title":{"rendered":"Urbex Map Frankreich, Occitanie: H\u00e9rault (34) (1 Jahr Zugang)"},"content":{"rendered":"<p>Diese Karte enth\u00e4lt die folgenden Orte:<br><br><ul><li>Sanatorium Michel Peiry<\/li><li>H\u00f6hle Coop\u00e9ratie<\/li><li>Schloss Halabi<\/li><li>Pension Joseph Vacher<\/li><li>Das Haus des Erfinders<\/li><li>Maison Hant\u00e9e<\/li><li>Chateau BN<\/li><li>Usine x Verschmutzung<\/li><li>Die Klaviere des Champs<\/li><li>Alte Nutzfahrzeuge<\/li><li>Zentrum f\u00fcr Bildung<\/li><li>Maison RIP<\/li><li>Usine Hold<\/li><li>Redidence Rose<\/li><li>Herrenhaus de la tour<\/li><li>Fahrzeuge der amerikanischen Polizei<\/li><li>Die Ruinen von Moulin<\/li><li>Geisterstadt 34<\/li><li>Kolonie Lod<\/li><li>Eine weitere Geisterstadt 34<\/li><li>Domaine Espa \/ Le domaine des Fusiliers<\/li><\/ul><\/p>","protected":false},"excerpt":{"rendered":"<p>Auf dieser urbex-Karte finden Sie alle Standorte der urbanen Erkundung (urbex) in<strong> Frankreich, <\/strong><strong>Okzitanien<\/strong><strong>: H\u00e9rault (34).<\/strong> Diese Karte der verlorenen Orte wird mindestens 365 Tage nach dem Kauf aktualisiert und zug\u00e4nglich bleiben.<\/p>\n<p>Diese Karte enth\u00e4lt derzeit 21 der einzigartigsten urbanen Erkundungsorte in Frankreich, Occitanie: H\u00e9rault (34) und ist von \u00fcberall mit unserer einfach zu bedienenden Karte zug\u00e4nglich<strong>.<\/strong> <\/p>\n<p><strong>Wenn Sie dieses Paket bereits besitzen, k\u00f6nnen Sie es \u00fcber <a href=\"\/de\/mein-account\/mitgliederbereich\/43905\/inhalt-meiner-mitgliedschaft\/\">Meine Karten &gt; Ansicht.<\/a><\/strong> <\/p>\n<p><a href=\"#tab-description\">Liste aller Urbex-Standorte auf dieser Karte.<\/a><\/p>","protected":false},"featured_media":57999,"template":"","meta":[],"product_brand":[],"product_cat":[226,1087,236],"product_tag":[],"class_list":{"0":"post-57995","1":"product","2":"type-product","3":"status-publish","4":"has-post-thumbnail","6":"product_cat-france","7":"product_cat-herault-34","8":"product_cat-occitanie","10":"first","11":"instock","12":"taxable","13":"shipping-taxable","14":"purchasable","15":"product-type-simple"},"jetpack_sharing_enabled":true,"_links":{"self":[{"href":"https:\/\/urbex.direct\/de\/wp-json\/wp\/v2\/product\/57995","targetHints":{"allow":["GET"]}}],"collection":[{"href":"https:\/\/urbex.direct\/de\/wp-json\/wp\/v2\/product"}],"about":[{"href":"https:\/\/urbex.direct\/de\/wp-json\/wp\/v2\/types\/product"}],"wp:featuredmedia":[{"embeddable":true,"href":"https:\/\/urbex.direct\/de\/wp-json\/wp\/v2\/media\/57999"}],"wp:attachment":[{"href":"https:\/\/urbex.direct\/de\/wp-json\/wp\/v2\/media?parent=57995"}],"wp:term":[{"taxonomy":"product_brand","embeddable":true,"href":"https:\/\/urbex.direct\/de\/wp-json\/wp\/v2\/product_brand?post=57995"},{"taxonomy":"product_cat","embeddable":true,"href":"https:\/\/urbex.direct\/de\/wp-json\/wp\/v2\/product_cat?post=57995"},{"taxonomy":"product_tag","embeddable":true,"href":"https:\/\/urbex.direct\/de\/wp-json\/wp\/v2\/product_tag?post=57995"}],"curies":[{"name":"wp","href":"https:\/\/api.w.org\/{rel}","templated":true}]}}