{"id":57955,"date":"2024-08-20T14:57:07","date_gmt":"2024-08-20T13:57:07","guid":{"rendered":"https:\/\/urbex.direct\/?post_type=product&#038;p=57955"},"modified":"2024-08-20T15:52:13","modified_gmt":"2024-08-20T14:52:13","slug":"urbex-karte-frankreich-okzitanien-gard-30-1-jahr-zugang","status":"publish","type":"product","link":"https:\/\/urbex.direct\/de\/product\/urbex-map-france-occitanie-gard-30-1-year-access\/","title":{"rendered":"Urbex Karte Frankreich, Occitanie: Gard (30) (1 Jahr Zugang)"},"content":{"rendered":"<p>Diese Karte enth\u00e4lt die folgenden Orte:<\/p>\n\n\n<ul><li>Appartements Castellas<\/li><li>H\u00f4pital Erno Soto<\/li><li>Maison R<\/li><li>Maison Poup\u00e9es Voodoo<\/li><li>Maison des Serpents<\/li><li>Ch\u00e2teau Petit<\/li><li>Hopital Rochelle<\/li><li>Disco Orientalisch<\/li><li>Das Haus der Mine<\/li><li>Die Milit\u00e4rkolonne<\/li><li>Restaurant und Club D<\/li><li>Gare en for\u00eat \/ Waldbahnhof<\/li><li>Der vergessene Kalkofen \/ Le four \u00e0 chaux oubli\u00e9 \/ The Forgotten Lime Kiln<\/li><li>Les anciens thermes dans la for\u00eat \/ Die alte Therme im Wald \/ The Old Therme in the Forest<\/li><li>Ch\u00e2teau de Sauvage<\/li><li>Ruine Argen<\/li><li>Les 3 ruines ensemble \/ Die 3 Ruinen zusammen<\/li><\/ul>","protected":false},"excerpt":{"rendered":"<p>Auf dieser urbex-Karte finden Sie alle Standorte der urbanen Erkundung (urbex) in<strong> Frankreich, <\/strong><strong>Okzitanien<\/strong><strong>: Gard (30).<\/strong> Diese Karte der verlorenen Orte wird mindestens 365 Tage nach dem Kauf aktualisiert und zug\u00e4nglich bleiben. <\/p>\n<p>Diese Karte enth\u00e4lt derzeit 17 der einzigartigsten urbanen Entdeckungsorte in Frankreich, Occitanie: Gard (30) und ist von \u00fcberall aus mit unserer einfach zu bedienenden Karte zug\u00e4nglich<strong>.<\/strong> <\/p>\n<p><strong>Wenn Sie dieses Paket bereits besitzen, k\u00f6nnen Sie es \u00fcber <a href=\"\/de\/mein-account\/mitgliederbereich\/43905\/inhalt-meiner-mitgliedschaft\/\">Meine Karten &gt; Ansicht.<\/a><\/strong> <\/p>\n<p><a href=\"#tab-description\">Liste aller Urbex-Standorte auf dieser Karte.<\/a><\/p>","protected":false},"featured_media":57959,"template":"","meta":[],"product_brand":[],"product_cat":[226,1086,322,1135,1346,236],"product_tag":[],"class_list":{"0":"post-57955","1":"product","2":"type-product","3":"status-publish","4":"has-post-thumbnail","6":"product_cat-france","7":"product_cat-gard-30","8":"product_cat-location-packs","9":"product_cat-maps-france","10":"product_cat-maps-occitanie","11":"product_cat-occitanie","13":"first","14":"instock","15":"taxable","16":"shipping-taxable","17":"purchasable","18":"product-type-simple"},"jetpack_sharing_enabled":true,"_links":{"self":[{"href":"https:\/\/urbex.direct\/de\/wp-json\/wp\/v2\/product\/57955","targetHints":{"allow":["GET"]}}],"collection":[{"href":"https:\/\/urbex.direct\/de\/wp-json\/wp\/v2\/product"}],"about":[{"href":"https:\/\/urbex.direct\/de\/wp-json\/wp\/v2\/types\/product"}],"wp:featuredmedia":[{"embeddable":true,"href":"https:\/\/urbex.direct\/de\/wp-json\/wp\/v2\/media\/57959"}],"wp:attachment":[{"href":"https:\/\/urbex.direct\/de\/wp-json\/wp\/v2\/media?parent=57955"}],"wp:term":[{"taxonomy":"product_brand","embeddable":true,"href":"https:\/\/urbex.direct\/de\/wp-json\/wp\/v2\/product_brand?post=57955"},{"taxonomy":"product_cat","embeddable":true,"href":"https:\/\/urbex.direct\/de\/wp-json\/wp\/v2\/product_cat?post=57955"},{"taxonomy":"product_tag","embeddable":true,"href":"https:\/\/urbex.direct\/de\/wp-json\/wp\/v2\/product_tag?post=57955"}],"curies":[{"name":"wp","href":"https:\/\/api.w.org\/{rel}","templated":true}]}}