{"id":57778,"date":"2024-08-11T10:52:55","date_gmt":"2024-08-11T09:52:55","guid":{"rendered":"https:\/\/urbex.direct\/?post_type=product&#038;p=57778"},"modified":"2024-08-11T11:03:47","modified_gmt":"2024-08-11T10:03:47","slug":"urbex-map-france-centre-val-de-loire-cher-18-1-jahr-zugang","status":"publish","type":"product","link":"https:\/\/urbex.direct\/de\/product\/urbex-map-france-centre-val-de-loire-cher-18-1-year-access\/","title":{"rendered":"Urbex Map Frankreich, Centre-Val de Loire: Cher (18) (1 Jahr Zugang)"},"content":{"rendered":"<p>Diese Karte enth\u00e4lt die folgenden Orte:<\/p>\n<ul><li>Manoir Trinity \/ Schloss Trinity<\/li><li>Schloss der Frauen<\/li><li>Herrenhaus \u00e0 la verri\u00e8re<\/li><li>Studio 101<\/li><li>Chateau Schwarze Muschi<\/li><li>Le couvent des s\u0153urs<\/li><li>Abbaye Roy<\/li><li>Ferme Nummer Eins<\/li><li>Disco Travo<\/li><li>Chateau-Suppe<\/li><li>Usine Poutres<\/li><li>Ch\u00e2teau Blaireau<\/li><li>Ferme-Whisky<\/li><li>Vet\u00e9raner Bauernhof<\/li><li>Maison de la vieille dame<\/li><li>Ecole du Petit G \/ L'\u00e9cole des abus<\/li><li>Maison Mamie<\/li><\/ul>","protected":false},"excerpt":{"rendered":"<p>Auf dieser urbex-Karte finden Sie alle Standorte der urbanen Erkundung (urbex) in<strong> Frankreich, <\/strong><strong>Centre-Val de Loire<\/strong><strong>: Cher (18).<\/strong> Diese Karte der verlorenen Orte wird mindestens 365 Tage nach dem Kauf aktualisiert und zug\u00e4nglich bleiben.<\/p>\n<p>Diese Karte enth\u00e4lt derzeit 17 der einzigartigsten urbanen Entdeckungsorte in Frankreich, Centre-Val de Loire: Cher (18) und ist von \u00fcberall aus mit unserer einfach zu bedienenden Karte zug\u00e4nglich<strong>.<\/strong><\/p>\n<p><strong>Wenn Sie dieses Paket bereits besitzen, k\u00f6nnen Sie es \u00fcber <a href=\"\/de\/mein-account\/mitgliederbereich\/43905\/inhalt-meiner-mitgliedschaft\/\">Meine Karten &gt; Ansicht.<\/a><\/strong><\/p>\n<p><a href=\"#tab-description\">Liste aller Urbex-Standorte auf dieser Karte.<\/a><\/p>","protected":false},"featured_media":57782,"template":"","meta":[],"product_brand":[],"product_cat":[230,1033,226,322,1340,1135],"product_tag":[],"class_list":{"0":"post-57778","1":"product","2":"type-product","3":"status-publish","4":"has-post-thumbnail","6":"product_cat-centre-val-de-loire","7":"product_cat-cher-18","8":"product_cat-france","9":"product_cat-location-packs","10":"product_cat-maps-centre-val-de-loire","11":"product_cat-maps-france","13":"first","14":"instock","15":"taxable","16":"shipping-taxable","17":"purchasable","18":"product-type-simple"},"jetpack_sharing_enabled":true,"_links":{"self":[{"href":"https:\/\/urbex.direct\/de\/wp-json\/wp\/v2\/product\/57778","targetHints":{"allow":["GET"]}}],"collection":[{"href":"https:\/\/urbex.direct\/de\/wp-json\/wp\/v2\/product"}],"about":[{"href":"https:\/\/urbex.direct\/de\/wp-json\/wp\/v2\/types\/product"}],"wp:featuredmedia":[{"embeddable":true,"href":"https:\/\/urbex.direct\/de\/wp-json\/wp\/v2\/media\/57782"}],"wp:attachment":[{"href":"https:\/\/urbex.direct\/de\/wp-json\/wp\/v2\/media?parent=57778"}],"wp:term":[{"taxonomy":"product_brand","embeddable":true,"href":"https:\/\/urbex.direct\/de\/wp-json\/wp\/v2\/product_brand?post=57778"},{"taxonomy":"product_cat","embeddable":true,"href":"https:\/\/urbex.direct\/de\/wp-json\/wp\/v2\/product_cat?post=57778"},{"taxonomy":"product_tag","embeddable":true,"href":"https:\/\/urbex.direct\/de\/wp-json\/wp\/v2\/product_tag?post=57778"}],"curies":[{"name":"wp","href":"https:\/\/api.w.org\/{rel}","templated":true}]}}