{"id":57761,"date":"2024-08-10T16:09:22","date_gmt":"2024-08-10T15:09:22","guid":{"rendered":"https:\/\/urbex.direct\/?post_type=product&#038;p=57761"},"modified":"2024-08-10T16:18:31","modified_gmt":"2024-08-10T15:18:31","slug":"urbex-karte-frankreich-grand-est-meurthe-et-moselle-54-1-jahr-zugang","status":"publish","type":"product","link":"https:\/\/urbex.direct\/de\/product\/urbex-map-france-grand-est-meurthe-et-moselle-54-1-year-access\/","title":{"rendered":"Urbex Map Frankreich, Grand Est: Meurthe-et-Moselle (54) (Zugang f\u00fcr 1 Jahr)"},"content":{"rendered":"<p>Diese Karte enth\u00e4lt die folgenden Orte:<\/p>\n\n\n<ul><li>Ch\u00e2teau Ravinel<\/li><li>Sanatorium Simone Weber<\/li><li>Bunkerstra\u00dfe<\/li><li>Usine Scaf Oner 2.0<\/li><li>Pneus et cendres<\/li><li>Restaurant Chino<\/li><li>Maison Gonzalez<\/li><li>Maison HangMan<\/li><li>Fl\u00fcssige Luftverwendung<\/li><li>Maison Tasche<\/li><li>Maison Houpelle<\/li><li>Maison Herd<\/li><li>Maison du sculpteur<\/li><li>Haus Casper<\/li><li>Maison Turquoise<\/li><li>Maison Binouze<\/li><li>Explodiertes Fort B<\/li><li>Die gro\u00dfe Friedenskaserne<\/li><li>Das miserable Schaf<\/li><li>Gefallener Hochofen \/ HFC<\/li><li>\u00dcberwuchertes B\u00fcro<\/li><li>Regenwiese \/ Regenwiese<\/li><li>Das Herrenhaus von M\u00e9galomane<\/li><li>Fort de Frouard<\/li><li>Bergwerksbetrieb<\/li><li>Usine Gouvy<\/li><li>Maison Crocker<\/li><li>Verr\u00fcckte Farm<\/li><li>Papierfabrik<\/li><\/ul>","protected":false},"excerpt":{"rendered":"<p>Auf dieser urbex-Karte finden Sie alle Standorte der urbanen Erkundung (urbex) in<strong> Frankreich, <\/strong><strong>Grand Est<\/strong><strong>: Meurthe-et-Moselle (54).<\/strong> Diese Karte der verlorenen Orte wird mindestens 365 Tage nach dem Kauf aktualisiert und zug\u00e4nglich bleiben. <\/p>\n<p>Diese Karte enth\u00e4lt derzeit 29 der einzigartigsten urbanen Erkundungsorte in Frankreich, Grand Est: Meurthe-et-Moselle (54) und ist von \u00fcberall aus mit unserer einfach zu bedienenden Karte zug\u00e4nglich<strong>.<\/strong> <\/p>\n<p><strong>Wenn Sie dieses Paket bereits besitzen, k\u00f6nnen Sie es \u00fcber <a href=\"\/de\/mein-account\/mitgliederbereich\/43905\/inhalt-meiner-mitgliedschaft\/\">Meine Karten &gt; Ansicht.<\/a> <\/p>\n<p><a href=\"#tab-description\">Liste aller Urbex-Standorte auf dieser Karte.<\/a> <\/strong><\/p>","protected":false},"featured_media":57766,"template":"","meta":[],"product_brand":[],"product_cat":[226,231,322,1135,1341,1049],"product_tag":[],"class_list":{"0":"post-57761","1":"product","2":"type-product","3":"status-publish","4":"has-post-thumbnail","6":"product_cat-france","7":"product_cat-grand-est","8":"product_cat-location-packs","9":"product_cat-maps-france","10":"product_cat-maps-grand-est","11":"product_cat-meurthe-et-moselle-54","13":"first","14":"instock","15":"virtual","16":"taxable","17":"purchasable","18":"product-type-simple"},"jetpack_sharing_enabled":true,"_links":{"self":[{"href":"https:\/\/urbex.direct\/de\/wp-json\/wp\/v2\/product\/57761","targetHints":{"allow":["GET"]}}],"collection":[{"href":"https:\/\/urbex.direct\/de\/wp-json\/wp\/v2\/product"}],"about":[{"href":"https:\/\/urbex.direct\/de\/wp-json\/wp\/v2\/types\/product"}],"wp:featuredmedia":[{"embeddable":true,"href":"https:\/\/urbex.direct\/de\/wp-json\/wp\/v2\/media\/57766"}],"wp:attachment":[{"href":"https:\/\/urbex.direct\/de\/wp-json\/wp\/v2\/media?parent=57761"}],"wp:term":[{"taxonomy":"product_brand","embeddable":true,"href":"https:\/\/urbex.direct\/de\/wp-json\/wp\/v2\/product_brand?post=57761"},{"taxonomy":"product_cat","embeddable":true,"href":"https:\/\/urbex.direct\/de\/wp-json\/wp\/v2\/product_cat?post=57761"},{"taxonomy":"product_tag","embeddable":true,"href":"https:\/\/urbex.direct\/de\/wp-json\/wp\/v2\/product_tag?post=57761"}],"curies":[{"name":"wp","href":"https:\/\/api.w.org\/{rel}","templated":true}]}}